{"id":427,"date":"2025-08-06T12:16:04","date_gmt":"2025-08-06T10:16:04","guid":{"rendered":"https:\/\/wordpress.nibis.de\/bes\/?page_id=427"},"modified":"2025-08-06T12:16:04","modified_gmt":"2025-08-06T10:16:04","slug":"lernortkooperation-in-der-berufseinstiegsschule","status":"publish","type":"page","link":"https:\/\/wordpress.nibis.de\/bes\/praktikum\/lernortkooperation-in-der-berufseinstiegsschule\/","title":{"rendered":"Lernortkooperation in der Berufseinstiegsschule"},"content":{"rendered":"\n<p>Lernortkooperation ist gekennzeichnet durch die Zusammenarbeit des Lernortes \u201eBerufsbildende Schule\u201c und des Lernortes \u201eBetrieb\u201c. Die Lernortkooperation in der Berufseinstiegsschule zielt im Wesentlichen darauf ab, die Chancen der Sch\u00fclerinnen und Sch\u00fcler auf eine betriebliche Ausbildung deutlich zu erh\u00f6hen.<\/p>\n\n\n\n<p>Die Vorbereitung junger Menschen auf die Arbeitswelt ist nicht nur eine zentrale Aufgabe der Schulen und der Berufsberatung, sondern auch der Wirtschaft und weiterer au\u00dferschulischer Bildungseinrichtungen.<\/p>\n\n\n\n<p>In den EB-BbS (vgl: 4.2.2. EB-BbS) werden f\u00fcr die Berufseinstiegsschule folgende Formen einer Lernortkooperation bestimmt:<\/p>\n\n\n\n<ul class=\"wp-block-list\"><li>Betriebspraktikum und<\/li><li>praktische Ausbildung.<\/li><\/ul>\n\n\n\n<p>Eine praktische Ausbildung kann so gestaltet sein, dass praktische Teile eines Qualifizierungsbausteins in einem Betrieb vermittelt werden. Dies kann zus\u00e4tzlich zum oben beschriebenen Betriebspraktikum stattfinden. Im Rahmen einer Lernortkooperation k\u00f6nnen Betriebe und\/oder au\u00dferschulische Einrichtungen bei der Vermittlung praktischer Inhalte einbezogen werden. Im Gegensatz zum Betriebspraktikum besteht hier f\u00fcr den Betrieb bzw. die au\u00dferschulische Einrichtung die Verpflichtung, mit der Schule abgestimmte Inhalte zu vermitteln und zu bewerten. Dabei bleibt die Verantwortung f\u00fcr die Leistungsbewertung bei der Lehrkraft.<\/p>\n","protected":false},"excerpt":{"rendered":"<p>Lernortkooperation ist gekennzeichnet durch die Zusammenarbeit des Lernortes \u201eBerufsbildende Schule\u201c und des Lernortes \u201eBetrieb\u201c. Die Lernortkooperation in der Berufseinstiegsschule zielt im Wesentlichen darauf ab, die Chancen der Sch\u00fclerinnen und Sch\u00fcler auf eine betriebliche Ausbildung deutlich zu erh\u00f6hen. Die Vorbereitung junger Menschen auf die Arbeitswelt ist nicht nur eine zentrale Aufgabe der Schulen und der Berufsberatung, &hellip; <a href=\"https:\/\/wordpress.nibis.de\/bes\/praktikum\/lernortkooperation-in-der-berufseinstiegsschule\/\" class=\"more-link\"><span class=\"screen-reader-text\">Lernortkooperation in der Berufseinstiegsschule<\/span> weiterlesen <span class=\"meta-nav\">&rarr;<\/span><\/a><\/p>\n","protected":false},"author":9194621,"featured_media":0,"parent":24,"menu_order":1,"comment_status":"closed","ping_status":"closed","template":"","meta":{"footnotes":""},"class_list":["post-427","page","type-page","status-publish","hentry"],"_links":{"self":[{"href":"https:\/\/wordpress.nibis.de\/bes\/wp-json\/wp\/v2\/pages\/427","targetHints":{"allow":["GET"]}}],"collection":[{"href":"https:\/\/wordpress.nibis.de\/bes\/wp-json\/wp\/v2\/pages"}],"about":[{"href":"https:\/\/wordpress.nibis.de\/bes\/wp-json\/wp\/v2\/types\/page"}],"author":[{"embeddable":true,"href":"https:\/\/wordpress.nibis.de\/bes\/wp-json\/wp\/v2\/users\/9194621"}],"replies":[{"embeddable":true,"href":"https:\/\/wordpress.nibis.de\/bes\/wp-json\/wp\/v2\/comments?post=427"}],"version-history":[{"count":1,"href":"https:\/\/wordpress.nibis.de\/bes\/wp-json\/wp\/v2\/pages\/427\/revisions"}],"predecessor-version":[{"id":428,"href":"https:\/\/wordpress.nibis.de\/bes\/wp-json\/wp\/v2\/pages\/427\/revisions\/428"}],"up":[{"embeddable":true,"href":"https:\/\/wordpress.nibis.de\/bes\/wp-json\/wp\/v2\/pages\/24"}],"wp:attachment":[{"href":"https:\/\/wordpress.nibis.de\/bes\/wp-json\/wp\/v2\/media?parent=427"}],"curies":[{"name":"wp","href":"https:\/\/api.w.org\/{rel}","templated":true}]}}