{"id":46,"date":"2025-06-26T14:34:13","date_gmt":"2025-06-26T12:34:13","guid":{"rendered":"https:\/\/wordpress.nibis.de\/bes\/?page_id=46"},"modified":"2025-08-03T22:56:45","modified_gmt":"2025-08-03T20:56:45","slug":"darstellung-der-berufseinstiegsschule","status":"publish","type":"page","link":"https:\/\/wordpress.nibis.de\/bes\/vorbemerkung\/darstellung-der-berufseinstiegsschule\/","title":{"rendered":"Darstellung der Berufseinstiegsschule"},"content":{"rendered":"\n<figure class=\"wp-block-image size-full\"><img loading=\"lazy\" decoding=\"async\" width=\"842\" height=\"631\" src=\"https:\/\/wordpress.nibis.de\/bes\/files\/2025\/08\/2023_06_Uebersich_BES.jpg\" alt=\"Dieses Bild zeigt in einer grafischen \u00dcbersicht die unterschiedlichen M\u00f6glichkeiten in der Berufseinstoegsschule mit Zugangsvoraussetzungen und Anschlussm\u00f6glichkeiten\" class=\"wp-image-103\" srcset=\"https:\/\/wordpress.nibis.de\/bes\/files\/2025\/08\/2023_06_Uebersich_BES.jpg 842w, https:\/\/wordpress.nibis.de\/bes\/files\/2025\/08\/2023_06_Uebersich_BES-300x225.jpg 300w, https:\/\/wordpress.nibis.de\/bes\/files\/2025\/08\/2023_06_Uebersich_BES-768x576.jpg 768w\" sizes=\"auto, (max-width: 842px) 100vw, 842px\" \/><\/figure>\n\n\n\n<p class=\"has-text-align-right\">Stand Juni 2023<\/p>\n","protected":false},"excerpt":{"rendered":"<p>Stand Juni 2023<\/p>\n","protected":false},"author":9194621,"featured_media":0,"parent":18,"menu_order":1,"comment_status":"closed","ping_status":"closed","template":"","meta":{"footnotes":""},"class_list":["post-46","page","type-page","status-publish","hentry"],"_links":{"self":[{"href":"https:\/\/wordpress.nibis.de\/bes\/wp-json\/wp\/v2\/pages\/46","targetHints":{"allow":["GET"]}}],"collection":[{"href":"https:\/\/wordpress.nibis.de\/bes\/wp-json\/wp\/v2\/pages"}],"about":[{"href":"https:\/\/wordpress.nibis.de\/bes\/wp-json\/wp\/v2\/types\/page"}],"author":[{"embeddable":true,"href":"https:\/\/wordpress.nibis.de\/bes\/wp-json\/wp\/v2\/users\/9194621"}],"replies":[{"embeddable":true,"href":"https:\/\/wordpress.nibis.de\/bes\/wp-json\/wp\/v2\/comments?post=46"}],"version-history":[{"count":4,"href":"https:\/\/wordpress.nibis.de\/bes\/wp-json\/wp\/v2\/pages\/46\/revisions"}],"predecessor-version":[{"id":106,"href":"https:\/\/wordpress.nibis.de\/bes\/wp-json\/wp\/v2\/pages\/46\/revisions\/106"}],"up":[{"embeddable":true,"href":"https:\/\/wordpress.nibis.de\/bes\/wp-json\/wp\/v2\/pages\/18"}],"wp:attachment":[{"href":"https:\/\/wordpress.nibis.de\/bes\/wp-json\/wp\/v2\/media?parent=46"}],"curies":[{"name":"wp","href":"https:\/\/api.w.org\/{rel}","templated":true}]}}