{"id":50,"date":"2025-06-26T14:36:06","date_gmt":"2025-06-26T12:36:06","guid":{"rendered":"https:\/\/wordpress.nibis.de\/bes\/?page_id=50"},"modified":"2025-08-03T22:58:10","modified_gmt":"2025-08-03T20:58:10","slug":"aufgaben-und-ziele","status":"publish","type":"page","link":"https:\/\/wordpress.nibis.de\/bes\/vorbemerkung\/aufgaben-und-ziele\/","title":{"rendered":"Aufgaben und Ziele"},"content":{"rendered":"\n<p>In \u00a7 17 des NSchG sind die Aufgaben und Ziele der Berufseinstiegsschule festgelegt.<\/p>\n\n\n\n<p>Die Sch\u00fclerinnen und Sch\u00fcler der Berufseinstiegsschule ben\u00f6tigen Unterst\u00fctzung in ganz unterschiedlichen Bereichen. Sie haben in der Regel noch keinen Hauptschulabschluss und sollen in ihrer Ausbildungsreife gef\u00f6rdert werden.<\/p>\n\n\n\n<p>In der Berufseinstiegsschule sollen diese jungen Menschen die Chance erhalten,<\/p>\n\n\n\n<ul class=\"wp-block-list\"><li>sich in der Berufs-\/Arbeitswelt zu orientieren,<\/li><li>eine positive Perspektive f\u00fcr ihren weiteren Lebensweg zu entwickeln und<\/li><li>ggf. einen Hauptschulabschluss zu erwerben.<\/li><\/ul>\n\n\n\n<p>Die individuelle Unterst\u00fctzung steht hierbei im Vordergrund. Daher bietet die Berufseinstiegsschule zwei unterschiedliche Klassen in Vollzeitform an (Klasse 1 und Klasse 2). In der Klasse 1 wird zieldifferent unterrichtet, um dem besonderen individuellen F\u00f6rderbedarf der Sch\u00fclerinnen und Sch\u00fcler gerecht zu werden.<\/p>\n\n\n\n<p>Zus\u00e4tzlich gibt es M\u00f6glichkeiten \u00fcber eine Einstiegsqualifizierung die Klasse 2 in Teilzeit zu absolvieren. Nur in der Klasse 2, Vollzeit und Teilzeit, ist der Erwerb des Hauptschulabschlusses vorgesehen.<\/p>\n\n\n\n<p>Um neu eingereisten Jugendlichen zwischen 16 und 18, denen vor allem die mangelnden Sprachkenntnisse den Zugang zum Ausbildungs-\/Arbeitsmarkt verwehren, bestm\u00f6gliche Unterst\u00fctzung zu bieten, gibt es die Klasse \u201eSprache und Integration\u201c in Vollzeit.<\/p>\n\n\n\n<p>Erg\u00e4nzt wird dies Angebot durch die Sprach-\/Integrationsklasse in Teilzeit, die ebenfalls mit einer Einstiegsqualifizierung verkn\u00fcpft ist (s. auch Grafik). Das Ziel in der Klasse Sprache\/Integration Teilzeit besteht in der individuellen F\u00f6rderung von Sch\u00fclerinnen und Sch\u00fclern mit Bedarf an Sprachf\u00f6rderung bzw. sonderp\u00e4dagogischer Unterst\u00fctzung.<\/p>\n\n\n\n<p>Ein Wechsel zwischen den Klassen der Berufseinstiegsschule ist (unter bestimmten Voraussetzungen) ebenfalls im Sinne der individuellen F\u00f6rderung m\u00f6glich.<\/p>\n\n\n\n<p>Neben diesen grundlegenden organisatorischen Voraussetzungen, sollen die auf diesen Seiten weiter aufgef\u00fchrten organisatorischen und p\u00e4dagogischen Hinweise eine Unterst\u00fctzung f\u00fcr die Lehrkr\u00e4fte darstellen, die die Sch\u00fclerinnen und Sch\u00fcler der Berufseinstiegsschule, die diese individuelle F\u00f6rderung ben\u00f6tigen, unterrichten.<\/p>\n","protected":false},"excerpt":{"rendered":"<p>In \u00a7 17 des NSchG sind die Aufgaben und Ziele der Berufseinstiegsschule festgelegt. Die Sch\u00fclerinnen und Sch\u00fcler der Berufseinstiegsschule ben\u00f6tigen Unterst\u00fctzung in ganz unterschiedlichen Bereichen. Sie haben in der Regel noch keinen Hauptschulabschluss und sollen in ihrer Ausbildungsreife gef\u00f6rdert werden. In der Berufseinstiegsschule sollen diese jungen Menschen die Chance erhalten, sich in der Berufs-\/Arbeitswelt zu &hellip; <a href=\"https:\/\/wordpress.nibis.de\/bes\/vorbemerkung\/aufgaben-und-ziele\/\" class=\"more-link\"><span class=\"screen-reader-text\">Aufgaben und Ziele<\/span> weiterlesen <span class=\"meta-nav\">&rarr;<\/span><\/a><\/p>\n","protected":false},"author":9194621,"featured_media":0,"parent":18,"menu_order":3,"comment_status":"closed","ping_status":"closed","template":"","meta":{"footnotes":""},"class_list":["post-50","page","type-page","status-publish","hentry"],"_links":{"self":[{"href":"https:\/\/wordpress.nibis.de\/bes\/wp-json\/wp\/v2\/pages\/50","targetHints":{"allow":["GET"]}}],"collection":[{"href":"https:\/\/wordpress.nibis.de\/bes\/wp-json\/wp\/v2\/pages"}],"about":[{"href":"https:\/\/wordpress.nibis.de\/bes\/wp-json\/wp\/v2\/types\/page"}],"author":[{"embeddable":true,"href":"https:\/\/wordpress.nibis.de\/bes\/wp-json\/wp\/v2\/users\/9194621"}],"replies":[{"embeddable":true,"href":"https:\/\/wordpress.nibis.de\/bes\/wp-json\/wp\/v2\/comments?post=50"}],"version-history":[{"count":2,"href":"https:\/\/wordpress.nibis.de\/bes\/wp-json\/wp\/v2\/pages\/50\/revisions"}],"predecessor-version":[{"id":108,"href":"https:\/\/wordpress.nibis.de\/bes\/wp-json\/wp\/v2\/pages\/50\/revisions\/108"}],"up":[{"embeddable":true,"href":"https:\/\/wordpress.nibis.de\/bes\/wp-json\/wp\/v2\/pages\/18"}],"wp:attachment":[{"href":"https:\/\/wordpress.nibis.de\/bes\/wp-json\/wp\/v2\/media?parent=50"}],"curies":[{"name":"wp","href":"https:\/\/api.w.org\/{rel}","templated":true}]}}