{"id":52,"date":"2025-06-26T14:36:36","date_gmt":"2025-06-26T12:36:36","guid":{"rendered":"https:\/\/wordpress.nibis.de\/bes\/?page_id=52"},"modified":"2025-08-03T22:58:59","modified_gmt":"2025-08-03T20:58:59","slug":"rechtliche-grundlagen","status":"publish","type":"page","link":"https:\/\/wordpress.nibis.de\/bes\/vorbemerkung\/rechtliche-grundlagen\/","title":{"rendered":"Rechtliche Grundlagen"},"content":{"rendered":"\n<p>Die Arbeit in der Berufseinstiegsschule ist in besonderem Ma\u00dfe gepr\u00e4gt durch die unterschiedlichen rechtlichen Vorgaben. Die Basis bilden dabei das nieders\u00e4chsische Schulgesetz (NSchG), die Verordnung \u00fcber das berufsbildende Schulwesen (BbS-VO) sowie die erg\u00e4nzenden Bestimmungen f\u00fcr das berufsbildende Schulwesen (EB-BbS).<\/p>\n\n\n\n<p>Auf den folgenden Seiten finden Sie Informationen sowohl zur Organisation der Arbeit in der BES als auch zu weiteren Fragestellungen mit besonderer Relevanz f\u00fcr die Sch\u00fclerinnen und Sch\u00fcler dieser Schulform.<\/p>\n","protected":false},"excerpt":{"rendered":"<p>Die Arbeit in der Berufseinstiegsschule ist in besonderem Ma\u00dfe gepr\u00e4gt durch die unterschiedlichen rechtlichen Vorgaben. Die Basis bilden dabei das nieders\u00e4chsische Schulgesetz (NSchG), die Verordnung \u00fcber das berufsbildende Schulwesen (BbS-VO) sowie die erg\u00e4nzenden Bestimmungen f\u00fcr das berufsbildende Schulwesen (EB-BbS). Auf den folgenden Seiten finden Sie Informationen sowohl zur Organisation der Arbeit in der BES als &hellip; <a href=\"https:\/\/wordpress.nibis.de\/bes\/vorbemerkung\/rechtliche-grundlagen\/\" class=\"more-link\"><span class=\"screen-reader-text\">Rechtliche Grundlagen<\/span> weiterlesen <span class=\"meta-nav\">&rarr;<\/span><\/a><\/p>\n","protected":false},"author":9194621,"featured_media":0,"parent":18,"menu_order":4,"comment_status":"closed","ping_status":"closed","template":"","meta":{"footnotes":""},"class_list":["post-52","page","type-page","status-publish","hentry"],"_links":{"self":[{"href":"https:\/\/wordpress.nibis.de\/bes\/wp-json\/wp\/v2\/pages\/52","targetHints":{"allow":["GET"]}}],"collection":[{"href":"https:\/\/wordpress.nibis.de\/bes\/wp-json\/wp\/v2\/pages"}],"about":[{"href":"https:\/\/wordpress.nibis.de\/bes\/wp-json\/wp\/v2\/types\/page"}],"author":[{"embeddable":true,"href":"https:\/\/wordpress.nibis.de\/bes\/wp-json\/wp\/v2\/users\/9194621"}],"replies":[{"embeddable":true,"href":"https:\/\/wordpress.nibis.de\/bes\/wp-json\/wp\/v2\/comments?post=52"}],"version-history":[{"count":2,"href":"https:\/\/wordpress.nibis.de\/bes\/wp-json\/wp\/v2\/pages\/52\/revisions"}],"predecessor-version":[{"id":109,"href":"https:\/\/wordpress.nibis.de\/bes\/wp-json\/wp\/v2\/pages\/52\/revisions\/109"}],"up":[{"embeddable":true,"href":"https:\/\/wordpress.nibis.de\/bes\/wp-json\/wp\/v2\/pages\/18"}],"wp:attachment":[{"href":"https:\/\/wordpress.nibis.de\/bes\/wp-json\/wp\/v2\/media?parent=52"}],"curies":[{"name":"wp","href":"https:\/\/api.w.org\/{rel}","templated":true}]}}