{"id":54,"date":"2025-06-26T14:37:05","date_gmt":"2025-06-26T12:37:05","guid":{"rendered":"https:\/\/wordpress.nibis.de\/bes\/?page_id=54"},"modified":"2025-08-03T23:07:06","modified_gmt":"2025-08-03T21:07:06","slug":"impressum","status":"publish","type":"page","link":"https:\/\/wordpress.nibis.de\/bes\/vorbemerkung\/impressum\/","title":{"rendered":"Impressum"},"content":{"rendered":"\n<p>Die vorliegenden Online-Materialien f\u00fcr die Berufseinstiegsschule sind im Rahmen der Arbeit einer Kommission von Lehrkr\u00e4ften nieders\u00e4chsischer Schulen im Auftrag des nieders\u00e4chsischen Kultusministeriums im Zeitraum Februar 2021 und Juli 2022 entstanden.<\/p>\n\n\n\n<p>Sie sollen den an dieser Schulform unterrichtenenden Lehrkr\u00e4ften als Hilfe bei der schulorganisatorischen und unterrichtlichen Arbeit dienen und werden auf Basis von Fortbildungen und weiteren Ma\u00dfnahmen sowie anl\u00e4sslich von schul- und sonstigen rechtlichen Ver\u00e4nderungen in regelm\u00e4\u00dfigen Abst\u00e4nden aktualisiert.<\/p>\n\n\n\n<h2 class=\"wp-block-heading\">Mitwirkende<\/h2>\n\n\n\n<p>An der Erarbeitung der Materialie haben folgende Lehrkr\u00e4fte des berufsbildenden Schulwesens mitgewirkt:<\/p>\n\n\n\n<p>Dahnke, Tobias, Goslar<br>Doberstein, Almut, Hannover (Kommissionsleitung)<br>Gr\u00fcnig, Cornelia, Winsen (Luhe)<br>Mennecke, Olga, Hannover<br>M\u00f6sche, Sandra, Buxtehude<br>Reinhardt, Maria-Isabel, Northeim<br>Weiler, Tobias, Osnabr\u00fcck<br>Zumbr\u00e4gel, Ulf, Osnabr\u00fcck<\/p>\n\n\n\n<p>Als Vertreter des Landesschulbeirates:<br>Staszak, Michael, G\u00f6ttingen<\/p>\n\n\n\n<p>Als Vertreter des Nieders\u00e4chsischen Landesinstituts f\u00fcr schulische Qualit\u00e4tsentwicklung (NLQ):<br>Velbinger, Jan, Hildesheim<\/p>\n\n\n\n<p>Als Vertreter des Nieders\u00e4chsischen Kultusministeriums (MK):<br>Keuneke, Markus, Hannover<\/p>\n\n\n\n<h2 class=\"wp-block-heading\">Herausgeber<\/h2>\n\n\n\n<p>Nieders\u00e4chsisches Kultusministerium<br>Hans-B\u00f6ckler-Allee 5, 30173 Hannover<br>Postfach 161, 30001 Hannover<\/p>\n","protected":false},"excerpt":{"rendered":"<p>Die vorliegenden Online-Materialien f\u00fcr die Berufseinstiegsschule sind im Rahmen der Arbeit einer Kommission von Lehrkr\u00e4ften nieders\u00e4chsischer Schulen im Auftrag des nieders\u00e4chsischen Kultusministeriums im Zeitraum Februar 2021 und Juli 2022 entstanden. Sie sollen den an dieser Schulform unterrichtenenden Lehrkr\u00e4ften als Hilfe bei der schulorganisatorischen und unterrichtlichen Arbeit dienen und werden auf Basis von Fortbildungen und weiteren &hellip; <a href=\"https:\/\/wordpress.nibis.de\/bes\/vorbemerkung\/impressum\/\" class=\"more-link\"><span class=\"screen-reader-text\">Impressum<\/span> weiterlesen <span class=\"meta-nav\">&rarr;<\/span><\/a><\/p>\n","protected":false},"author":9194621,"featured_media":0,"parent":18,"menu_order":5,"comment_status":"closed","ping_status":"closed","template":"","meta":{"footnotes":""},"class_list":["post-54","page","type-page","status-publish","hentry"],"_links":{"self":[{"href":"https:\/\/wordpress.nibis.de\/bes\/wp-json\/wp\/v2\/pages\/54","targetHints":{"allow":["GET"]}}],"collection":[{"href":"https:\/\/wordpress.nibis.de\/bes\/wp-json\/wp\/v2\/pages"}],"about":[{"href":"https:\/\/wordpress.nibis.de\/bes\/wp-json\/wp\/v2\/types\/page"}],"author":[{"embeddable":true,"href":"https:\/\/wordpress.nibis.de\/bes\/wp-json\/wp\/v2\/users\/9194621"}],"replies":[{"embeddable":true,"href":"https:\/\/wordpress.nibis.de\/bes\/wp-json\/wp\/v2\/comments?post=54"}],"version-history":[{"count":3,"href":"https:\/\/wordpress.nibis.de\/bes\/wp-json\/wp\/v2\/pages\/54\/revisions"}],"predecessor-version":[{"id":115,"href":"https:\/\/wordpress.nibis.de\/bes\/wp-json\/wp\/v2\/pages\/54\/revisions\/115"}],"up":[{"embeddable":true,"href":"https:\/\/wordpress.nibis.de\/bes\/wp-json\/wp\/v2\/pages\/18"}],"wp:attachment":[{"href":"https:\/\/wordpress.nibis.de\/bes\/wp-json\/wp\/v2\/media?parent=54"}],"curies":[{"name":"wp","href":"https:\/\/api.w.org\/{rel}","templated":true}]}}