{"id":63,"date":"2025-06-26T14:41:56","date_gmt":"2025-06-26T12:41:56","guid":{"rendered":"https:\/\/wordpress.nibis.de\/bes\/?page_id=63"},"modified":"2025-08-05T10:55:47","modified_gmt":"2025-08-05T08:55:47","slug":"erlasse","status":"publish","type":"page","link":"https:\/\/wordpress.nibis.de\/bes\/vorbemerkung\/rechtliche-grundlagen\/erlasse\/","title":{"rendered":"Erlasse"},"content":{"rendered":"\n<div class=\"wp-block-file\"><a id=\"wp-block-file--media-033708bf-c25d-45ff-826e-3b04b9237c10\" href=\"https:\/\/wordpress.nibis.de\/bes\/files\/2025\/08\/Vereinfachtes_Genehmigungsverfahren_BES.pdf\" target=\"_blank\" rel=\"noreferrer noopener\">Vereinfachtes Genehmigungsverfahren f\u00fcr die Berufseinstiegsschule, 06.10.2020<\/a><\/div>\n\n\n\n<hr class=\"wp-block-separator is-style-wide\" \/>\n\n\n\n<div class=\"wp-block-file\"><a id=\"wp-block-file--media-b854dc8b-3592-4aa8-83e3-2d63b5e1510b\" href=\"https:\/\/wordpress.nibis.de\/bes\/files\/2025\/08\/Information_BES.pdf\" target=\"_blank\" rel=\"noreferrer noopener\">Informationen zur BES, 12.11.2020<\/a><\/div>\n\n\n\n<hr class=\"wp-block-separator is-style-wide\" \/>\n\n\n\n<div class=\"wp-block-file\"><a id=\"wp-block-file--media-5e0e202f-c0e6-46f0-a3b4-6c0d343d7c3c\" href=\"https:\/\/wordpress.nibis.de\/bes\/files\/2025\/08\/Erlass_Zeugnisse_in_der_BES_SuS_GE.pdf\" target=\"_blank\" rel=\"noreferrer noopener\">Erlass zur Leistungsbewertung bzw. den Zeugnissen f\u00fcr SuS in der BES<br>mit Bedarf an sonderp\u00e4dagogischer Unterst\u00fctzung im F\u00f6rderschwerpunkt<br>Geistige Entwicklung, 08.01.2021<\/a><\/div>\n\n\n\n<hr class=\"wp-block-separator is-style-wide\" \/>\n\n\n\n<div class=\"wp-block-file\"><a id=\"wp-block-file--media-2b6d9989-5c56-422a-b17c-9477a74ab0bb\" href=\"https:\/\/wordpress.nibis.de\/bes\/files\/2025\/08\/Feststellung_sonderpaedagogischer_Foerderbedarf.pdf\" target=\"_blank\" rel=\"noreferrer noopener\">Erlass zur Feststellung des Bedarfs an sonderp\u00e4dagogischer Unterst\u00fctzung, 02.07.2021<\/a><\/div>\n\n\n\n<hr class=\"wp-block-separator is-style-wide\" \/>\n\n\n\n<div class=\"wp-block-file\"><a id=\"wp-block-file--media-3c8c37eb-0726-4d43-8a59-5d20ab244932\" href=\"https:\/\/wordpress.nibis.de\/bes\/files\/2025\/08\/Kenntnispruefung_Aufnahme_gefluechteter_Menschen.pdf\" target=\"_blank\" rel=\"noreferrer noopener\">Kenntnispr\u00fcfung bei Aufnahme gefl\u00fcchteter Menschen, 21.03.2022<\/a><\/div>\n\n\n\n<hr class=\"wp-block-separator is-style-wide\" \/>\n\n\n\n<div class=\"wp-block-file\"><a id=\"wp-block-file--media-e3d4af0e-c2c8-451b-8e5a-49e93e543c4e\" href=\"https:\/\/wordpress.nibis.de\/bes\/files\/2025\/08\/Schulfahrten.pdf\" target=\"_blank\" rel=\"noreferrer noopener\">Erlass Schulfahrten, 01.01.2023<\/a><\/div>\n\n\n\n<hr class=\"wp-block-separator is-style-wide\" \/>\n\n\n\n<div class=\"wp-block-file\"><a id=\"wp-block-file--media-4266b205-08f4-4969-98f4-b8d5f399b01e\" href=\"https:\/\/wordpress.nibis.de\/bes\/files\/2025\/08\/Srache_Integration_Teilzeit.pdf\" target=\"_blank\" rel=\"noreferrer noopener\">Vorgriffsregelung Unterrichtsbegleitendes Betriebspraktikum in der BES &#8211; Klasse Sprache \/ Integration in Teilzeitform, 07.06.2023<\/a><\/div>\n\n\n\n<hr class=\"wp-block-separator is-style-wide\" \/>\n\n\n\n<div class=\"wp-block-file\"><a id=\"wp-block-file--media-8d413506-a4c4-48d8-95cc-2ed3d614e4f7\" href=\"https:\/\/wordpress.nibis.de\/bes\/files\/2025\/08\/Schulische_Foerderung_DaZ_DaB.pdf\" target=\"_blank\" rel=\"noreferrer noopener\">Schulische F\u00f6rderung von Deutsch als Zweit- und Bildungssprache (DaZ \/ DaB), 01.12.2023<\/a><\/div>\n","protected":false},"excerpt":{"rendered":"","protected":false},"author":9194621,"featured_media":0,"parent":52,"menu_order":2,"comment_status":"closed","ping_status":"closed","template":"","meta":{"footnotes":""},"class_list":["post-63","page","type-page","status-publish","hentry"],"_links":{"self":[{"href":"https:\/\/wordpress.nibis.de\/bes\/wp-json\/wp\/v2\/pages\/63","targetHints":{"allow":["GET"]}}],"collection":[{"href":"https:\/\/wordpress.nibis.de\/bes\/wp-json\/wp\/v2\/pages"}],"about":[{"href":"https:\/\/wordpress.nibis.de\/bes\/wp-json\/wp\/v2\/types\/page"}],"author":[{"embeddable":true,"href":"https:\/\/wordpress.nibis.de\/bes\/wp-json\/wp\/v2\/users\/9194621"}],"replies":[{"embeddable":true,"href":"https:\/\/wordpress.nibis.de\/bes\/wp-json\/wp\/v2\/comments?post=63"}],"version-history":[{"count":8,"href":"https:\/\/wordpress.nibis.de\/bes\/wp-json\/wp\/v2\/pages\/63\/revisions"}],"predecessor-version":[{"id":129,"href":"https:\/\/wordpress.nibis.de\/bes\/wp-json\/wp\/v2\/pages\/63\/revisions\/129"}],"up":[{"embeddable":true,"href":"https:\/\/wordpress.nibis.de\/bes\/wp-json\/wp\/v2\/pages\/52"}],"wp:attachment":[{"href":"https:\/\/wordpress.nibis.de\/bes\/wp-json\/wp\/v2\/media?parent=63"}],"curies":[{"name":"wp","href":"https:\/\/api.w.org\/{rel}","templated":true}]}}