{"id":65,"date":"2025-06-26T14:42:33","date_gmt":"2025-06-26T12:42:33","guid":{"rendered":"https:\/\/wordpress.nibis.de\/bes\/?page_id=65"},"modified":"2025-08-03T23:05:15","modified_gmt":"2025-08-03T21:05:15","slug":"schulpflicht","status":"publish","type":"page","link":"https:\/\/wordpress.nibis.de\/bes\/vorbemerkung\/rechtliche-grundlagen\/schulpflicht\/","title":{"rendered":"Schulpflicht"},"content":{"rendered":"\n<h2 class=\"wp-block-heading\">Allgemeines<\/h2>\n\n\n\n<p>&#8222;Wer in Niedersachsen seinen Wohnsitz, seinen gew\u00f6hnlichen Aufenthalt oder seine Ausbildungs- oder Arbeitsst\u00e4tte hat [&#8230;], ist [&#8230;] zum Schulbesuch verpflichtet.&#8220; (vgl. NSchG \u00a7 63 Abs. 1)<\/p>\n\n\n\n<h2 class=\"wp-block-heading\">Schulpflicht an den Berufsbildenden Schulen<\/h2>\n\n\n\n<p>An den berufsbildenden Schulen wird die Schulpflicht erf\u00fcllt, indem entweder<\/p>\n\n\n\n<ul class=\"wp-block-list\"><li>ein Ausbildungsverh\u00e4ltnis besteht (Berufsschulbesuch) oder<\/li><li>die Berufsfachschule oder<\/li><li>die Berufseinstiegsschule (Klasse 1 oder Klasse 2) besucht oder<\/li><li>eine einzelfallbezogene F\u00f6rderung durchgef\u00fchrt wird, z. B. in einer Jugendwerkstatt (vgl. NSchG \u00a7 69 Abs. 4).<\/li><\/ul>\n\n\n\n<p>F\u00fcr Sch\u00fclerinnen und Sch\u00fcler mit besonderen Beeintr\u00e4chtigungen, die in den Berufsbildungsbereich einer \u201eWerkstatt f\u00fcr behinderte Menschen\u201c \u00fcbergehen oder in geeignete au\u00dferschulische Einrichtungen einm\u00fcnden, gelten hiervon abweichende Regelungen der Schulpflichterf\u00fcllung (vgl. NSchG \u00a7 67 Abs. 4).<\/p>\n\n\n\n<h2 class=\"wp-block-heading\">Dauer und Ende der Schulpflicht<\/h2>\n\n\n\n<p>&#8222;Die Schulpflicht endet grunds\u00e4tzlich zw\u00f6lf Jahre nach ihrem Beginn.&#8220; (vgl. NSchG \u00a7 65, Abs. 1)<\/p>\n\n\n\n<h2 class=\"wp-block-heading\">Ende der Schulpflicht in besonderen F\u00e4llen<\/h2>\n\n\n\n<p>&#8222;Die Schulpflicht endet f\u00fcr Schulpflichtige [&#8230;] die mindestens ein Jahr lang eine berufsbildende Schule mit Vollzeitunterricht, [&#8230;], eine Jugendwerkstatt oder eine au\u00dferschulische Einrichtung nach \u00a7 69 Abs. 4 besucht haben [&#8230;].&#8220; (vgl. NSchG \u00a7 70 Abs. 6)<\/p>\n\n\n\n<h2 class=\"wp-block-heading\">Schulpflicht im Primar- und Sekundarbereich<\/h2>\n\n\n\n<p>\u201eAlle Schulpflichtigen besuchen mindestens neun Jahre lang Schulen im Primarbereich und im Sekundarbereich I; [&#8230;]\u201c (vgl. NSchG \u00a7 66).<br>D. h. unabh\u00e4ngig davon, ob sich eine Sch\u00fclerin oder ein Sch\u00fcler in der 9., 8., 7. oder 6. Klasse befindet, kann nach neun Schulbesuchsjahren ein Wechsel in die Berufseinstiegsschule erfolgen.<\/p>\n","protected":false},"excerpt":{"rendered":"<p>Allgemeines &#8222;Wer in Niedersachsen seinen Wohnsitz, seinen gew\u00f6hnlichen Aufenthalt oder seine Ausbildungs- oder Arbeitsst\u00e4tte hat [&#8230;], ist [&#8230;] zum Schulbesuch verpflichtet.&#8220; (vgl. NSchG \u00a7 63 Abs. 1) Schulpflicht an den Berufsbildenden Schulen An den berufsbildenden Schulen wird die Schulpflicht erf\u00fcllt, indem entweder ein Ausbildungsverh\u00e4ltnis besteht (Berufsschulbesuch) oder die Berufsfachschule oder die Berufseinstiegsschule (Klasse 1 oder &hellip; <a href=\"https:\/\/wordpress.nibis.de\/bes\/vorbemerkung\/rechtliche-grundlagen\/schulpflicht\/\" class=\"more-link\"><span class=\"screen-reader-text\">Schulpflicht<\/span> weiterlesen <span class=\"meta-nav\">&rarr;<\/span><\/a><\/p>\n","protected":false},"author":9194621,"featured_media":0,"parent":52,"menu_order":3,"comment_status":"closed","ping_status":"closed","template":"","meta":{"footnotes":""},"class_list":["post-65","page","type-page","status-publish","hentry"],"_links":{"self":[{"href":"https:\/\/wordpress.nibis.de\/bes\/wp-json\/wp\/v2\/pages\/65","targetHints":{"allow":["GET"]}}],"collection":[{"href":"https:\/\/wordpress.nibis.de\/bes\/wp-json\/wp\/v2\/pages"}],"about":[{"href":"https:\/\/wordpress.nibis.de\/bes\/wp-json\/wp\/v2\/types\/page"}],"author":[{"embeddable":true,"href":"https:\/\/wordpress.nibis.de\/bes\/wp-json\/wp\/v2\/users\/9194621"}],"replies":[{"embeddable":true,"href":"https:\/\/wordpress.nibis.de\/bes\/wp-json\/wp\/v2\/comments?post=65"}],"version-history":[{"count":3,"href":"https:\/\/wordpress.nibis.de\/bes\/wp-json\/wp\/v2\/pages\/65\/revisions"}],"predecessor-version":[{"id":113,"href":"https:\/\/wordpress.nibis.de\/bes\/wp-json\/wp\/v2\/pages\/65\/revisions\/113"}],"up":[{"embeddable":true,"href":"https:\/\/wordpress.nibis.de\/bes\/wp-json\/wp\/v2\/pages\/52"}],"wp:attachment":[{"href":"https:\/\/wordpress.nibis.de\/bes\/wp-json\/wp\/v2\/media?parent=65"}],"curies":[{"name":"wp","href":"https:\/\/api.w.org\/{rel}","templated":true}]}}