{"id":1008,"date":"2022-09-24T15:50:02","date_gmt":"2022-09-24T13:50:02","guid":{"rendered":"https:\/\/wordpress.nibis.de\/bgs\/?page_id=1008"},"modified":"2022-09-26T16:07:38","modified_gmt":"2022-09-26T14:07:38","slug":"kennenlernfest-der-bgs","status":"publish","type":"page","link":"https:\/\/wordpress.nibis.de\/bgs\/kennenlernfest-der-bgs\/","title":{"rendered":"Kennenlernfest der BGS"},"content":{"rendered":"\n<p>Kennenlernfest&nbsp; &#8211; was ist das eigentlich? Das letzte Kennenlernfest ist schon so lange her, dass viele Kinder unserer Schule gar nicht wissen, was das eigentlich ist. Immer wieder konnte es coronabedingt nicht stattfinden. Aber am 24.09.2022 war es endlich wieder so weit, die Br\u00fcder-Grimm Schule in Letter feierte ihr Kennenlernfest. Aufgrund des Regens konnte es nicht wie geplant auf dem Au\u00dfengel\u00e4nde der Schule stattfinden, sondern wurde in das Schulgeb\u00e4ude verlagert. Aber das tat der Freude, dem Spa\u00df und den vielen sch\u00f6nen Begegnungen keinen Abbruch &#8211; die St\u00e4nde wurden einfach in den Klassenr\u00e4umen aufgebaut und es wurden Schilder und Luftballons aufgeh\u00e4ngt, damit auch alles gefunden werden konnte.<\/p>\n<p>Es herrschte ein reges Treiben. Viele fr\u00f6hliche Kinder schlenderten mit Eltern und Freunden von Raum zu Raum, um die verschiedensten Spiele und Bastelaktionen mitzumachen.<\/p>\n\n\n\n<div class=\"wp-block-columns is-layout-flex wp-container-core-columns-is-layout-abceabcf wp-block-columns-is-layout-flex\">\n<div class=\"wp-block-column is-layout-flow wp-block-column-is-layout-flow\" style=\"--col-width:66.66%;flex-basis:66.66%\">\n<figure class=\"wp-block-image size-full\"><img loading=\"lazy\" decoding=\"async\" width=\"600\" height=\"600\" src=\"https:\/\/wordpress.nibis.de\/bgs\/files\/2022\/09\/Gluecksrad-Rotekreuz-und-Erbsen.jpg\" alt=\"\" class=\"wp-image-1011\" \/><\/figure>\n<\/div>\n\n\n\n<div class=\"wp-block-column is-layout-flow wp-block-column-is-layout-flow\" style=\"--col-width:33.33%;flex-basis:33.33%\">\n<p>Es konnte am Gl\u00fccksrad gedreht werden.<\/p>\n<p>Beim &#8222;Erbsen-Kicker&#8220; konnte man seine Reaktionsschnelligkeit unter Beweis stellen.<\/p>\n<p>Das Rote Kreuz hat die Kinder mit einem Spiel und tollen Preisen erfreut.<\/p>\n<\/div>\n<\/div>\n\n\n\n<div class=\"wp-block-columns is-layout-flex wp-container-core-columns-is-layout-abceabcf wp-block-columns-is-layout-flex\">\n<div class=\"wp-block-column is-layout-flow wp-block-column-is-layout-flow\" style=\"--col-width:33.33%;flex-basis:33.33%\">\n<p>Die Geschicklichkeit mit der Kugel war beim Kegeln gefragt.<\/p>\n<p>Beim Pinguin-Biathlon war ebenfalls&nbsp; Geschicklichkeit, aber auch Schnelligkeit gefordert.<\/p>\n<p>Kreativ werden konnte man bei der Herstellung eigener Buttons. Es gab zwei verschiedene Gr\u00f6\u00dfen und allerlei Materialien zum Anmalen und Bekleben.<\/p>\n<\/div>\n\n\n\n<div class=\"wp-block-column is-layout-flow wp-block-column-is-layout-flow\" style=\"--col-width:66.66%;flex-basis:66.66%\">\n<figure class=\"wp-block-image size-full\"><img loading=\"lazy\" decoding=\"async\" width=\"600\" height=\"600\" src=\"https:\/\/wordpress.nibis.de\/bgs\/files\/2022\/09\/Button-Pinguinbiathlon-und-Kegeln.jpg\" alt=\"\" class=\"wp-image-1009\" \/><\/figure>\n<\/div>\n<\/div>\n\n\n\n<div class=\"wp-block-image\"><figure class=\"aligncenter size-full is-resized\"><img loading=\"lazy\" decoding=\"async\" src=\"https:\/\/wordpress.nibis.de\/bgs\/files\/2022\/09\/Karate.jpg\" alt=\"\" class=\"wp-image-1012\" width=\"725\" height=\"725\" \/><\/figure><\/div>\n\n\n\n\n\n<p>Der Karate-Club Seelze e. V. bot beeindruckende Vorstellungen und lud zum Ausprobieren ein.<\/p>\n\n\n\n<div class=\"wp-block-columns is-layout-flex wp-container-core-columns-is-layout-abceabcf wp-block-columns-is-layout-flex\">\n<div class=\"wp-block-column is-layout-flow wp-block-column-is-layout-flow\" style=\"--col-width:66.66%;flex-basis:66.66%\">\n<figure class=\"wp-block-image size-full\"><img loading=\"lazy\" decoding=\"async\" width=\"600\" height=\"600\" src=\"https:\/\/wordpress.nibis.de\/bgs\/files\/2022\/09\/Essen-Trinken.jpg\" alt=\"\" class=\"wp-image-1010\" \/><\/figure>\n<\/div>\n\n\n\n<div class=\"wp-block-column is-layout-flow wp-block-column-is-layout-flow\" style=\"--col-width:33.33%;flex-basis:33.33%\">\n<p>F\u00fcr das leibliche Wohl wurde nat\u00fcrlich auch gesorgt. Es gab verschiedene kalte Getr\u00e4nke und selbstverst\u00e4ndlich auch Kaffee. Ein riesengro\u00dfes Kuchenbuffet bot eine fulminante Auswahl s\u00fc\u00dfer K\u00f6stlichkeiten. Bei so viel Auswahl konnte man sich kaum entscheiden&#8230;. lecker!<\/p>\n<p>F\u00fcr Liebhaber von herzhaften Speisen war der Grillstand der richtige Anlaufpunkt. Gl\u00fccklicherweise lie\u00df der Regen nach, sodass man sowohl in der Mensa als auch auf der Terrasse speisen konnte.<\/p>\n<\/div>\n<\/div>\n\n\n\n<div class=\"wp-block-columns is-layout-flex wp-container-core-columns-is-layout-abceabcf wp-block-columns-is-layout-flex\">\n<div class=\"wp-block-column is-layout-flow wp-block-column-is-layout-flow\" style=\"--col-width:33.33%;flex-basis:33.33%\">\n<p>Auch die Musikschule Seelze war vertreten. Bereits auf dem Weg zum Raum konnte man wohlklingender Gitarrenmusik lauschen. Die Kinder konnten viele Instrumente kennen lernen und ausprobieren. Das war super.<\/p>\n<\/div>\n\n\n\n<div class=\"wp-block-column is-layout-flow wp-block-column-is-layout-flow\" style=\"--col-width:66.66%;flex-basis:66.66%\">\n<div class=\"wp-block-image\"><figure class=\"aligncenter size-full\"><img loading=\"lazy\" decoding=\"async\" width=\"700\" height=\"500\" src=\"https:\/\/wordpress.nibis.de\/bgs\/files\/2022\/09\/Musikschule.jpg\" alt=\"\" class=\"wp-image-1033\" srcset=\"https:\/\/wordpress.nibis.de\/bgs\/files\/2022\/09\/Musikschule.jpg 700w, https:\/\/wordpress.nibis.de\/bgs\/files\/2022\/09\/Musikschule-120x85.jpg 120w\" sizes=\"auto, (max-width: 700px) 100vw, 700px\" \/><\/figure><\/div>\n<\/div>\n<\/div>\n\n\n\n<p>Zum Mitmachen lud der SG Letter 05 in der Turnhalle ein. Dort konnten die Kinder beim Tischtennis, auf Matten und an der Reckstange ihre F\u00e4higkeiten unter Beweis stellen.<\/p>\n<p>Es wurden auch Lose verkauft. Die Gewinne waren so gro\u00dfartig, dass die Lose leider in k\u00fcrzester Zeit ausverkauft waren.<\/p>\n<p>Die Feuerwehr kam mit einem Einsatzfahrzeug auf den Schulhof gefahren und alle Interessierten durften es sich ganz genau anschauen. Das war ganz sch\u00f6n aufregend.<\/p>\n\n\n\n<div class=\"wp-block-image\"><figure class=\"aligncenter size-full is-resized\"><img loading=\"lazy\" decoding=\"async\" src=\"https:\/\/wordpress.nibis.de\/bgs\/files\/2022\/09\/Mensa.jpg\" alt=\"\" class=\"wp-image-1013\" width=\"793\" height=\"793\" \/><\/figure><\/div>\n\n\n\n<p>Es war ein sch\u00f6ner Vormittag. Vielen Dank an alle Beteiligten! Ganz besonderer Dank gilt dem F\u00f6rderverein der BGS. Frau Mell und Herr Sievers (Vorsitzende\/r F\u00f6rderverein) haben gemeinsam mit Frau Gogolin (Vorsitzende SER) viel Eigeninitiative und Engagement gezeigt. Sie haben die Gewinne f\u00fcr die Tombola und die Pavillons f\u00fcr den Au\u00dfenbereich organisiert, externe Anbieter hinzugezogen und Getr\u00e4nke, Bratw\u00fcrstchen us.w. eingekauft. Auch der Verkauf der Essensmarken wurde durch sie organisiert und noch vieles mehr. Vielen Dank!!! Ohne Sie und die vielen anderen engagierten Eltern w\u00e4re dieser wunderbare Vormittag nicht m\u00f6glich gewesen.\u00a0<\/p>\n","protected":false},"excerpt":{"rendered":"<p>Kennenlernfest&nbsp; &#8211; was ist das eigentlich? Das letzte Kennenlernfest ist schon so lange her, dass viele Kinder unserer Schule gar nicht wissen, was das eigentlich &hellip; <\/p>\n","protected":false},"author":9193915,"featured_media":0,"parent":0,"menu_order":0,"comment_status":"closed","ping_status":"closed","template":"","meta":{"footnotes":""},"class_list":["post-1008","page","type-page","status-publish","hentry"],"_links":{"self":[{"href":"https:\/\/wordpress.nibis.de\/bgs\/wp-json\/wp\/v2\/pages\/1008","targetHints":{"allow":["GET"]}}],"collection":[{"href":"https:\/\/wordpress.nibis.de\/bgs\/wp-json\/wp\/v2\/pages"}],"about":[{"href":"https:\/\/wordpress.nibis.de\/bgs\/wp-json\/wp\/v2\/types\/page"}],"author":[{"embeddable":true,"href":"https:\/\/wordpress.nibis.de\/bgs\/wp-json\/wp\/v2\/users\/9193915"}],"replies":[{"embeddable":true,"href":"https:\/\/wordpress.nibis.de\/bgs\/wp-json\/wp\/v2\/comments?post=1008"}],"version-history":[{"count":9,"href":"https:\/\/wordpress.nibis.de\/bgs\/wp-json\/wp\/v2\/pages\/1008\/revisions"}],"predecessor-version":[{"id":1034,"href":"https:\/\/wordpress.nibis.de\/bgs\/wp-json\/wp\/v2\/pages\/1008\/revisions\/1034"}],"wp:attachment":[{"href":"https:\/\/wordpress.nibis.de\/bgs\/wp-json\/wp\/v2\/media?parent=1008"}],"curies":[{"name":"wp","href":"https:\/\/api.w.org\/{rel}","templated":true}]}}