{"id":1085,"date":"2022-12-19T16:15:44","date_gmt":"2022-12-19T15:15:44","guid":{"rendered":"https:\/\/wordpress.nibis.de\/bgs\/?page_id=1085"},"modified":"2022-12-19T16:21:20","modified_gmt":"2022-12-19T15:21:20","slug":"figurentheater-im-schauspielhaus","status":"publish","type":"page","link":"https:\/\/wordpress.nibis.de\/bgs\/figurentheater-im-schauspielhaus\/","title":{"rendered":"Figurentheater im Schauspielhaus"},"content":{"rendered":"\n<p>Dieses Jahr konnten die Kinder des zweiten und vierten Jahrgangs sich in der Adventszeit auf einen Besuch im Schauspielhaus in Hannover freuen. Wir haben dort das Figurentheater &#8222;Die roten Finger&#8220; mit dem St\u00fcck &#8222;Willi und der magische Adventskalender&#8220; gesehen. Der Puppenspieler und Dipl.-Sozialp\u00e4dagoge Bernd Linde entf\u00fchrte die Kinder in die Welt von Willi. <br><br>Die Figur Willi bekommt zu Beginn der Geschichte einen besonderen Adventskalender: ein Haus, welches an ein Knusperh\u00e4uschen und zugleich an eine Ritterburg erinnert. Dieser Adventskalender ist magisch und hinter jeder T\u00fcr wartet eine neue Herausforderung auf Willi.<\/p>\n\n\n\n<p>Die Kinder haben von der ersten Minute an begeistert mitgemacht. Sie haben mitgefiebert, mitgelacht und Willi geholfen, wo immer es ihnen m\u00f6glich war.  Einen herzlichen Dank an Herrn Linde f\u00fcr diese Stunde voller Freude, Spannung und vor allem Magie!<\/p>\n\n\n\n<div class=\"wp-block-image\"><figure class=\"aligncenter size-full is-resized\"><img loading=\"lazy\" decoding=\"async\" src=\"https:\/\/wordpress.nibis.de\/bgs\/files\/2022\/12\/Theaterbesuch-Rote-Finger.jpg\" alt=\"\" class=\"wp-image-1086\" width=\"802\" height=\"802\" \/><\/figure><\/div>\n","protected":false},"excerpt":{"rendered":"<p>Dieses Jahr konnten die Kinder des zweiten und vierten Jahrgangs sich in der Adventszeit auf einen Besuch im Schauspielhaus in Hannover freuen. Wir haben dort &hellip; <\/p>\n","protected":false},"author":9193915,"featured_media":0,"parent":0,"menu_order":0,"comment_status":"closed","ping_status":"closed","template":"","meta":{"footnotes":""},"class_list":["post-1085","page","type-page","status-publish","hentry"],"_links":{"self":[{"href":"https:\/\/wordpress.nibis.de\/bgs\/wp-json\/wp\/v2\/pages\/1085","targetHints":{"allow":["GET"]}}],"collection":[{"href":"https:\/\/wordpress.nibis.de\/bgs\/wp-json\/wp\/v2\/pages"}],"about":[{"href":"https:\/\/wordpress.nibis.de\/bgs\/wp-json\/wp\/v2\/types\/page"}],"author":[{"embeddable":true,"href":"https:\/\/wordpress.nibis.de\/bgs\/wp-json\/wp\/v2\/users\/9193915"}],"replies":[{"embeddable":true,"href":"https:\/\/wordpress.nibis.de\/bgs\/wp-json\/wp\/v2\/comments?post=1085"}],"version-history":[{"count":2,"href":"https:\/\/wordpress.nibis.de\/bgs\/wp-json\/wp\/v2\/pages\/1085\/revisions"}],"predecessor-version":[{"id":1088,"href":"https:\/\/wordpress.nibis.de\/bgs\/wp-json\/wp\/v2\/pages\/1085\/revisions\/1088"}],"wp:attachment":[{"href":"https:\/\/wordpress.nibis.de\/bgs\/wp-json\/wp\/v2\/media?parent=1085"}],"curies":[{"name":"wp","href":"https:\/\/api.w.org\/{rel}","templated":true}]}}