{"id":1103,"date":"2022-12-22T21:35:45","date_gmt":"2022-12-22T20:35:45","guid":{"rendered":"https:\/\/wordpress.nibis.de\/bgs\/?page_id=1103"},"modified":"2022-12-23T09:02:08","modified_gmt":"2022-12-23T08:02:08","slug":"der-schul-adventskalender","status":"publish","type":"page","link":"https:\/\/wordpress.nibis.de\/bgs\/der-schul-adventskalender\/","title":{"rendered":"Der Schul-Adventskalender"},"content":{"rendered":"\n<p>Es ist bereits seit einigen Jahren Tradition in unserer Schule, dass ein gemeinsamer Adventskalender von allen Klassen gestaltet wird. Dieses Jahr wurden die blauen Vitrinenschr\u00e4nken gegen\u00fcber der Lehrerbilder daf\u00fcr genutzt. <br>Jede Klasse hat ein Fach, bzw. einen Tag zugeteilt bekommen. Die einzelnen Regalf\u00e4cher waren nat\u00fcrlich zugedeckt, damit der jeweilige Inhalt eine echte \u00dcberraschung bleibt. Entsprechend eines Adventskalenders wurde am 1. Tag das 1. Fach ge\u00f6ffnet und seit dem folgte an jedem weiteren Tag ein weiteres Fach. <br>Die einzelnen Klassen haben ganz tolle Dinge gebastelt und wunderbare F\u00e4cher gestaltet. <\/p>\n\n\n\n<p>Sehen Sie selbst, welch sch\u00f6ne weihnachtliche Szenen, Landschaften oder Bilder entstanden sind. <\/p>\n\n\n\n<figure class=\"wp-block-image size-large\"><img loading=\"lazy\" decoding=\"async\" width=\"1200\" height=\"675\" src=\"https:\/\/wordpress.nibis.de\/bgs\/files\/2022\/12\/Tag-1klein-1200x675.jpeg\" alt=\"\" class=\"wp-image-1107\" srcset=\"https:\/\/wordpress.nibis.de\/bgs\/files\/2022\/12\/Tag-1klein-1200x675.jpeg 1200w, https:\/\/wordpress.nibis.de\/bgs\/files\/2022\/12\/Tag-1klein-850x478.jpeg 850w, https:\/\/wordpress.nibis.de\/bgs\/files\/2022\/12\/Tag-1klein-250x141.jpeg 250w\" sizes=\"auto, (max-width: 1200px) 100vw, 1200px\" \/><\/figure>\n\n\n\n<figure class=\"wp-block-image size-large\"><img loading=\"lazy\" decoding=\"async\" width=\"1200\" height=\"675\" src=\"https:\/\/wordpress.nibis.de\/bgs\/files\/2022\/12\/Tag-2klein-1200x675.jpeg\" alt=\"\" class=\"wp-image-1108\" srcset=\"https:\/\/wordpress.nibis.de\/bgs\/files\/2022\/12\/Tag-2klein-1200x675.jpeg 1200w, https:\/\/wordpress.nibis.de\/bgs\/files\/2022\/12\/Tag-2klein-850x478.jpeg 850w, https:\/\/wordpress.nibis.de\/bgs\/files\/2022\/12\/Tag-2klein-250x141.jpeg 250w\" sizes=\"auto, (max-width: 1200px) 100vw, 1200px\" \/><\/figure>\n\n\n\n<figure class=\"wp-block-image size-large\"><img loading=\"lazy\" decoding=\"async\" width=\"1200\" height=\"675\" src=\"https:\/\/wordpress.nibis.de\/bgs\/files\/2022\/12\/Tag-3klein-1200x675.jpeg\" alt=\"\" class=\"wp-image-1109\" srcset=\"https:\/\/wordpress.nibis.de\/bgs\/files\/2022\/12\/Tag-3klein-1200x675.jpeg 1200w, https:\/\/wordpress.nibis.de\/bgs\/files\/2022\/12\/Tag-3klein-850x478.jpeg 850w, https:\/\/wordpress.nibis.de\/bgs\/files\/2022\/12\/Tag-3klein-250x141.jpeg 250w\" sizes=\"auto, (max-width: 1200px) 100vw, 1200px\" \/><\/figure>\n\n\n\n<figure class=\"wp-block-image size-large\"><img loading=\"lazy\" decoding=\"async\" width=\"1200\" height=\"675\" src=\"https:\/\/wordpress.nibis.de\/bgs\/files\/2022\/12\/Tag-4-1200x675.jpeg\" alt=\"\" class=\"wp-image-1110\" srcset=\"https:\/\/wordpress.nibis.de\/bgs\/files\/2022\/12\/Tag-4-1200x675.jpeg 1200w, https:\/\/wordpress.nibis.de\/bgs\/files\/2022\/12\/Tag-4-850x478.jpeg 850w, https:\/\/wordpress.nibis.de\/bgs\/files\/2022\/12\/Tag-4-250x141.jpeg 250w\" sizes=\"auto, (max-width: 1200px) 100vw, 1200px\" \/><\/figure>\n\n\n\n<figure class=\"wp-block-image size-large\"><img loading=\"lazy\" decoding=\"async\" width=\"2560\" height=\"1976\" src=\"https:\/\/wordpress.nibis.de\/bgs\/files\/2022\/12\/Tag-5-edited-scaled.jpeg\" alt=\"\" class=\"wp-image-1159\" srcset=\"https:\/\/wordpress.nibis.de\/bgs\/files\/2022\/12\/Tag-5-edited-scaled.jpeg 2560w, https:\/\/wordpress.nibis.de\/bgs\/files\/2022\/12\/Tag-5-edited-768x593.jpeg 768w, https:\/\/wordpress.nibis.de\/bgs\/files\/2022\/12\/Tag-5-edited-1536x1185.jpeg 1536w, https:\/\/wordpress.nibis.de\/bgs\/files\/2022\/12\/Tag-5-edited-2048x1581.jpeg 2048w\" sizes=\"auto, (max-width: 2560px) 100vw, 2560px\" \/><\/figure>\n\n\n\n<figure class=\"wp-block-image size-large\"><img loading=\"lazy\" decoding=\"async\" width=\"2560\" height=\"1950\" src=\"https:\/\/wordpress.nibis.de\/bgs\/files\/2022\/12\/Tag-6-edited-scaled.jpeg\" alt=\"\" class=\"wp-image-1160\" srcset=\"https:\/\/wordpress.nibis.de\/bgs\/files\/2022\/12\/Tag-6-edited-scaled.jpeg 2560w, https:\/\/wordpress.nibis.de\/bgs\/files\/2022\/12\/Tag-6-edited-768x585.jpeg 768w, https:\/\/wordpress.nibis.de\/bgs\/files\/2022\/12\/Tag-6-edited-1536x1170.jpeg 1536w, https:\/\/wordpress.nibis.de\/bgs\/files\/2022\/12\/Tag-6-edited-2048x1560.jpeg 2048w\" sizes=\"auto, (max-width: 2560px) 100vw, 2560px\" \/><\/figure>\n\n\n\n<figure class=\"wp-block-image size-large\"><img loading=\"lazy\" decoding=\"async\" width=\"2560\" height=\"2045\" src=\"https:\/\/wordpress.nibis.de\/bgs\/files\/2022\/12\/Tag-7-edited-scaled.jpeg\" alt=\"\" class=\"wp-image-1134\" srcset=\"https:\/\/wordpress.nibis.de\/bgs\/files\/2022\/12\/Tag-7-edited-scaled.jpeg 2560w, https:\/\/wordpress.nibis.de\/bgs\/files\/2022\/12\/Tag-7-edited-768x614.jpeg 768w, https:\/\/wordpress.nibis.de\/bgs\/files\/2022\/12\/Tag-7-edited-1536x1227.jpeg 1536w, https:\/\/wordpress.nibis.de\/bgs\/files\/2022\/12\/Tag-7-edited-2048x1636.jpeg 2048w\" sizes=\"auto, (max-width: 2560px) 100vw, 2560px\" \/><\/figure>\n\n\n\n<figure class=\"wp-block-image size-large\"><img loading=\"lazy\" decoding=\"async\" width=\"2560\" height=\"1994\" src=\"https:\/\/wordpress.nibis.de\/bgs\/files\/2022\/12\/Tag-8-1-edited-1-scaled.jpeg\" alt=\"\" class=\"wp-image-1163\" srcset=\"https:\/\/wordpress.nibis.de\/bgs\/files\/2022\/12\/Tag-8-1-edited-1-scaled.jpeg 2560w, https:\/\/wordpress.nibis.de\/bgs\/files\/2022\/12\/Tag-8-1-edited-1-768x598.jpeg 768w, https:\/\/wordpress.nibis.de\/bgs\/files\/2022\/12\/Tag-8-1-edited-1-1536x1197.jpeg 1536w, https:\/\/wordpress.nibis.de\/bgs\/files\/2022\/12\/Tag-8-1-edited-1-2048x1595.jpeg 2048w\" sizes=\"auto, (max-width: 2560px) 100vw, 2560px\" \/><\/figure>\n\n\n\n<figure class=\"wp-block-image size-large\"><img loading=\"lazy\" decoding=\"async\" width=\"1200\" height=\"675\" src=\"https:\/\/wordpress.nibis.de\/bgs\/files\/2022\/12\/Tag-9-1-1200x675.jpeg\" alt=\"\" class=\"wp-image-1122\" srcset=\"https:\/\/wordpress.nibis.de\/bgs\/files\/2022\/12\/Tag-9-1-1200x675.jpeg 1200w, https:\/\/wordpress.nibis.de\/bgs\/files\/2022\/12\/Tag-9-1-850x478.jpeg 850w, https:\/\/wordpress.nibis.de\/bgs\/files\/2022\/12\/Tag-9-1-250x141.jpeg 250w\" sizes=\"auto, (max-width: 1200px) 100vw, 1200px\" \/><\/figure>\n\n\n\n<figure class=\"wp-block-image size-large\"><img loading=\"lazy\" decoding=\"async\" width=\"1200\" height=\"675\" src=\"https:\/\/wordpress.nibis.de\/bgs\/files\/2022\/12\/Tag-10-1-1200x675.jpeg\" alt=\"\" class=\"wp-image-1123\" srcset=\"https:\/\/wordpress.nibis.de\/bgs\/files\/2022\/12\/Tag-10-1-1200x675.jpeg 1200w, https:\/\/wordpress.nibis.de\/bgs\/files\/2022\/12\/Tag-10-1-850x478.jpeg 850w, https:\/\/wordpress.nibis.de\/bgs\/files\/2022\/12\/Tag-10-1-250x141.jpeg 250w\" sizes=\"auto, (max-width: 1200px) 100vw, 1200px\" \/><\/figure>\n\n\n\n<figure class=\"wp-block-image size-large\"><img loading=\"lazy\" decoding=\"async\" width=\"2560\" height=\"1983\" src=\"https:\/\/wordpress.nibis.de\/bgs\/files\/2022\/12\/Tag-11-1-edited-scaled.jpeg\" alt=\"\" class=\"wp-image-1164\" srcset=\"https:\/\/wordpress.nibis.de\/bgs\/files\/2022\/12\/Tag-11-1-edited-scaled.jpeg 2560w, https:\/\/wordpress.nibis.de\/bgs\/files\/2022\/12\/Tag-11-1-edited-768x595.jpeg 768w, https:\/\/wordpress.nibis.de\/bgs\/files\/2022\/12\/Tag-11-1-edited-1536x1190.jpeg 1536w, https:\/\/wordpress.nibis.de\/bgs\/files\/2022\/12\/Tag-11-1-edited-2048x1586.jpeg 2048w\" sizes=\"auto, (max-width: 2560px) 100vw, 2560px\" \/><\/figure>\n\n\n\n<figure class=\"wp-block-image size-large\"><img loading=\"lazy\" decoding=\"async\" width=\"2560\" height=\"2010\" src=\"https:\/\/wordpress.nibis.de\/bgs\/files\/2022\/12\/Tag-12-edited-scaled.jpeg\" alt=\"\" class=\"wp-image-1133\" srcset=\"https:\/\/wordpress.nibis.de\/bgs\/files\/2022\/12\/Tag-12-edited-scaled.jpeg 2560w, https:\/\/wordpress.nibis.de\/bgs\/files\/2022\/12\/Tag-12-edited-768x603.jpeg 768w, https:\/\/wordpress.nibis.de\/bgs\/files\/2022\/12\/Tag-12-edited-1536x1206.jpeg 1536w, https:\/\/wordpress.nibis.de\/bgs\/files\/2022\/12\/Tag-12-edited-2048x1608.jpeg 2048w\" sizes=\"auto, (max-width: 2560px) 100vw, 2560px\" \/><\/figure>\n\n\n\n<figure class=\"wp-block-image size-large\"><img loading=\"lazy\" decoding=\"async\" width=\"2560\" height=\"1846\" src=\"https:\/\/wordpress.nibis.de\/bgs\/files\/2022\/12\/Tag-13-edited-scaled.jpeg\" alt=\"\" class=\"wp-image-1131\" srcset=\"https:\/\/wordpress.nibis.de\/bgs\/files\/2022\/12\/Tag-13-edited-scaled.jpeg 2560w, https:\/\/wordpress.nibis.de\/bgs\/files\/2022\/12\/Tag-13-edited-768x554.jpeg 768w, https:\/\/wordpress.nibis.de\/bgs\/files\/2022\/12\/Tag-13-edited-1536x1107.jpeg 1536w, https:\/\/wordpress.nibis.de\/bgs\/files\/2022\/12\/Tag-13-edited-2048x1476.jpeg 2048w\" sizes=\"auto, (max-width: 2560px) 100vw, 2560px\" \/><\/figure>\n\n\n\n<figure class=\"wp-block-image size-large\"><img loading=\"lazy\" decoding=\"async\" width=\"2560\" height=\"1878\" src=\"https:\/\/wordpress.nibis.de\/bgs\/files\/2022\/12\/Tag-14-edited-scaled.jpeg\" alt=\"\" class=\"wp-image-1165\" srcset=\"https:\/\/wordpress.nibis.de\/bgs\/files\/2022\/12\/Tag-14-edited-scaled.jpeg 2560w, https:\/\/wordpress.nibis.de\/bgs\/files\/2022\/12\/Tag-14-edited-768x563.jpeg 768w, https:\/\/wordpress.nibis.de\/bgs\/files\/2022\/12\/Tag-14-edited-1536x1127.jpeg 1536w, https:\/\/wordpress.nibis.de\/bgs\/files\/2022\/12\/Tag-14-edited-2048x1502.jpeg 2048w\" sizes=\"auto, (max-width: 2560px) 100vw, 2560px\" \/><\/figure>\n\n\n\n<figure class=\"wp-block-image size-large is-resized\"><img decoding=\"async\" src=\"https:\/\/wordpress.nibis.de\/bgs\/files\/2022\/12\/Tag-15-edited-scaled.jpeg\" alt=\"\" class=\"wp-image-1166\" width=\"958\" srcset=\"https:\/\/wordpress.nibis.de\/bgs\/files\/2022\/12\/Tag-15-edited-scaled.jpeg 2560w, https:\/\/wordpress.nibis.de\/bgs\/files\/2022\/12\/Tag-15-edited-768x618.jpeg 768w, https:\/\/wordpress.nibis.de\/bgs\/files\/2022\/12\/Tag-15-edited-1536x1236.jpeg 1536w, https:\/\/wordpress.nibis.de\/bgs\/files\/2022\/12\/Tag-15-edited-2048x1648.jpeg 2048w\" sizes=\"(max-width: 2560px) 100vw, 2560px\" \/><\/figure>\n\n\n\n<figure class=\"wp-block-image size-large\"><img loading=\"lazy\" decoding=\"async\" width=\"2560\" height=\"1951\" src=\"https:\/\/wordpress.nibis.de\/bgs\/files\/2022\/12\/Tag-16-edited-scaled.jpeg\" alt=\"\" class=\"wp-image-1167\" srcset=\"https:\/\/wordpress.nibis.de\/bgs\/files\/2022\/12\/Tag-16-edited-scaled.jpeg 2560w, https:\/\/wordpress.nibis.de\/bgs\/files\/2022\/12\/Tag-16-edited-768x585.jpeg 768w, https:\/\/wordpress.nibis.de\/bgs\/files\/2022\/12\/Tag-16-edited-1536x1171.jpeg 1536w, https:\/\/wordpress.nibis.de\/bgs\/files\/2022\/12\/Tag-16-edited-2048x1561.jpeg 2048w\" sizes=\"auto, (max-width: 2560px) 100vw, 2560px\" \/><\/figure>\n\n\n\n<figure class=\"wp-block-image size-large\"><img loading=\"lazy\" decoding=\"async\" width=\"2560\" height=\"1962\" src=\"https:\/\/wordpress.nibis.de\/bgs\/files\/2022\/12\/Tag-17-edited-scaled.jpeg\" alt=\"\" class=\"wp-image-1138\" srcset=\"https:\/\/wordpress.nibis.de\/bgs\/files\/2022\/12\/Tag-17-edited-scaled.jpeg 2560w, https:\/\/wordpress.nibis.de\/bgs\/files\/2022\/12\/Tag-17-edited-768x589.jpeg 768w, https:\/\/wordpress.nibis.de\/bgs\/files\/2022\/12\/Tag-17-edited-1536x1177.jpeg 1536w, https:\/\/wordpress.nibis.de\/bgs\/files\/2022\/12\/Tag-17-edited-2048x1569.jpeg 2048w\" sizes=\"auto, (max-width: 2560px) 100vw, 2560px\" \/><\/figure>\n\n\n\n<figure class=\"wp-block-image size-large\"><img loading=\"lazy\" decoding=\"async\" width=\"1200\" height=\"675\" src=\"https:\/\/wordpress.nibis.de\/bgs\/files\/2022\/12\/Tag-18-1200x675.jpeg\" alt=\"\" class=\"wp-image-1139\" srcset=\"https:\/\/wordpress.nibis.de\/bgs\/files\/2022\/12\/Tag-18-1200x675.jpeg 1200w, https:\/\/wordpress.nibis.de\/bgs\/files\/2022\/12\/Tag-18-850x478.jpeg 850w, https:\/\/wordpress.nibis.de\/bgs\/files\/2022\/12\/Tag-18-250x141.jpeg 250w\" sizes=\"auto, (max-width: 1200px) 100vw, 1200px\" \/><\/figure>\n\n\n\n<figure class=\"wp-block-image size-large\"><img loading=\"lazy\" decoding=\"async\" width=\"2560\" height=\"2133\" src=\"https:\/\/wordpress.nibis.de\/bgs\/files\/2022\/12\/Tag-19-edited-scaled.jpeg\" alt=\"\" class=\"wp-image-1168\" srcset=\"https:\/\/wordpress.nibis.de\/bgs\/files\/2022\/12\/Tag-19-edited-scaled.jpeg 2560w, https:\/\/wordpress.nibis.de\/bgs\/files\/2022\/12\/Tag-19-edited-768x640.jpeg 768w, https:\/\/wordpress.nibis.de\/bgs\/files\/2022\/12\/Tag-19-edited-1536x1280.jpeg 1536w, https:\/\/wordpress.nibis.de\/bgs\/files\/2022\/12\/Tag-19-edited-2048x1707.jpeg 2048w\" sizes=\"auto, (max-width: 2560px) 100vw, 2560px\" \/><\/figure>\n\n\n\n<figure class=\"wp-block-image size-large\"><img loading=\"lazy\" decoding=\"async\" width=\"2560\" height=\"2133\" src=\"https:\/\/wordpress.nibis.de\/bgs\/files\/2022\/12\/Tag-20-edited-scaled.jpeg\" alt=\"\" class=\"wp-image-1142\" srcset=\"https:\/\/wordpress.nibis.de\/bgs\/files\/2022\/12\/Tag-20-edited-scaled.jpeg 2560w, https:\/\/wordpress.nibis.de\/bgs\/files\/2022\/12\/Tag-20-edited-768x640.jpeg 768w, https:\/\/wordpress.nibis.de\/bgs\/files\/2022\/12\/Tag-20-edited-1536x1280.jpeg 1536w, https:\/\/wordpress.nibis.de\/bgs\/files\/2022\/12\/Tag-20-edited-2048x1707.jpeg 2048w\" sizes=\"auto, (max-width: 2560px) 100vw, 2560px\" \/><\/figure>\n\n\n\n<figure class=\"wp-block-image size-large\"><img loading=\"lazy\" decoding=\"async\" width=\"2560\" height=\"2133\" src=\"https:\/\/wordpress.nibis.de\/bgs\/files\/2022\/12\/Tag-21-edited-scaled.jpeg\" alt=\"\" class=\"wp-image-1144\" srcset=\"https:\/\/wordpress.nibis.de\/bgs\/files\/2022\/12\/Tag-21-edited-scaled.jpeg 2560w, https:\/\/wordpress.nibis.de\/bgs\/files\/2022\/12\/Tag-21-edited-768x640.jpeg 768w, https:\/\/wordpress.nibis.de\/bgs\/files\/2022\/12\/Tag-21-edited-1536x1280.jpeg 1536w, https:\/\/wordpress.nibis.de\/bgs\/files\/2022\/12\/Tag-21-edited-2048x1707.jpeg 2048w\" sizes=\"auto, (max-width: 2560px) 100vw, 2560px\" \/><\/figure>\n\n\n\n<figure class=\"wp-block-image size-large\"><img loading=\"lazy\" decoding=\"async\" width=\"2560\" height=\"2133\" src=\"https:\/\/wordpress.nibis.de\/bgs\/files\/2022\/12\/Tag-22-edited-scaled.jpeg\" alt=\"\" class=\"wp-image-1146\" srcset=\"https:\/\/wordpress.nibis.de\/bgs\/files\/2022\/12\/Tag-22-edited-scaled.jpeg 2560w, https:\/\/wordpress.nibis.de\/bgs\/files\/2022\/12\/Tag-22-edited-768x640.jpeg 768w, https:\/\/wordpress.nibis.de\/bgs\/files\/2022\/12\/Tag-22-edited-1536x1280.jpeg 1536w, https:\/\/wordpress.nibis.de\/bgs\/files\/2022\/12\/Tag-22-edited-2048x1707.jpeg 2048w\" sizes=\"auto, (max-width: 2560px) 100vw, 2560px\" \/><\/figure>\n\n\n\n<figure class=\"wp-block-image size-large\"><img loading=\"lazy\" decoding=\"async\" width=\"2560\" height=\"2133\" src=\"https:\/\/wordpress.nibis.de\/bgs\/files\/2022\/12\/Tag-23-edited-scaled.jpeg\" alt=\"\" class=\"wp-image-1148\" srcset=\"https:\/\/wordpress.nibis.de\/bgs\/files\/2022\/12\/Tag-23-edited-scaled.jpeg 2560w, https:\/\/wordpress.nibis.de\/bgs\/files\/2022\/12\/Tag-23-edited-768x640.jpeg 768w, https:\/\/wordpress.nibis.de\/bgs\/files\/2022\/12\/Tag-23-edited-1536x1280.jpeg 1536w, https:\/\/wordpress.nibis.de\/bgs\/files\/2022\/12\/Tag-23-edited-2048x1707.jpeg 2048w\" sizes=\"auto, (max-width: 2560px) 100vw, 2560px\" \/><\/figure>\n\n\n\n<figure class=\"wp-block-image size-large\"><img loading=\"lazy\" decoding=\"async\" width=\"1200\" height=\"675\" src=\"https:\/\/wordpress.nibis.de\/bgs\/files\/2022\/12\/Tag-24.klein_-1200x675.jpeg\" alt=\"\" class=\"wp-image-1151\" srcset=\"https:\/\/wordpress.nibis.de\/bgs\/files\/2022\/12\/Tag-24.klein_-1200x675.jpeg 1200w, https:\/\/wordpress.nibis.de\/bgs\/files\/2022\/12\/Tag-24.klein_-850x478.jpeg 850w, https:\/\/wordpress.nibis.de\/bgs\/files\/2022\/12\/Tag-24.klein_-250x141.jpeg 250w\" sizes=\"auto, (max-width: 1200px) 100vw, 1200px\" \/><\/figure>\n","protected":false},"excerpt":{"rendered":"<p>Es ist bereits seit einigen Jahren Tradition in unserer Schule, dass ein gemeinsamer Adventskalender von allen Klassen gestaltet wird. Dieses Jahr wurden die blauen Vitrinenschr\u00e4nken &hellip; <\/p>\n","protected":false},"author":9193915,"featured_media":0,"parent":0,"menu_order":0,"comment_status":"closed","ping_status":"closed","template":"","meta":{"footnotes":""},"class_list":["post-1103","page","type-page","status-publish","hentry"],"_links":{"self":[{"href":"https:\/\/wordpress.nibis.de\/bgs\/wp-json\/wp\/v2\/pages\/1103","targetHints":{"allow":["GET"]}}],"collection":[{"href":"https:\/\/wordpress.nibis.de\/bgs\/wp-json\/wp\/v2\/pages"}],"about":[{"href":"https:\/\/wordpress.nibis.de\/bgs\/wp-json\/wp\/v2\/types\/page"}],"author":[{"embeddable":true,"href":"https:\/\/wordpress.nibis.de\/bgs\/wp-json\/wp\/v2\/users\/9193915"}],"replies":[{"embeddable":true,"href":"https:\/\/wordpress.nibis.de\/bgs\/wp-json\/wp\/v2\/comments?post=1103"}],"version-history":[{"count":7,"href":"https:\/\/wordpress.nibis.de\/bgs\/wp-json\/wp\/v2\/pages\/1103\/revisions"}],"predecessor-version":[{"id":1170,"href":"https:\/\/wordpress.nibis.de\/bgs\/wp-json\/wp\/v2\/pages\/1103\/revisions\/1170"}],"wp:attachment":[{"href":"https:\/\/wordpress.nibis.de\/bgs\/wp-json\/wp\/v2\/media?parent=1103"}],"curies":[{"name":"wp","href":"https:\/\/api.w.org\/{rel}","templated":true}]}}