{"id":1221,"date":"2023-03-03T22:25:07","date_gmt":"2023-03-03T21:25:07","guid":{"rendered":"https:\/\/wordpress.nibis.de\/bgs\/?page_id=1221"},"modified":"2023-03-03T22:33:55","modified_gmt":"2023-03-03T21:33:55","slug":"spielzeugtauschboerse-in-der-bgs","status":"publish","type":"page","link":"https:\/\/wordpress.nibis.de\/bgs\/spielzeugtauschboerse-in-der-bgs\/","title":{"rendered":"Spielzeugtauschb\u00f6rse in der BGS"},"content":{"rendered":"\n<p>Die Sch\u00fcler*innen der Br\u00fcder-Grimm-Schule w\u00fcnschten sich einen Flohmarkt. Dieser Wunsch wurde sehr gern erf\u00fcllt.<br \/><b>Gemeinsam planten der F\u00f6rderverein, die Schulsozialarbeit und der Ganztag diese Aktion.<br \/><\/b>Im Hinblick auf das Thema Nachhaltigkeit und die steigenden Kosten allgemein, wurde ein Tauschflohmarkt unter dem Motto &#8222;Aus Meins wird Deins&#8220; organisiert.<\/p>\n<p>Die Kinder konnten am Freitag, den 17.02.2023 ab 13:30 Uhr in der Mensa ihr Spielzeug, welches sie nicht mehr brauchten oder doppelt hatten, gegen ein anderes Spielzeug tauschen. Es konnten nat\u00fcrlich auch B\u00fccher getauscht werden. Dazu mussten sie zuvor ihr aussortiertes Spielzeug abgeben und erhielten daf\u00fcr Wertmarken. Die Organisatoren einigten sich darauf, dass jedes Kind bis zu zwei Spielzeuge eintauschen k\u00f6nnen sollte. Es wurden nat\u00fcrlich weitere Spielzeuge als Spenden entgegen genommen. <br \/>Alle abgegebenen Spielzeuge wurden am Freitag in der Mensa auf den Tischen verteilt. Die Kinder konnten sich alle gesammelten Spielzeuge und B\u00fccher in der Mensa ansehen und f\u00fcr ihre Wertmarken ein oder zwei Spielzeuge ihrer Wahl bekommen. Alle Kinder hatten viel Freude beim St\u00f6bern und Entdecken. Mit leuchtenden Augen schritten sie durch die Tischreihen auf der Suche nach dem gr\u00f6\u00dften Schatz. So haben viele ausgediehnte Spielsachen einen neuen Besitzer gefunden und d\u00fcrfen nun wieder viel Freude bereiten.<br \/>F\u00fcr das leibliche Wohl wurde \u00fcbrigens auch gesorgt: Es wurden leckere Waffeln und Getr\u00e4nke verkauft.<\/p>\n<p>Der Erl\u00f6s der Tauschb\u00f6rse, der aus dem Verkauf der Waffeln und Getr\u00e4nke entstanden ist, wird dem Igelhaus zu Gute kommen. Und es gibt noch einen positiven Nebeneffekt: Die \u00fcbrig gebliebenen Spielsachen werden dem Jugendbildungshaus Letter f\u00fcr das Welcome-Cafe f\u00fcr ukrainische Gefl\u00fcchtete gespendet.<\/p>\n<p>Die Kinder und Eltern nahmen dieses Event gerne an und w\u00fcnschen sich eine Wiederholung. Sicherlich wird es noch weitere gemeinsame Aktionen als Kooperation von F\u00f6rderverein, Schulsozialarbeit und Ganztag geben.<\/p>\n\n\n\n<div class=\"wp-block-image\"><figure class=\"aligncenter size-full is-resized\"><img loading=\"lazy\" decoding=\"async\" src=\"https:\/\/wordpress.nibis.de\/bgs\/files\/2023\/03\/Tauschflohmarkt-1.jpg\" alt=\"\" class=\"wp-image-1222\" width=\"956\" height=\"819\" \/><\/figure><\/div>\n\n\n\n<div class=\"wp-block-image\"><figure class=\"aligncenter size-full is-resized\"><img loading=\"lazy\" decoding=\"async\" src=\"https:\/\/wordpress.nibis.de\/bgs\/files\/2023\/03\/Tauschflohmarkt-2.jpg\" alt=\"\" class=\"wp-image-1223\" width=\"956\" height=\"819\" \/><\/figure><\/div>\n","protected":false},"excerpt":{"rendered":"<p>Die Sch\u00fcler*innen der Br\u00fcder-Grimm-Schule w\u00fcnschten sich einen Flohmarkt. Dieser Wunsch wurde sehr gern erf\u00fcllt.Gemeinsam planten der F\u00f6rderverein, die Schulsozialarbeit und der Ganztag diese Aktion.Im Hinblick &hellip; <\/p>\n","protected":false},"author":9193915,"featured_media":0,"parent":0,"menu_order":0,"comment_status":"closed","ping_status":"closed","template":"","meta":{"footnotes":""},"class_list":["post-1221","page","type-page","status-publish","hentry"],"_links":{"self":[{"href":"https:\/\/wordpress.nibis.de\/bgs\/wp-json\/wp\/v2\/pages\/1221","targetHints":{"allow":["GET"]}}],"collection":[{"href":"https:\/\/wordpress.nibis.de\/bgs\/wp-json\/wp\/v2\/pages"}],"about":[{"href":"https:\/\/wordpress.nibis.de\/bgs\/wp-json\/wp\/v2\/types\/page"}],"author":[{"embeddable":true,"href":"https:\/\/wordpress.nibis.de\/bgs\/wp-json\/wp\/v2\/users\/9193915"}],"replies":[{"embeddable":true,"href":"https:\/\/wordpress.nibis.de\/bgs\/wp-json\/wp\/v2\/comments?post=1221"}],"version-history":[{"count":2,"href":"https:\/\/wordpress.nibis.de\/bgs\/wp-json\/wp\/v2\/pages\/1221\/revisions"}],"predecessor-version":[{"id":1226,"href":"https:\/\/wordpress.nibis.de\/bgs\/wp-json\/wp\/v2\/pages\/1221\/revisions\/1226"}],"wp:attachment":[{"href":"https:\/\/wordpress.nibis.de\/bgs\/wp-json\/wp\/v2\/media?parent=1221"}],"curies":[{"name":"wp","href":"https:\/\/api.w.org\/{rel}","templated":true}]}}