{"id":1236,"date":"2023-03-04T00:01:54","date_gmt":"2023-03-03T23:01:54","guid":{"rendered":"https:\/\/wordpress.nibis.de\/bgs\/?page_id=1236"},"modified":"2023-03-04T00:07:16","modified_gmt":"2023-03-03T23:07:16","slug":"die-2e-zu-besuch-im-jugendzentrum","status":"publish","type":"page","link":"https:\/\/wordpress.nibis.de\/bgs\/die-2e-zu-besuch-im-jugendzentrum\/","title":{"rendered":"Die 2e zu Besuch im Jugendzentrum"},"content":{"rendered":"\n<p>Zuh\u00f6ren, aufmerksam sein, aufeinander achten, aber auch Spiel, Spa\u00df und Geschicklichkeit standen beim Besuch des Jugendzentrums der 2e im M\u00e4rz 2023 auf dem Programm. Die Kinder freuten sich \u00fcber die vielen tollen Spiele, die sie dort erwarteten und bei denen sie sowohl Teamgeist als auch Geschicklichkeit und Achtsamkeit zeigen mussten. <br>Mit Feuereifer waren die Kinder dabei, als sie nur mithilfe von Getr\u00e4nkekisten einen imagin\u00e4ren Fluss \u00fcberqueren mussten.<\/p>\n\n\n\n<div class=\"wp-block-image\"><figure class=\"aligncenter size-full is-resized\"><img loading=\"lazy\" decoding=\"async\" src=\"https:\/\/wordpress.nibis.de\/bgs\/files\/2023\/03\/Jugendzentrum-Rote-Kisten.jpg\" alt=\"\" class=\"wp-image-1237\" width=\"797\" height=\"683\" \/><\/figure><\/div>\n\n\n\n<p>Dabei mussten sie unter anderem darauf achten, dass immer Fu\u00df oder Hand auf den Kisten waren, sonst trieben diese davon und wurden eingesammelt. Es gab nur eine gewisse Menge an Kisten, daher waren sie sehr darauf fokussiert diese Regel stets zu beachten. \ud83d\ude42<\/p>\n<p>Bei einem anderen Spiel mussten sie einen Turm aus Holzkl\u00f6tzen bauen. Das klingt erstmal ganz einfach. Aber leider durften sie die Holzkl\u00f6tze nicht mit den H\u00e4nden ber\u00fchren. Es gab eine Hebevorrichtung, die mithilfe von vielen Seilen gehalten wurde. Jedes Kind hatte ein Seil in der Hand. Oh je&#8230; wenn da einer zu sehr zieht&#8230;<\/p>\n\n\n\n<div class=\"wp-block-image\"><figure class=\"aligncenter size-full is-resized\"><img loading=\"lazy\" decoding=\"async\" src=\"https:\/\/wordpress.nibis.de\/bgs\/files\/2023\/03\/Geschicklichkeit.jpg\" alt=\"\" class=\"wp-image-1238\" width=\"803\" height=\"688\" \/><\/figure><\/div>\n\n\n\n\n\n<p>Ein anderes Spiel beinhaltete die Aufgabe gemeinschaftlich einen kleinen Ball durch ein Loch in einer Plane kullern zu lassen. Das klingt auch nicht so schwer. Aber wenn die Plane von 46 H\u00e4nden gehalten wird und es nicht nur ein Loch in dieser Plane gibt, ist es doch ganz sch\u00f6n schwierig.<\/p>\n<p>Es gab noch viele weitere tolle Spiele, die das Wir-Gef\u00fchl und den Zusammenhalt der Klasse f\u00f6rderten. Die Kinder hatten bei allen Spielen viel Spa\u00df und Freude. <br \/>Neben all diesen tollen geplanten Spielen gab es aber auch die Gelegenheit ganz frei im Jugendzentrum und auf dem Au\u00dfengel\u00e4nde zu spielen. Besonders viel Freude hatten die Kinder beim Fu\u00dfball, Basketball, mit den Skateboards und im Bewegungsraum.<\/p>\n\n\n\n<div class=\"wp-block-image\"><figure class=\"aligncenter size-full is-resized\"><img loading=\"lazy\" decoding=\"async\" src=\"https:\/\/wordpress.nibis.de\/bgs\/files\/2023\/03\/Freispiel-Jugendzentrum.jpg\" alt=\"\" class=\"wp-image-1239\" width=\"799\" height=\"685\" \/><\/figure><\/div>\n\n\n\n<p>Die Kinder der 2e und auch ihre Lehrerin haben den Vormittag im Jugendzentrum sehr genossen. Vielen Dank an das Team des Jugendzentrums f\u00fcr die tolle Organisation und Betreuung. Und auch herzlichen Dank an Herrn Stiglic, dass er uns dorthin begleitet hat. <br \/>Wir freuen uns schon heute auf unseren n\u00e4chsten Besuch im Jugendzentrum!<\/p>\n","protected":false},"excerpt":{"rendered":"<p>Zuh\u00f6ren, aufmerksam sein, aufeinander achten, aber auch Spiel, Spa\u00df und Geschicklichkeit standen beim Besuch des Jugendzentrums der 2e im M\u00e4rz 2023 auf dem Programm. Die &hellip; <\/p>\n","protected":false},"author":9193915,"featured_media":0,"parent":0,"menu_order":0,"comment_status":"closed","ping_status":"closed","template":"","meta":{"footnotes":""},"class_list":["post-1236","page","type-page","status-publish","hentry"],"_links":{"self":[{"href":"https:\/\/wordpress.nibis.de\/bgs\/wp-json\/wp\/v2\/pages\/1236","targetHints":{"allow":["GET"]}}],"collection":[{"href":"https:\/\/wordpress.nibis.de\/bgs\/wp-json\/wp\/v2\/pages"}],"about":[{"href":"https:\/\/wordpress.nibis.de\/bgs\/wp-json\/wp\/v2\/types\/page"}],"author":[{"embeddable":true,"href":"https:\/\/wordpress.nibis.de\/bgs\/wp-json\/wp\/v2\/users\/9193915"}],"replies":[{"embeddable":true,"href":"https:\/\/wordpress.nibis.de\/bgs\/wp-json\/wp\/v2\/comments?post=1236"}],"version-history":[{"count":4,"href":"https:\/\/wordpress.nibis.de\/bgs\/wp-json\/wp\/v2\/pages\/1236\/revisions"}],"predecessor-version":[{"id":1244,"href":"https:\/\/wordpress.nibis.de\/bgs\/wp-json\/wp\/v2\/pages\/1236\/revisions\/1244"}],"wp:attachment":[{"href":"https:\/\/wordpress.nibis.de\/bgs\/wp-json\/wp\/v2\/media?parent=1236"}],"curies":[{"name":"wp","href":"https:\/\/api.w.org\/{rel}","templated":true}]}}