{"id":1274,"date":"2023-03-17T22:57:37","date_gmt":"2023-03-17T21:57:37","guid":{"rendered":"https:\/\/wordpress.nibis.de\/bgs\/?page_id=1274"},"modified":"2023-04-18T09:51:13","modified_gmt":"2023-04-18T07:51:13","slug":"der-asb-in-der-bgs","status":"publish","type":"page","link":"https:\/\/wordpress.nibis.de\/bgs\/der-asb-in-der-bgs\/","title":{"rendered":"Der ASB in der BGS"},"content":{"rendered":"\n<p>Im M\u00e4rz hatten wir Besuch von Hildegard von Thadden. Frau von Thadden ist vom Arbeiter-Samariter-Bund (ASB) und hat Sch\u00fclerinnen und Sch\u00fcler der 2., 3. und 4. Klassen im Verhalten bei Notsituationen geschult. Die Kinder haben gelernt in welchen Situationen man einen Krankenwagen alramieren sollte und wann Erste Hilfe in Form von Tr\u00f6sten ausreicht. Dazu haben die Kinder Bilder mit unterschiedlichsten Situationen ihres Alltags angesehen und besprochen. <br>Frau von Thadden hat den Kindern einen tollen Tipp gegeben, wie man sich die Notrufnummer 112 besonders gut merken kann. Dazu braucht man nur das eigene Gesicht. Schaut mal her:<\/p>\n\n\n\n<div class=\"wp-block-image\"><figure class=\"aligncenter size-full is-resized\"><img loading=\"lazy\" decoding=\"async\" src=\"https:\/\/wordpress.nibis.de\/bgs\/files\/2023\/03\/14BBEADB-0B7A-4054-8590-C01B2AE8B6DC.jpeg\" alt=\"\" class=\"wp-image-1276\" width=\"775\" height=\"581\" \/><figcaption>Kinder der 2e zeigen es euch: <strong>Du hast 1 Mund, 1 Nase und 2 Augen = 112<\/strong><\/figcaption><\/figure><\/div>\n\n\n\n<p>Au\u00dferdem sind die Sch\u00fclerinnen und Sch\u00fcler nun echte Profis beim Aufkleben von Pflaster. Die Kinder haben n\u00e4mlich gelernt, wie man ein Pflaster zurecht schneidet und klebt, wenn man an der Fingerkuppe eine kleine Wunde hat.<\/p>\n\n\n\n<div class=\"wp-block-image\"><figure class=\"aligncenter size-full is-resized\"><img loading=\"lazy\" decoding=\"async\" src=\"https:\/\/wordpress.nibis.de\/bgs\/files\/2023\/03\/Pflaster.jpg\" alt=\"\" class=\"wp-image-1277\" width=\"779\" height=\"779\" \/><figcaption><strong>1. falten, 2. schneiden, 3. Papier abziehen, 4. Finger drauf, 5. unten kleben, 6. oben kleben<\/strong><\/figcaption><\/figure><\/div>\n\n\n\n<div class=\"wp-block-image\"><figure class=\"aligncenter size-full is-resized\"><img loading=\"lazy\" decoding=\"async\" src=\"https:\/\/wordpress.nibis.de\/bgs\/files\/2023\/03\/ASB-in-der-2e.jpg\" alt=\"\" class=\"wp-image-1275\" width=\"783\" height=\"783\" \/><\/figure><\/div>\n\n\n\n<p>Frau von Thadden hat jedem Kind eine Pflasterurkunde ausgestellt und noch tolles Material mitgebracht. Den Sch\u00fclerinnen und Sch\u00fclern hat der Besuch von Frau von Thadden viel Freude gemacht.<\/p>\n\n\n\n<div class=\"wp-block-image\"><figure class=\"aligncenter size-full is-resized\"><img loading=\"lazy\" decoding=\"async\" src=\"https:\/\/wordpress.nibis.de\/bgs\/files\/2023\/04\/ASB-2b-mit-Rand.jpeg\" alt=\"\" class=\"wp-image-1291\" width=\"780\" height=\"585\" \/><figcaption>Die Kinder der 2b zeigen stolz ihre Pflasterurkunden.<\/figcaption><\/figure><\/div>\n\n\n\n<p>Vielen herzlichen Dank an den ASB und Frau von Thadden. Hoffentlich kommt sie bald wieder. Wir m\u00fcssen schlie\u00dflich unter anderem noch lernen, wie man einen Verband anlegt. \ud83d\ude42<\/p>\n","protected":false},"excerpt":{"rendered":"<p>Im M\u00e4rz hatten wir Besuch von Hildegard von Thadden. Frau von Thadden ist vom Arbeiter-Samariter-Bund (ASB) und hat Sch\u00fclerinnen und Sch\u00fcler der 2., 3. und &hellip; <\/p>\n","protected":false},"author":9193915,"featured_media":0,"parent":0,"menu_order":0,"comment_status":"closed","ping_status":"closed","template":"","meta":{"footnotes":""},"class_list":["post-1274","page","type-page","status-publish","hentry"],"_links":{"self":[{"href":"https:\/\/wordpress.nibis.de\/bgs\/wp-json\/wp\/v2\/pages\/1274","targetHints":{"allow":["GET"]}}],"collection":[{"href":"https:\/\/wordpress.nibis.de\/bgs\/wp-json\/wp\/v2\/pages"}],"about":[{"href":"https:\/\/wordpress.nibis.de\/bgs\/wp-json\/wp\/v2\/types\/page"}],"author":[{"embeddable":true,"href":"https:\/\/wordpress.nibis.de\/bgs\/wp-json\/wp\/v2\/users\/9193915"}],"replies":[{"embeddable":true,"href":"https:\/\/wordpress.nibis.de\/bgs\/wp-json\/wp\/v2\/comments?post=1274"}],"version-history":[{"count":4,"href":"https:\/\/wordpress.nibis.de\/bgs\/wp-json\/wp\/v2\/pages\/1274\/revisions"}],"predecessor-version":[{"id":1295,"href":"https:\/\/wordpress.nibis.de\/bgs\/wp-json\/wp\/v2\/pages\/1274\/revisions\/1295"}],"wp:attachment":[{"href":"https:\/\/wordpress.nibis.de\/bgs\/wp-json\/wp\/v2\/media?parent=1274"}],"curies":[{"name":"wp","href":"https:\/\/api.w.org\/{rel}","templated":true}]}}