{"id":1379,"date":"2023-05-20T11:31:01","date_gmt":"2023-05-20T09:31:01","guid":{"rendered":"https:\/\/wordpress.nibis.de\/bgs\/?page_id=1379"},"modified":"2023-05-20T11:31:02","modified_gmt":"2023-05-20T09:31:02","slug":"informationen-aus-dem-ganztag-erstklaessler","status":"publish","type":"page","link":"https:\/\/wordpress.nibis.de\/bgs\/informationen-aus-dem-ganztag-erstklaessler\/","title":{"rendered":"Informationen aus dem Ganztag &#8211; Erstkl\u00e4ssler"},"content":{"rendered":"\n<p class=\"western\"><span style=\"font-family: Arial, sans-serif\"><span style=\"font-size: medium\">W\u00e4hrend der Ganztagszeit haben unsere <b>Erstkl\u00e4ssler*innen feste Betreuerinnen<\/b>. <\/span><\/span><span style=\"font-family: Arial, sans-serif\"><span style=\"font-size: medium\">Die Betreuerinnen holen die Kinder aus den Klassen ab und begleiten die Kinder zum Mittagessen. <\/span><\/span><span style=\"font-family: Arial, sans-serif\"><span style=\"font-size: medium\">Nach dem <b>Mittagessen<\/b> werden die <b>Hausaufgaben<\/b> erledigt.<br \/><\/span><\/span><span style=\"font-family: Arial, sans-serif\"><span style=\"font-size: medium\">Die <b>Betreuer*innen arbeiten sehr eng mit den Lehrern*innen<\/b> zusammen. <\/span><\/span><span style=\"font-family: Arial, sans-serif\"><span style=\"font-size: medium\">An manchen Tagen ist es sogar m\u00f6glich, dass einige Lehrer*innen w\u00e4hrend der Hausaufgaben im Ganztag sein k\u00f6nnen.<br \/><\/span><\/span><\/p>\n<p class=\"western\"><span style=\"font-family: Arial, sans-serif\"><span style=\"font-size: medium\">Ab <b>14:00 Uhr<\/b> gibt es ein <b>abwechslungsreiches Programm<\/b>. <\/span><\/span><span style=\"font-family: Arial, sans-serif\"><span style=\"font-size: medium\">Beim Erstellen des Programms gehen die Betreuer individuell auf die W\u00fcnsche der Kinder und des Wetters ein.<br \/><\/span><\/span><span style=\"font-family: Arial, sans-serif\"><span style=\"font-size: medium\">Um die <b>Feinmotorik<\/b> und <b>Ausdauer<\/b> der Kinder spielerisch zu f\u00f6rdern, wurde bei uns in Absprache mit den Lehrer*innen der <b>Scherenf\u00fchrerschein<\/b> und der <b>Bleistiftf\u00fchrerschein<\/b> eingef\u00fchrt. <\/span><\/span><span style=\"font-family: Arial, sans-serif\"><span style=\"font-size: medium\">Am Ende des Schuljahres sind die Kinder sehr stolz diesen F\u00fchrerschein ausgeh\u00e4ndigt zu bekommen.<\/span><\/span><\/p>\n<p class=\"western\"><span style=\"font-family: Arial, sans-serif\"><span style=\"font-size: medium\">Unsere Erstkl\u00e4ssler-Betreuerinnen arbeiten seit 2015 im Team zusammen. <\/span><\/span><span style=\"font-family: Arial, sans-serif\"><span style=\"font-size: medium\">Sie konnten viele Erfahrungen mit unseren Kleinen sammeln und haben sich <b>auf die Betreuung der Erstkl\u00e4ssler spezialisiert.<\/b><\/span><\/span><\/p>\n<p class=\"western\"><span style=\"font-family: Arial, sans-serif\"><span style=\"font-size: medium\"><b>Ab der 2. Klasse gibt es eine andere Bezugsperson, <\/b>die dann die Kinder bis zur 4. Klasse begleitet.<\/span><\/span><\/p>\n<p>Lesen Sie mehr zu den Projekten, die mit den Erstkl\u00e4sslern im Ganztag durchgef\u00fchrt wurden und welche zur Zeit geplant sind, bzw. umgesetzt werden.<\/p>\n<p class=\"western\"><span style=\"font-family: Arial, sans-serif\"><span style=\"font-size: medium\"><u><b>An dieser Stelle m\u00f6chten wir darauf hinweisen, dass ein fr\u00fcheres Abholen vor Ende der Ganztagszeit aus organisatorischen Gr\u00fcnden nicht m\u00f6glich ist !<\/b><\/u><\/span><\/span><\/p>\n<p class=\"western\"><span style=\"font-family: Arial, sans-serif\"><span style=\"font-size: medium\">Telefonisch sind wir von Montag bis Freitag von 11:00 Uhr bis 15:30 Uhr unter der Tel. 015202046558 erreichbar.<\/span><\/span><\/p>\n<p class=\"western\"><span style=\"font-family: Arial, sans-serif\"><span style=\"font-size: medium\">Liebe Gr\u00fc\u00dfe<\/span><\/span><\/p>\n<p class=\"western\"><span style=\"font-family: Arial, sans-serif\"><span style=\"font-size: medium\">Das Ganztagsteam &amp; die Stiftung HELP<\/span><\/span><\/p>\n","protected":false},"excerpt":{"rendered":"<p>W\u00e4hrend der Ganztagszeit haben unsere Erstkl\u00e4ssler*innen feste Betreuerinnen. Die Betreuerinnen holen die Kinder aus den Klassen ab und begleiten die Kinder zum Mittagessen. Nach dem &hellip; <\/p>\n","protected":false},"author":9193915,"featured_media":0,"parent":0,"menu_order":0,"comment_status":"closed","ping_status":"closed","template":"","meta":{"footnotes":""},"class_list":["post-1379","page","type-page","status-publish","hentry"],"_links":{"self":[{"href":"https:\/\/wordpress.nibis.de\/bgs\/wp-json\/wp\/v2\/pages\/1379","targetHints":{"allow":["GET"]}}],"collection":[{"href":"https:\/\/wordpress.nibis.de\/bgs\/wp-json\/wp\/v2\/pages"}],"about":[{"href":"https:\/\/wordpress.nibis.de\/bgs\/wp-json\/wp\/v2\/types\/page"}],"author":[{"embeddable":true,"href":"https:\/\/wordpress.nibis.de\/bgs\/wp-json\/wp\/v2\/users\/9193915"}],"replies":[{"embeddable":true,"href":"https:\/\/wordpress.nibis.de\/bgs\/wp-json\/wp\/v2\/comments?post=1379"}],"version-history":[{"count":1,"href":"https:\/\/wordpress.nibis.de\/bgs\/wp-json\/wp\/v2\/pages\/1379\/revisions"}],"predecessor-version":[{"id":1380,"href":"https:\/\/wordpress.nibis.de\/bgs\/wp-json\/wp\/v2\/pages\/1379\/revisions\/1380"}],"wp:attachment":[{"href":"https:\/\/wordpress.nibis.de\/bgs\/wp-json\/wp\/v2\/media?parent=1379"}],"curies":[{"name":"wp","href":"https:\/\/api.w.org\/{rel}","templated":true}]}}