{"id":1431,"date":"2023-06-07T17:40:35","date_gmt":"2023-06-07T15:40:35","guid":{"rendered":"https:\/\/wordpress.nibis.de\/bgs\/?page_id=1431"},"modified":"2023-06-07T17:48:05","modified_gmt":"2023-06-07T15:48:05","slug":"sportfest-an-der-bgs-letter","status":"publish","type":"page","link":"https:\/\/wordpress.nibis.de\/bgs\/sportfest-an-der-bgs-letter\/","title":{"rendered":"Sportfest an der BGS Letter"},"content":{"rendered":"\n<p>Im vergangenen Schuljahr war unser Sportfest vom Regen verfolgt. Am geplanten Tag konnte es wegen Regenschauer nicht stattfinden und am Ausweichtermin hat es leider auch geregnet. Daher war in diesem Jahr die Freude besonders gro\u00df, als am Tag des Sportfests die Sonne schien und es endlich mal wieder hie\u00df: &#8222;Auf die Pl\u00e4tze, fertig los!&#8220;.<\/p>\n<p>Die ersten und zweiten Klassen feierten ihr Sportfest auf dem Schulhof und in der Turnhalle. Das Sportfest der dritten und vierten Klassen fand zeitgleich im Stadion neben dem Gymnasium statt.<\/p>\n<p>F\u00fcr die Sch\u00fclerinnen und Sch\u00fcler der ersten und zweiten Klassen wurden zahlreiche Stationen aufgebaut, die von vielen Helfern (zumeist Eltern oder Gro\u00dfeltern der Kinder) betreut wurden. Es waren nicht nur sportliche F\u00e4higkeiten wie Laufen, Klettern oder Springen gefragt, sonder vor allem Geschicklichkeit, Balance und Teamgeist.<\/p>\n\n\n\n<figure class=\"wp-block-image size-full\"><img loading=\"lazy\" decoding=\"async\" width=\"700\" height=\"550\" src=\"https:\/\/wordpress.nibis.de\/bgs\/files\/2023\/06\/Laufspiele-Hof.jpg\" alt=\"\" class=\"wp-image-1432\" \/><figcaption>Verschiedene Laufspiele auf dem Schulhof.<\/figcaption><\/figure>\n\n\n\n<div class=\"wp-block-image\"><figure class=\"aligncenter size-full\"><img loading=\"lazy\" decoding=\"async\" width=\"700\" height=\"600\" src=\"https:\/\/wordpress.nibis.de\/bgs\/files\/2023\/06\/Pausenhof-Puzzle-und-Huepfkette.jpg\" alt=\"\" class=\"wp-image-1433\" \/><figcaption>Laufen, puzzeln, h\u00fcpfen&#8230; es waren vielerlei Talente gefordert.<\/figcaption><\/figure><\/div>\n\n\n\n<div class=\"wp-block-image\"><figure class=\"aligncenter size-full\"><img loading=\"lazy\" decoding=\"async\" width=\"700\" height=\"600\" src=\"https:\/\/wordpress.nibis.de\/bgs\/files\/2023\/06\/Schwamm.jpg\" alt=\"\" class=\"wp-image-1434\" \/><figcaption>Laufen, ja klar, war ja Sportfest. Aber auch Geschicklichkeit und Konzentration waren erforderlich, sonst klappte es nicht mit den Schw\u00e4mmen \ud83d\ude42<\/figcaption><\/figure><\/div>\n\n\n\n<figure class=\"wp-block-image size-full\"><img loading=\"lazy\" decoding=\"async\" width=\"700\" height=\"600\" src=\"https:\/\/wordpress.nibis.de\/bgs\/files\/2023\/06\/Barren-u-a-1.jpg\" alt=\"\" class=\"wp-image-1436\" \/><figcaption>In der Turnhalle hatten die Kinder auch viel Freude an den Stationen. <\/figcaption><\/figure>\n\n\n\n<div class=\"wp-block-image\"><figure class=\"aligncenter size-full\"><img loading=\"lazy\" decoding=\"async\" width=\"700\" height=\"600\" src=\"https:\/\/wordpress.nibis.de\/bgs\/files\/2023\/06\/Klettern.jpg\" alt=\"\" class=\"wp-image-1437\" \/><figcaption>An den Seilen konnten die Kinder ihre Kletterkunst unter Beweis stellen.<\/figcaption><\/figure><\/div>\n\n\n\n<figure class=\"wp-block-image size-full is-resized\"><img loading=\"lazy\" decoding=\"async\" src=\"https:\/\/wordpress.nibis.de\/bgs\/files\/2023\/06\/2c.jpg\" alt=\"\" class=\"wp-image-1438\" width=\"615\" height=\"738\" \/><figcaption>Auch die Klasse 2c hatte viel Freude und Spa\u00df an diesem sch\u00f6nen Maitag. <\/figcaption><\/figure>\n\n\n\n<div class=\"wp-block-image\"><figure class=\"aligncenter size-full is-resized\"><img loading=\"lazy\" decoding=\"async\" src=\"https:\/\/wordpress.nibis.de\/bgs\/files\/2023\/06\/Schlange-am-Ende.jpg\" alt=\"\" class=\"wp-image-1439\" width=\"804\" height=\"689\" \/><figcaption>Zum Abschied bildeten alle ersten und zweiten Klassen gemeinsame eine riesengro\u00dfe Kette, dankten den vielen Helfer*innen und feierten den sch\u00f6nen Vormittag.<\/figcaption><\/figure><\/div>\n\n\n\n<p>Vielen Dank an alle Herlferinnen und Helfer! Ohne Sie w\u00e4re dieses Sportfest nicht m\u00f6glich gewesen. Dankesch\u00f6n!<br \/>Herzlichen Dank auch an Herrn Nodewald und den Fachbereich Sport, der die Stationen zusammengestellt und das Sportfest f\u00fcr alle Klassen organisiert hat.<\/p>\n","protected":false},"excerpt":{"rendered":"<p>Im vergangenen Schuljahr war unser Sportfest vom Regen verfolgt. Am geplanten Tag konnte es wegen Regenschauer nicht stattfinden und am Ausweichtermin hat es leider auch &hellip; <\/p>\n","protected":false},"author":9193915,"featured_media":0,"parent":0,"menu_order":0,"comment_status":"closed","ping_status":"closed","template":"","meta":{"footnotes":""},"class_list":["post-1431","page","type-page","status-publish","hentry"],"_links":{"self":[{"href":"https:\/\/wordpress.nibis.de\/bgs\/wp-json\/wp\/v2\/pages\/1431","targetHints":{"allow":["GET"]}}],"collection":[{"href":"https:\/\/wordpress.nibis.de\/bgs\/wp-json\/wp\/v2\/pages"}],"about":[{"href":"https:\/\/wordpress.nibis.de\/bgs\/wp-json\/wp\/v2\/types\/page"}],"author":[{"embeddable":true,"href":"https:\/\/wordpress.nibis.de\/bgs\/wp-json\/wp\/v2\/users\/9193915"}],"replies":[{"embeddable":true,"href":"https:\/\/wordpress.nibis.de\/bgs\/wp-json\/wp\/v2\/comments?post=1431"}],"version-history":[{"count":3,"href":"https:\/\/wordpress.nibis.de\/bgs\/wp-json\/wp\/v2\/pages\/1431\/revisions"}],"predecessor-version":[{"id":1442,"href":"https:\/\/wordpress.nibis.de\/bgs\/wp-json\/wp\/v2\/pages\/1431\/revisions\/1442"}],"wp:attachment":[{"href":"https:\/\/wordpress.nibis.de\/bgs\/wp-json\/wp\/v2\/media?parent=1431"}],"curies":[{"name":"wp","href":"https:\/\/api.w.org\/{rel}","templated":true}]}}