{"id":1540,"date":"2023-08-20T08:46:31","date_gmt":"2023-08-20T06:46:31","guid":{"rendered":"https:\/\/wordpress.nibis.de\/bgs\/?page_id=1540"},"modified":"2023-08-20T08:46:32","modified_gmt":"2023-08-20T06:46:32","slug":"vorlesewettbewerb-an-der-bgs","status":"publish","type":"page","link":"https:\/\/wordpress.nibis.de\/bgs\/vorlesewettbewerb-an-der-bgs\/","title":{"rendered":"Vorlesewettbewerb an der BGS"},"content":{"rendered":"\n<p>Beim diesj\u00e4hrigen Vorlesewettbewerb fiel den Jurymitgliedern die Entscheidung wieder einmal nicht leicht. Die zehn besten Leser des dritten Jahrgangs lasen zuerst ge\u00fcbte Textstellen aus ihren Lieblingsb\u00fcchern vor. Anschlie\u00dfend mussten sie ihr K\u00f6nnen beim Vortrag eines unbekannten Textes beweisen. Alle Klassen des dritten Jahrgangs dr\u00fcckten dabei den von ihnen nominierten Kandidaten die Daumen.<br \/><img loading=\"lazy\" decoding=\"async\" class=\"alignnone size-medium wp-image-1541 aligncenter\" src=\"https:\/\/wordpress.nibis.de\/bgs\/files\/2023\/08\/Vorlesewettbewerb-3-640x478.jpg\" alt=\"\" width=\"640\" height=\"478\" \/><br \/>Den ersten Platz belegte Jakob Lehmann aus der Klasse 3d.<br \/><br \/>Der zweite Platz wurde vergeben an Amilian Poteri aus der Klasse 3e.<br \/><br \/>In diesem Jahr wurde der Platz 3 an zwei Kinder vergeben: Diesen teilen sich Rabea Landvogt aus der Kasse 3c und Emma Kirstenpfad aus der Klasse 3d.<br \/><br \/>F\u00fcr die Unterst\u00fctzung bedanken wir uns herzlich bei Frau Langbehn von der Stadtbibliothek Seelze, unserem F\u00f6rderverein und dem Lesel\u00f6wenverlag.<\/p>\n\n\n\n<p><\/p>\n","protected":false},"excerpt":{"rendered":"<p>Beim diesj\u00e4hrigen Vorlesewettbewerb fiel den Jurymitgliedern die Entscheidung wieder einmal nicht leicht. Die zehn besten Leser des dritten Jahrgangs lasen zuerst ge\u00fcbte Textstellen aus ihren &hellip; <\/p>\n","protected":false},"author":9193915,"featured_media":0,"parent":0,"menu_order":0,"comment_status":"closed","ping_status":"closed","template":"","meta":{"footnotes":""},"class_list":["post-1540","page","type-page","status-publish","hentry"],"_links":{"self":[{"href":"https:\/\/wordpress.nibis.de\/bgs\/wp-json\/wp\/v2\/pages\/1540","targetHints":{"allow":["GET"]}}],"collection":[{"href":"https:\/\/wordpress.nibis.de\/bgs\/wp-json\/wp\/v2\/pages"}],"about":[{"href":"https:\/\/wordpress.nibis.de\/bgs\/wp-json\/wp\/v2\/types\/page"}],"author":[{"embeddable":true,"href":"https:\/\/wordpress.nibis.de\/bgs\/wp-json\/wp\/v2\/users\/9193915"}],"replies":[{"embeddable":true,"href":"https:\/\/wordpress.nibis.de\/bgs\/wp-json\/wp\/v2\/comments?post=1540"}],"version-history":[{"count":1,"href":"https:\/\/wordpress.nibis.de\/bgs\/wp-json\/wp\/v2\/pages\/1540\/revisions"}],"predecessor-version":[{"id":1542,"href":"https:\/\/wordpress.nibis.de\/bgs\/wp-json\/wp\/v2\/pages\/1540\/revisions\/1542"}],"wp:attachment":[{"href":"https:\/\/wordpress.nibis.de\/bgs\/wp-json\/wp\/v2\/media?parent=1540"}],"curies":[{"name":"wp","href":"https:\/\/api.w.org\/{rel}","templated":true}]}}