{"id":1553,"date":"2023-08-20T10:13:42","date_gmt":"2023-08-20T08:13:42","guid":{"rendered":"https:\/\/wordpress.nibis.de\/bgs\/?page_id=1553"},"modified":"2023-08-28T09:36:49","modified_gmt":"2023-08-28T07:36:49","slug":"einschulungsfeiern-in-der-bgs","status":"publish","type":"page","link":"https:\/\/wordpress.nibis.de\/bgs\/einschulungsfeiern-in-der-bgs\/","title":{"rendered":"Einschulungsfeiern in der BGS"},"content":{"rendered":"\n<p>Der Schulanfang &#8211; eine sehr aufregende Zeit f\u00fcr Erstkl\u00e4ssler, ihre Eltern und auch ihre Lehrerinnen. Es gibt so viel vorzubereiten: Ist die Schult\u00fcte fertig? Sind alle Materialien da? Ist f\u00fcr die Feier alles vorbereitet? Was ziehen wir an? Wer kommt \u00fcberhaupt mit zur Feier in der Schule? Wie wird wohl meine Klasse sein? <br>Die Lehrerinnen fragen sich ebenso, ob sie an alles gedacht haben: Habe ich von allen die Materialien? Ist alles fertig f\u00fcr die erste Stunde? Ist der Klassenraum vorbereitet? Wie wird wohl meine Klasse sein?<\/p>\n<p>Fragen \u00fcber Fragen. Sch\u00f6n, wenn es dann endlich soweit ist und alle Kinder und Eltern und auch die Lehrerinnen die Einschulungsfeier genie\u00dfen k\u00f6nnen.<\/p>\n\n\n\n<div class=\"wp-block-image\"><figure class=\"aligncenter size-full\"><img loading=\"lazy\" decoding=\"async\" width=\"600\" height=\"500\" src=\"https:\/\/wordpress.nibis.de\/bgs\/files\/2023\/08\/Einschulung-2023-3.jpg\" alt=\"\" class=\"wp-image-1556\" \/><\/figure><\/div>\n\n\n\n<div class=\"wp-block-image\"><figure class=\"aligncenter size-full\"><img loading=\"lazy\" decoding=\"async\" width=\"600\" height=\"450\" src=\"https:\/\/wordpress.nibis.de\/bgs\/files\/2023\/08\/Einschulung-2023-5.jpg\" alt=\"\" class=\"wp-image-1586\" \/><\/figure><\/div>\n\n\n\n<p>Es gab drei Einschulungsfeiern hintereinander mit immer zwei ersten Klassen, die eingeschult wurden und zwei dritten Klassen, die etwas aufgef\u00fchrt haben. Es gab also sehr viele aufgeregte Kinder. \ud83d\ude42<br>Nach jeder Einschulungsfeier gab es dann sehr viele gl\u00fcckliche Gesichter. Es hat alles gut geklappt. Die Drittkl\u00e4ssler*innen haben ihre vorbereiteten Lieder, Gedichte und T\u00e4nze mit viel Freude und Engagement dargeboten und die Erstkl\u00e4ssler*innen und ihre Eltern freuten sich \u00fcber das bunte Programm. Auch Frau Ahrens und die kleine Hexe Mirola haben sich sehr gefreut. \ud83d\ude42<\/p>\n<p>Anschlie\u00dfend gingen die Erstkl\u00e4ssler*innen mit ihren Klassenlehrerinnen in die vorbereiteten Klassenr\u00e4ume und hatten ihre erste Unterrichtsstunde. Aufregend! Aber bei so liebevoll vorbereiteten Klassenr\u00e4umen, konnte es doch nur sch\u00f6n werden:<\/p>\n\n\n\n<div class=\"wp-block-image\"><figure class=\"aligncenter size-full\"><img loading=\"lazy\" decoding=\"async\" width=\"600\" height=\"500\" src=\"https:\/\/wordpress.nibis.de\/bgs\/files\/2023\/08\/Einschulung-2023-1.jpg\" alt=\"\" class=\"wp-image-1554\" \/><\/figure><\/div>\n\n\n\n<div class=\"wp-block-image\"><figure class=\"aligncenter size-full\"><img loading=\"lazy\" decoding=\"async\" width=\"600\" height=\"500\" src=\"https:\/\/wordpress.nibis.de\/bgs\/files\/2023\/08\/Einschulung-2023-2.jpg\" alt=\"\" class=\"wp-image-1555\" \/><\/figure><\/div>\n\n\n\n<p>W\u00e4hrend der ersten Unterrichtsstunde warteten die Eltern auf dem Schulhof auf ihre Kinder. Der F\u00f6rderverein und die Eltern der Zweitkl\u00e4ssler vers\u00fc\u00dften ihnen die Wartezeit mit Kaffee und Kuchen.<\/p>\n\n\n\n<div class=\"wp-block-image\"><figure class=\"aligncenter size-full\"><img loading=\"lazy\" decoding=\"async\" width=\"600\" height=\"600\" src=\"https:\/\/wordpress.nibis.de\/bgs\/files\/2023\/08\/Einschulung-2023-4.jpg\" alt=\"\" class=\"wp-image-1570\" \/><\/figure><\/div>\n\n\n\n\n\n<p><\/p>\n\n\n\n<p>Nach kurzer Zeit kamen sie dann auch. Die Erstkl\u00e4ssler*innen liefen mit strahlenden Gesichtern aus ihren Klassenr\u00e4umen und auf ihre Eltern zu. Dort nahmen sie dann voller Freude ihre Schult\u00fcte in Empfang, die sie anschlie\u00dfend zu Hause endlich \u00f6ffnen durften.<\/p>\n\n\n\n<p>Was f\u00fcr ein aufregender, aber auch wundersch\u00f6ner Tag!<\/p>\n","protected":false},"excerpt":{"rendered":"<p>Der Schulanfang &#8211; eine sehr aufregende Zeit f\u00fcr Erstkl\u00e4ssler, ihre Eltern und auch ihre Lehrerinnen. Es gibt so viel vorzubereiten: Ist die Schult\u00fcte fertig? Sind &hellip; <\/p>\n","protected":false},"author":9193915,"featured_media":0,"parent":0,"menu_order":0,"comment_status":"closed","ping_status":"closed","template":"","meta":{"footnotes":""},"class_list":["post-1553","page","type-page","status-publish","hentry"],"_links":{"self":[{"href":"https:\/\/wordpress.nibis.de\/bgs\/wp-json\/wp\/v2\/pages\/1553","targetHints":{"allow":["GET"]}}],"collection":[{"href":"https:\/\/wordpress.nibis.de\/bgs\/wp-json\/wp\/v2\/pages"}],"about":[{"href":"https:\/\/wordpress.nibis.de\/bgs\/wp-json\/wp\/v2\/types\/page"}],"author":[{"embeddable":true,"href":"https:\/\/wordpress.nibis.de\/bgs\/wp-json\/wp\/v2\/users\/9193915"}],"replies":[{"embeddable":true,"href":"https:\/\/wordpress.nibis.de\/bgs\/wp-json\/wp\/v2\/comments?post=1553"}],"version-history":[{"count":11,"href":"https:\/\/wordpress.nibis.de\/bgs\/wp-json\/wp\/v2\/pages\/1553\/revisions"}],"predecessor-version":[{"id":1587,"href":"https:\/\/wordpress.nibis.de\/bgs\/wp-json\/wp\/v2\/pages\/1553\/revisions\/1587"}],"wp:attachment":[{"href":"https:\/\/wordpress.nibis.de\/bgs\/wp-json\/wp\/v2\/media?parent=1553"}],"curies":[{"name":"wp","href":"https:\/\/api.w.org\/{rel}","templated":true}]}}