{"id":1605,"date":"2023-11-21T21:58:08","date_gmt":"2023-11-21T20:58:08","guid":{"rendered":"https:\/\/wordpress.nibis.de\/bgs\/?page_id=1605"},"modified":"2023-11-21T21:58:09","modified_gmt":"2023-11-21T20:58:09","slug":"kennenlernfest-2023","status":"publish","type":"page","link":"https:\/\/wordpress.nibis.de\/bgs\/kennenlernfest-2023\/","title":{"rendered":"Kennenlernfest 2023"},"content":{"rendered":"\n<p>Spiel, Spa\u00df, gute Gespr\u00e4che, vergn\u00fcgte Stimmung und viele Gaumenfreuden erwarteten uns bei unserem diesj\u00e4hrigen Kennenlernfest. Es waren wieder viele Kinder, Eltern und auch Gro\u00dfeltern gekommen, um einen wunderbaren Nachmittag miteinander zu verbringen. Alle Klassen hatten Vorbereitungen getroffen und f\u00fcr zahlreiche Spielgelegenheiten, Kaffee &amp; Kuchen, Getr\u00e4nke &amp; Bratwurst, Kinderschminken, Tombola und vieles mehr gesorgt.<\/p>\n\n\n\n<div class=\"wp-block-image\"><figure class=\"aligncenter size-large is-resized\"><img loading=\"lazy\" decoding=\"async\" src=\"https:\/\/wordpress.nibis.de\/bgs\/files\/2023\/11\/Kennenlernfest01-700x675.jpg\" alt=\"\" class=\"wp-image-1606\" width=\"601\" height=\"580\" \/><\/figure><\/div>\n\n\n\n<figure class=\"wp-block-image size-full\"><img loading=\"lazy\" decoding=\"async\" width=\"600\" height=\"600\" src=\"https:\/\/wordpress.nibis.de\/bgs\/files\/2023\/11\/Kennenlernfest04.jpg\" alt=\"\" class=\"wp-image-1607\" \/><\/figure>\n\n\n\n<div class=\"wp-block-image\"><figure class=\"aligncenter size-full\"><img loading=\"lazy\" decoding=\"async\" width=\"600\" height=\"600\" src=\"https:\/\/wordpress.nibis.de\/bgs\/files\/2023\/11\/Kennenlernfest05.jpg\" alt=\"\" class=\"wp-image-1608\" \/><\/figure><\/div>\n\n\n\n\n\n<p>Auch der Sportverein, der Karate-Club, die Polizei und die Feuerwehr waren vertreten. Das Feuerwehrauto war nat\u00fcrlich ein besonderes Highlight f\u00fcr die Kinder.<\/p>\n\n\n\n<figure class=\"wp-block-image size-large is-resized\"><img loading=\"lazy\" decoding=\"async\" src=\"https:\/\/wordpress.nibis.de\/bgs\/files\/2023\/11\/Kennenlernfest02-700x675.jpg\" alt=\"\" class=\"wp-image-1609\" width=\"636\" height=\"613\" \/><\/figure>\n\n\n\n<p>Wir danken allen Mitwirkenden, die diesen sch\u00f6nen Nachmittag erm\u00f6glicht haben, f\u00fcr ihr Engagement. Vielen Dank f\u00fcr die vielen Gespr\u00e4che, Ihren Einsatz bei den Spiel- und Essensst\u00e4nden, die vielen Helfer bei der Vorbereitung, die leckeren Kuchenspenden, &#8230;. einfach f\u00fcr alles. Es war uns wieder einmal eine Freude.<\/p>\n\n\n\n<p><\/p>\n","protected":false},"excerpt":{"rendered":"<p>Spiel, Spa\u00df, gute Gespr\u00e4che, vergn\u00fcgte Stimmung und viele Gaumenfreuden erwarteten uns bei unserem diesj\u00e4hrigen Kennenlernfest. Es waren wieder viele Kinder, Eltern und auch Gro\u00dfeltern gekommen, &hellip; <\/p>\n","protected":false},"author":9193915,"featured_media":0,"parent":0,"menu_order":0,"comment_status":"closed","ping_status":"closed","template":"","meta":{"footnotes":""},"class_list":["post-1605","page","type-page","status-publish","hentry"],"_links":{"self":[{"href":"https:\/\/wordpress.nibis.de\/bgs\/wp-json\/wp\/v2\/pages\/1605","targetHints":{"allow":["GET"]}}],"collection":[{"href":"https:\/\/wordpress.nibis.de\/bgs\/wp-json\/wp\/v2\/pages"}],"about":[{"href":"https:\/\/wordpress.nibis.de\/bgs\/wp-json\/wp\/v2\/types\/page"}],"author":[{"embeddable":true,"href":"https:\/\/wordpress.nibis.de\/bgs\/wp-json\/wp\/v2\/users\/9193915"}],"replies":[{"embeddable":true,"href":"https:\/\/wordpress.nibis.de\/bgs\/wp-json\/wp\/v2\/comments?post=1605"}],"version-history":[{"count":1,"href":"https:\/\/wordpress.nibis.de\/bgs\/wp-json\/wp\/v2\/pages\/1605\/revisions"}],"predecessor-version":[{"id":1610,"href":"https:\/\/wordpress.nibis.de\/bgs\/wp-json\/wp\/v2\/pages\/1605\/revisions\/1610"}],"wp:attachment":[{"href":"https:\/\/wordpress.nibis.de\/bgs\/wp-json\/wp\/v2\/media?parent=1605"}],"curies":[{"name":"wp","href":"https:\/\/api.w.org\/{rel}","templated":true}]}}