{"id":1642,"date":"2023-12-11T14:15:17","date_gmt":"2023-12-11T13:15:17","guid":{"rendered":"https:\/\/wordpress.nibis.de\/bgs\/?page_id=1642"},"modified":"2023-12-11T14:18:02","modified_gmt":"2023-12-11T13:18:02","slug":"basteln-backen-im-advent","status":"publish","type":"page","link":"https:\/\/wordpress.nibis.de\/bgs\/basteln-backen-im-advent\/","title":{"rendered":"Basteln &amp; Backen im Advent"},"content":{"rendered":"\n<p>In der Woche vor dem ersten Advent wurde in der BGS die Advents- und Weihnachtszeit eingel\u00e4utet. Die Klassen haben an verschiedenen Tagen gebacken und gebastelt und das entspannte Miteinander genossen. Es duftete t\u00e4glich in den Fluren nach leckerem Geb\u00e4ck und t\u00e4glich wurde mehr Weihnachtsdekoration aufgeh\u00e4ngt und die R\u00e4ume und Flure versch\u00f6nert. <\/p>\n\n\n\n<div class=\"wp-block-image\"><figure class=\"aligncenter size-full\"><img loading=\"lazy\" decoding=\"async\" width=\"700\" height=\"600\" src=\"https:\/\/wordpress.nibis.de\/bgs\/files\/2023\/12\/Adventsbacken-1.jpg\" alt=\"\" class=\"wp-image-1643\" \/><\/figure><\/div>\n\n\n\n<div class=\"wp-block-image\"><figure class=\"aligncenter size-full\"><img loading=\"lazy\" decoding=\"async\" width=\"700\" height=\"600\" src=\"https:\/\/wordpress.nibis.de\/bgs\/files\/2023\/12\/Adventsbasteln-1.jpg\" alt=\"\" class=\"wp-image-1644\" \/><\/figure><\/div>\n\n\n\n<div class=\"wp-block-image\"><figure class=\"aligncenter size-full\"><img loading=\"lazy\" decoding=\"async\" width=\"700\" height=\"600\" src=\"https:\/\/wordpress.nibis.de\/bgs\/files\/2023\/12\/Adventsbasteln-2.jpg\" alt=\"\" class=\"wp-image-1645\" \/><\/figure><\/div>\n\n\n\n\n\n<p>Wir w\u00fcnschen allen Kindern und Eltern eine sch\u00f6ne Adventszeit und ein wunderbares Weihnachtsfest.<\/p>\n","protected":false},"excerpt":{"rendered":"<p>In der Woche vor dem ersten Advent wurde in der BGS die Advents- und Weihnachtszeit eingel\u00e4utet. Die Klassen haben an verschiedenen Tagen gebacken und gebastelt &hellip; <\/p>\n","protected":false},"author":9193915,"featured_media":0,"parent":0,"menu_order":0,"comment_status":"closed","ping_status":"closed","template":"","meta":{"footnotes":""},"class_list":["post-1642","page","type-page","status-publish","hentry"],"_links":{"self":[{"href":"https:\/\/wordpress.nibis.de\/bgs\/wp-json\/wp\/v2\/pages\/1642","targetHints":{"allow":["GET"]}}],"collection":[{"href":"https:\/\/wordpress.nibis.de\/bgs\/wp-json\/wp\/v2\/pages"}],"about":[{"href":"https:\/\/wordpress.nibis.de\/bgs\/wp-json\/wp\/v2\/types\/page"}],"author":[{"embeddable":true,"href":"https:\/\/wordpress.nibis.de\/bgs\/wp-json\/wp\/v2\/users\/9193915"}],"replies":[{"embeddable":true,"href":"https:\/\/wordpress.nibis.de\/bgs\/wp-json\/wp\/v2\/comments?post=1642"}],"version-history":[{"count":2,"href":"https:\/\/wordpress.nibis.de\/bgs\/wp-json\/wp\/v2\/pages\/1642\/revisions"}],"predecessor-version":[{"id":1647,"href":"https:\/\/wordpress.nibis.de\/bgs\/wp-json\/wp\/v2\/pages\/1642\/revisions\/1647"}],"wp:attachment":[{"href":"https:\/\/wordpress.nibis.de\/bgs\/wp-json\/wp\/v2\/media?parent=1642"}],"curies":[{"name":"wp","href":"https:\/\/api.w.org\/{rel}","templated":true}]}}