{"id":1696,"date":"2024-02-20T08:15:50","date_gmt":"2024-02-20T07:15:50","guid":{"rendered":"https:\/\/wordpress.nibis.de\/bgs\/?page_id=1696"},"modified":"2024-02-20T08:15:53","modified_gmt":"2024-02-20T07:15:53","slug":"fasching-an-der-bgs","status":"publish","type":"page","link":"https:\/\/wordpress.nibis.de\/bgs\/fasching-an-der-bgs\/","title":{"rendered":"Fasching an der BGS"},"content":{"rendered":"\n<p>Am Montag, den 12.02. war es soweit. Bunt verkleidet feierten wir in unserer Schule Fasching. Geschm\u00fcckte Klassenr\u00e4ume und leckere Fr\u00fchst\u00fcckbuffets sorgten f\u00fcr einen sch\u00f6nen Rahmen. Gut gelaunt tanzenten die Kinder mit Frau Schmidt und Herr Schlingmann in der Disco, turnten \u00fcber Ger\u00e4telandschaften in der Sporthalle und zogen als Polonaise durch das Schulgeb\u00e4ude.<\/p>\n\n\n\n<figure class=\"wp-block-image size-large is-resized\"><img loading=\"lazy\" decoding=\"async\" src=\"https:\/\/wordpress.nibis.de\/bgs\/files\/2024\/02\/Fasching-700x675.jpg\" alt=\"\" class=\"wp-image-1698\" width=\"958\" height=\"926\" \/><figcaption>Ausgelassenes Treiben in der Sporthalle.<\/figcaption><\/figure>\n\n\n\n<figure class=\"wp-block-image size-large is-resized\"><img loading=\"lazy\" decoding=\"async\" src=\"https:\/\/wordpress.nibis.de\/bgs\/files\/2024\/02\/Fasching-2-700x675.jpg\" alt=\"\" class=\"wp-image-1699\" width=\"960\" height=\"926\" \/><figcaption>Schwitzen in der Sporthalle und der Disco.<\/figcaption><\/figure>\n\n\n\n<p>Der Rosenmontag war wieder einmal ein voller Erfolg und ein besonderer Tag. Vielen Dank an alle Eltern, die zur Dekoration und dem Fr\u00fchst\u00fcck beigetragen haben. Wir freuen uns schon auf das n\u00e4chste Mal.<\/p>\n","protected":false},"excerpt":{"rendered":"<p>Am Montag, den 12.02. war es soweit. Bunt verkleidet feierten wir in unserer Schule Fasching. Geschm\u00fcckte Klassenr\u00e4ume und leckere Fr\u00fchst\u00fcckbuffets sorgten f\u00fcr einen sch\u00f6nen Rahmen. &hellip; <\/p>\n","protected":false},"author":9193811,"featured_media":0,"parent":0,"menu_order":0,"comment_status":"closed","ping_status":"closed","template":"","meta":{"footnotes":""},"class_list":["post-1696","page","type-page","status-publish","hentry"],"_links":{"self":[{"href":"https:\/\/wordpress.nibis.de\/bgs\/wp-json\/wp\/v2\/pages\/1696","targetHints":{"allow":["GET"]}}],"collection":[{"href":"https:\/\/wordpress.nibis.de\/bgs\/wp-json\/wp\/v2\/pages"}],"about":[{"href":"https:\/\/wordpress.nibis.de\/bgs\/wp-json\/wp\/v2\/types\/page"}],"author":[{"embeddable":true,"href":"https:\/\/wordpress.nibis.de\/bgs\/wp-json\/wp\/v2\/users\/9193811"}],"replies":[{"embeddable":true,"href":"https:\/\/wordpress.nibis.de\/bgs\/wp-json\/wp\/v2\/comments?post=1696"}],"version-history":[{"count":1,"href":"https:\/\/wordpress.nibis.de\/bgs\/wp-json\/wp\/v2\/pages\/1696\/revisions"}],"predecessor-version":[{"id":1700,"href":"https:\/\/wordpress.nibis.de\/bgs\/wp-json\/wp\/v2\/pages\/1696\/revisions\/1700"}],"wp:attachment":[{"href":"https:\/\/wordpress.nibis.de\/bgs\/wp-json\/wp\/v2\/media?parent=1696"}],"curies":[{"name":"wp","href":"https:\/\/api.w.org\/{rel}","templated":true}]}}