{"id":1705,"date":"2024-02-21T13:35:05","date_gmt":"2024-02-21T12:35:05","guid":{"rendered":"https:\/\/wordpress.nibis.de\/bgs\/?page_id=1705"},"modified":"2024-02-21T13:35:06","modified_gmt":"2024-02-21T12:35:06","slug":"gespensterfest-im-kursana","status":"publish","type":"page","link":"https:\/\/wordpress.nibis.de\/bgs\/gespensterfest-im-kursana\/","title":{"rendered":"Gespensterfest im Kursana"},"content":{"rendered":"\n<p>\u00a0<\/p>\n<p>Die Kinder der Pinguinklasse der BGS haben am 16.02.24 die Bewohner*innen des Kursanas besucht. Die Klasse 3e hat Gespensterlieder, ein Gespenstergedicht und auch ein paar Gespensterwitze einge\u00fcbt und im Kursana vorgetragen.<br \/>Anfangs waren die Kinder ganz aufgeregt. Sie sammelten sich im Flur und linsten durch die T\u00fcr zum Speisesaal, in dem sich einige Bewohner*innen des Kursana sammelten und gespannt auf das Gespensterfest der Grundschulkinder warteten. Der Speisesaal war schlie\u00dflich gut gef\u00fcllt und die Sch\u00fcler*innen schon etwas nerv\u00f6s.<\/p>\n\n\n\n<div class=\"wp-block-image\"><figure class=\"aligncenter size-large\"><img loading=\"lazy\" decoding=\"async\" width=\"600\" height=\"675\" src=\"https:\/\/wordpress.nibis.de\/bgs\/files\/2024\/02\/Kursana-1-600x675.jpg\" alt=\"\" class=\"wp-image-1706\" \/><\/figure><\/div>\n\n\n\n<p>Als es losging fiel die Aufregung und Nervosit\u00e4t von den Kindern ab. Begeistert pr\u00e4sentierten Sie ihr einge\u00fcbtes Programm und erfreuten sichtbar die \u00e4lteren Damen und Herren des Kursanas. Die Zuh\u00f6rer*innen spendeten viel Applaus und am\u00fcsierten sich \u00fcber die vorgetragenen Gespensterwitze.<\/p>\n\n\n\n<div class=\"wp-block-image\"><figure class=\"aligncenter size-full\"><img loading=\"lazy\" decoding=\"async\" width=\"600\" height=\"600\" src=\"https:\/\/wordpress.nibis.de\/bgs\/files\/2024\/02\/Kursana-2.jpg\" alt=\"\" class=\"wp-image-1707\" \/><\/figure><\/div>\n\n\n\n<p>Es war ein sch\u00f6nes kleines Gespensterfest und die Kinder der Pinguinklasse sind sich schon jetzt sicher, dass sie in ihrer Grundschulzeit nochmal wiederkommen werden, um die Herzen der Senior*innen zu erfreuen.<\/p>\n","protected":false},"excerpt":{"rendered":"<p>\u00a0 Die Kinder der Pinguinklasse der BGS haben am 16.02.24 die Bewohner*innen des Kursanas besucht. Die Klasse 3e hat Gespensterlieder, ein Gespenstergedicht und auch ein &hellip; <\/p>\n","protected":false},"author":9193811,"featured_media":0,"parent":0,"menu_order":0,"comment_status":"closed","ping_status":"closed","template":"","meta":{"footnotes":""},"class_list":["post-1705","page","type-page","status-publish","hentry"],"_links":{"self":[{"href":"https:\/\/wordpress.nibis.de\/bgs\/wp-json\/wp\/v2\/pages\/1705","targetHints":{"allow":["GET"]}}],"collection":[{"href":"https:\/\/wordpress.nibis.de\/bgs\/wp-json\/wp\/v2\/pages"}],"about":[{"href":"https:\/\/wordpress.nibis.de\/bgs\/wp-json\/wp\/v2\/types\/page"}],"author":[{"embeddable":true,"href":"https:\/\/wordpress.nibis.de\/bgs\/wp-json\/wp\/v2\/users\/9193811"}],"replies":[{"embeddable":true,"href":"https:\/\/wordpress.nibis.de\/bgs\/wp-json\/wp\/v2\/comments?post=1705"}],"version-history":[{"count":1,"href":"https:\/\/wordpress.nibis.de\/bgs\/wp-json\/wp\/v2\/pages\/1705\/revisions"}],"predecessor-version":[{"id":1708,"href":"https:\/\/wordpress.nibis.de\/bgs\/wp-json\/wp\/v2\/pages\/1705\/revisions\/1708"}],"wp:attachment":[{"href":"https:\/\/wordpress.nibis.de\/bgs\/wp-json\/wp\/v2\/media?parent=1705"}],"curies":[{"name":"wp","href":"https:\/\/api.w.org\/{rel}","templated":true}]}}