{"id":1802,"date":"2024-08-08T20:53:06","date_gmt":"2024-08-08T18:53:06","guid":{"rendered":"https:\/\/wordpress.nibis.de\/bgs\/?page_id=1802"},"modified":"2024-08-08T21:03:12","modified_gmt":"2024-08-08T19:03:12","slug":"abschiedsgottesdienst-fuer-die-4-klassen","status":"publish","type":"page","link":"https:\/\/wordpress.nibis.de\/bgs\/abschiedsgottesdienst-fuer-die-4-klassen\/","title":{"rendered":"Abschiedsgottesdienst f\u00fcr die 4. Klassen"},"content":{"rendered":"\n<p>Am 19.6.2024 fand der Abschiedsgottesdienst f\u00fcr die 4. Klassen in der kath. Kirche St. Maria Rosenkranz statt. Im Unterricht hatten die Kinder vorab \u00fcber \u201eErinnerungen an die Grundschulzeit\u201c gesprochen. Auch die mit dem Schulwechsel verbundenen Gef\u00fchle wie \u201eSorgen und Vorfreude\u201c wurden thematisiert. <\/p>\n\n\n\n<div class=\"wp-block-image\"><figure class=\"aligncenter size-large is-resized\"><img loading=\"lazy\" decoding=\"async\" src=\"https:\/\/wordpress.nibis.de\/bgs\/files\/2024\/08\/IMG_1953-1-1200x675.jpeg\" alt=\"\" class=\"wp-image-1804\" width=\"722\" height=\"406\" srcset=\"https:\/\/wordpress.nibis.de\/bgs\/files\/2024\/08\/IMG_1953-1-1200x675.jpeg 1200w, https:\/\/wordpress.nibis.de\/bgs\/files\/2024\/08\/IMG_1953-1-850x478.jpeg 850w, https:\/\/wordpress.nibis.de\/bgs\/files\/2024\/08\/IMG_1953-1-250x141.jpeg 250w\" sizes=\"auto, (max-width: 722px) 100vw, 722px\" \/><\/figure><\/div>\n\n\n\n<p>Die einzelnen Religionsgruppen pr\u00e4sentierten im Gottesdienst eindrucksvoll ihre Ergebnisse. Am Ende gab es von den 3. Klassen eine \u00dcberraschung: die Gro\u00dfen wurden mit dem Lied \u201eAde, Adiue mit Gott\u201c verabschiedet und erhielten am Ausgang ein kleines Geschenk.<\/p>\n\n\n\n<div class=\"wp-block-image\"><figure class=\"aligncenter size-large is-resized\"><img decoding=\"async\" src=\"https:\/\/wordpress.nibis.de\/bgs\/files\/2024\/08\/IMG_1954-1200x675.jpeg\" alt=\"\" class=\"wp-image-1805\" width=\"-9\" height=\"-5\" srcset=\"https:\/\/wordpress.nibis.de\/bgs\/files\/2024\/08\/IMG_1954-1200x675.jpeg 1200w, https:\/\/wordpress.nibis.de\/bgs\/files\/2024\/08\/IMG_1954-850x478.jpeg 850w, https:\/\/wordpress.nibis.de\/bgs\/files\/2024\/08\/IMG_1954-250x141.jpeg 250w\" sizes=\"(max-width: 1200px) 100vw, 1200px\" \/><\/figure><\/div>\n","protected":false},"excerpt":{"rendered":"<p>Am 19.6.2024 fand der Abschiedsgottesdienst f\u00fcr die 4. Klassen in der kath. Kirche St. Maria Rosenkranz statt. Im Unterricht hatten die Kinder vorab \u00fcber \u201eErinnerungen &hellip; <\/p>\n","protected":false},"author":9193915,"featured_media":0,"parent":0,"menu_order":0,"comment_status":"closed","ping_status":"closed","template":"","meta":{"footnotes":""},"class_list":["post-1802","page","type-page","status-publish","hentry"],"_links":{"self":[{"href":"https:\/\/wordpress.nibis.de\/bgs\/wp-json\/wp\/v2\/pages\/1802","targetHints":{"allow":["GET"]}}],"collection":[{"href":"https:\/\/wordpress.nibis.de\/bgs\/wp-json\/wp\/v2\/pages"}],"about":[{"href":"https:\/\/wordpress.nibis.de\/bgs\/wp-json\/wp\/v2\/types\/page"}],"author":[{"embeddable":true,"href":"https:\/\/wordpress.nibis.de\/bgs\/wp-json\/wp\/v2\/users\/9193915"}],"replies":[{"embeddable":true,"href":"https:\/\/wordpress.nibis.de\/bgs\/wp-json\/wp\/v2\/comments?post=1802"}],"version-history":[{"count":2,"href":"https:\/\/wordpress.nibis.de\/bgs\/wp-json\/wp\/v2\/pages\/1802\/revisions"}],"predecessor-version":[{"id":1810,"href":"https:\/\/wordpress.nibis.de\/bgs\/wp-json\/wp\/v2\/pages\/1802\/revisions\/1810"}],"wp:attachment":[{"href":"https:\/\/wordpress.nibis.de\/bgs\/wp-json\/wp\/v2\/media?parent=1802"}],"curies":[{"name":"wp","href":"https:\/\/api.w.org\/{rel}","templated":true}]}}