{"id":1811,"date":"2024-08-08T21:24:20","date_gmt":"2024-08-08T19:24:20","guid":{"rendered":"https:\/\/wordpress.nibis.de\/bgs\/?page_id=1811"},"modified":"2024-08-09T14:17:09","modified_gmt":"2024-08-09T12:17:09","slug":"vorbereitung-auf-die-erstklaessler","status":"publish","type":"page","link":"https:\/\/wordpress.nibis.de\/bgs\/vorbereitung-auf-die-erstklaessler\/","title":{"rendered":"Vorbereitung auf die neuen Schulkinder"},"content":{"rendered":"\n<p>Liebe zuk\u00fcnftige Erstkl\u00e4ssler*innen,<br><br>nun ist es schon fast soweit, ihr werdet am Samstag, 10.08.24 eingeschult. Wir freuen uns schon auf euch und die letzten Vorbereitungen laufen auf Hochtouren. <\/p>\n\n\n\n<p>Frau Henke, unsere Kontaktbeamtin von der Polizei, hat bereits gegen Ende der Ferien euren Schulweg markiert, damit ihr an Kreuzungen wisst, wo ihr die Stra\u00dfe \u00fcberqueren k\u00f6nnt. Denkt daran, immer gut hinzusehen, bevor ihr eine Stra\u00dfe \u00fcberquert. <\/p>\n\n\n\n<figure class=\"wp-block-image size-full is-resized\"><img loading=\"lazy\" decoding=\"async\" src=\"https:\/\/wordpress.nibis.de\/bgs\/files\/2024\/08\/Gelbe-Fuesse.jpg\" alt=\"\" class=\"wp-image-1813\" width=\"696\" height=\"696\" \/><\/figure>\n\n\n\n<p>Nat\u00fcrlich waren auch in der Schule viele Lehrkr\u00e4fte und Kinder flei\u00dfig, um euch einen sch\u00f6nen Empfang zu bereiten. Eure zuk\u00fcnftigen Klassenlehrer*innen haben eure Klassenr\u00e4ume vorbereitet und auch eure Materialien einger\u00e4umt.<\/p>\n\n\n\n<div class=\"wp-block-image is-style-default\"><figure class=\"aligncenter size-large is-resized\"><img loading=\"lazy\" decoding=\"async\" src=\"https:\/\/wordpress.nibis.de\/bgs\/files\/2024\/08\/Vorbereitung-1-600x675.jpg\" alt=\"\" class=\"wp-image-1824\" width=\"632\" height=\"711\" \/><\/figure><\/div>\n\n\n\n<div class=\"wp-block-image\"><figure class=\"aligncenter size-full\"><img loading=\"lazy\" decoding=\"async\" width=\"600\" height=\"600\" src=\"https:\/\/wordpress.nibis.de\/bgs\/files\/2024\/08\/Vorbereitung-2-klein.jpg\" alt=\"\" class=\"wp-image-1828\" \/><\/figure><\/div>\n\n\n\n<p>Die Kinder und Lehrkr\u00e4fte des dritten Jahrgangs \u00fcben flei\u00dfig f\u00fcr eure Einschulungsfeier.<\/p>\n\n\n\n<div class=\"wp-block-image\"><figure class=\"aligncenter size-full\"><img loading=\"lazy\" decoding=\"async\" width=\"600\" height=\"500\" src=\"https:\/\/wordpress.nibis.de\/bgs\/files\/2024\/08\/Buehne.jpg\" alt=\"\" class=\"wp-image-1829\" \/><\/figure><\/div>\n\n\n\n<p>Wir alle w\u00fcnschen euch eine wunderbare Feier am Samstag mit einer tollen ersten Schulstunde! Und am nachfolgenden Montag w\u00fcnschen wir euch einen guten Start in euer erstes Schuljahr!<\/p>\n","protected":false},"excerpt":{"rendered":"<p>Liebe zuk\u00fcnftige Erstkl\u00e4ssler*innen, nun ist es schon fast soweit, ihr werdet am Samstag, 10.08.24 eingeschult. Wir freuen uns schon auf euch und die letzten Vorbereitungen &hellip; <\/p>\n","protected":false},"author":9193915,"featured_media":0,"parent":0,"menu_order":0,"comment_status":"closed","ping_status":"closed","template":"","meta":{"footnotes":""},"class_list":["post-1811","page","type-page","status-publish","hentry"],"_links":{"self":[{"href":"https:\/\/wordpress.nibis.de\/bgs\/wp-json\/wp\/v2\/pages\/1811","targetHints":{"allow":["GET"]}}],"collection":[{"href":"https:\/\/wordpress.nibis.de\/bgs\/wp-json\/wp\/v2\/pages"}],"about":[{"href":"https:\/\/wordpress.nibis.de\/bgs\/wp-json\/wp\/v2\/types\/page"}],"author":[{"embeddable":true,"href":"https:\/\/wordpress.nibis.de\/bgs\/wp-json\/wp\/v2\/users\/9193915"}],"replies":[{"embeddable":true,"href":"https:\/\/wordpress.nibis.de\/bgs\/wp-json\/wp\/v2\/comments?post=1811"}],"version-history":[{"count":8,"href":"https:\/\/wordpress.nibis.de\/bgs\/wp-json\/wp\/v2\/pages\/1811\/revisions"}],"predecessor-version":[{"id":1831,"href":"https:\/\/wordpress.nibis.de\/bgs\/wp-json\/wp\/v2\/pages\/1811\/revisions\/1831"}],"wp:attachment":[{"href":"https:\/\/wordpress.nibis.de\/bgs\/wp-json\/wp\/v2\/media?parent=1811"}],"curies":[{"name":"wp","href":"https:\/\/api.w.org\/{rel}","templated":true}]}}