{"id":1900,"date":"2024-11-01T11:47:47","date_gmt":"2024-11-01T10:47:47","guid":{"rendered":"https:\/\/wordpress.nibis.de\/bgs\/?page_id=1900"},"modified":"2024-11-01T11:47:48","modified_gmt":"2024-11-01T10:47:48","slug":"neues-pausenspielzeug-vom-foerderverein","status":"publish","type":"page","link":"https:\/\/wordpress.nibis.de\/bgs\/neues-pausenspielzeug-vom-foerderverein\/","title":{"rendered":"Neues Pausenspielzeug vom F\u00f6rderverein"},"content":{"rendered":"\n<p>Der F\u00f6rderverein tut viel Gutes f\u00fcr unsere Schule. Unter anderem schafft unser F\u00f6rderverein regelm\u00e4\u00dfig Pausenspielzeug f\u00fcr die Klassen an. In den ersten Wochen nach den Sommerferien konnten sich die Kinder unserer Schule wieder \u00fcber eine neue Spielzeugkiste f\u00fcr die Pausen freuen.<\/p>\n\n\n\n<div class=\"wp-block-image\"><figure class=\"aligncenter size-full\"><img loading=\"lazy\" decoding=\"async\" width=\"600\" height=\"425\" src=\"https:\/\/wordpress.nibis.de\/bgs\/files\/2024\/11\/IMG_0183-1.jpeg\" alt=\"\" class=\"wp-image-1902\" srcset=\"https:\/\/wordpress.nibis.de\/bgs\/files\/2024\/11\/IMG_0183-1.jpeg 600w, https:\/\/wordpress.nibis.de\/bgs\/files\/2024\/11\/IMG_0183-1-120x85.jpeg 120w\" sizes=\"auto, (max-width: 600px) 100vw, 600px\" \/><figcaption>Dar\u00fcber freuen sich die Kinder &#8211; neues Spielzeug f\u00fcr die Pausen.<\/figcaption><\/figure><\/div>\n\n\n\n<p>Vielen Dank an den F\u00f6rderverein f\u00fcr die viele Freude, die dadurch den Kindern in unserer Schule geschenkt wird!<\/p>\n\n\n\n<figure class=\"wp-block-image size-full\"><img loading=\"lazy\" decoding=\"async\" width=\"600\" height=\"450\" src=\"https:\/\/wordpress.nibis.de\/bgs\/files\/2024\/11\/IMG_0210.jpeg\" alt=\"\" class=\"wp-image-1903\" \/><\/figure>\n","protected":false},"excerpt":{"rendered":"<p>Der F\u00f6rderverein tut viel Gutes f\u00fcr unsere Schule. Unter anderem schafft unser F\u00f6rderverein regelm\u00e4\u00dfig Pausenspielzeug f\u00fcr die Klassen an. In den ersten Wochen nach den &hellip; <\/p>\n","protected":false},"author":9193915,"featured_media":0,"parent":0,"menu_order":0,"comment_status":"closed","ping_status":"closed","template":"","meta":{"footnotes":""},"class_list":["post-1900","page","type-page","status-publish","hentry"],"_links":{"self":[{"href":"https:\/\/wordpress.nibis.de\/bgs\/wp-json\/wp\/v2\/pages\/1900","targetHints":{"allow":["GET"]}}],"collection":[{"href":"https:\/\/wordpress.nibis.de\/bgs\/wp-json\/wp\/v2\/pages"}],"about":[{"href":"https:\/\/wordpress.nibis.de\/bgs\/wp-json\/wp\/v2\/types\/page"}],"author":[{"embeddable":true,"href":"https:\/\/wordpress.nibis.de\/bgs\/wp-json\/wp\/v2\/users\/9193915"}],"replies":[{"embeddable":true,"href":"https:\/\/wordpress.nibis.de\/bgs\/wp-json\/wp\/v2\/comments?post=1900"}],"version-history":[{"count":1,"href":"https:\/\/wordpress.nibis.de\/bgs\/wp-json\/wp\/v2\/pages\/1900\/revisions"}],"predecessor-version":[{"id":1904,"href":"https:\/\/wordpress.nibis.de\/bgs\/wp-json\/wp\/v2\/pages\/1900\/revisions\/1904"}],"wp:attachment":[{"href":"https:\/\/wordpress.nibis.de\/bgs\/wp-json\/wp\/v2\/media?parent=1900"}],"curies":[{"name":"wp","href":"https:\/\/api.w.org\/{rel}","templated":true}]}}