{"id":1911,"date":"2024-11-01T12:25:38","date_gmt":"2024-11-01T11:25:38","guid":{"rendered":"https:\/\/wordpress.nibis.de\/bgs\/?page_id=1911"},"modified":"2024-11-07T12:05:59","modified_gmt":"2024-11-07T11:05:59","slug":"der-foerderverein-unterstuetzt-bei-der-einschulung","status":"publish","type":"page","link":"https:\/\/wordpress.nibis.de\/bgs\/der-foerderverein-unterstuetzt-bei-der-einschulung\/","title":{"rendered":"Der F\u00f6rderverein unterst\u00fctzt bei der Einschulung"},"content":{"rendered":"\n<p style=\"text-align: left\">Jedes Schuljahr beginnt mit viel Vorfreude und Aufregung: die neuen Erstkl\u00e4sser*innen werden eingeschult. Die Einschulungsfeier wird geplant und organisiert. Es werden Lieder, T\u00e4nze oder kleine Theaterst\u00fccke einge\u00fcbt und geprobt. Viele Menschen engagieren sich, um den neuen Erstkl\u00e4sser*innen und nat\u00fcrlich auch ihren Familien eine wunderbare Einschulung zu erm\u00f6glichen. Dazu geh\u00f6rt nat\u00fcrlich auch, dass man sich \u00fcberlegt, wie man f\u00fcr Eltern und Kinder die Wartezeit vor und nach der Einschulungsfeier vers\u00fc\u00dfen kann. Da kommt jedes Jahr der F\u00f6rderverein in Spiel. <br \/>Seit vielen Jahren unters\u00fctzt uns der F\u00f6rderverein bei der Einschulungsfeier, in dem er auf dem Pausenhof den wartenden G\u00e4sten Getr\u00e4nke anbietet und die Elternschaft des zweiten Jahrgangs beim Kuchenverkauf unterst\u00fctzt. Ohne den F\u00f6rderverein w\u00e4ren solch unbeschwerte Einschulungen nicht m\u00f6glich. Vielen herzlichen Dank daf\u00fcr!<\/p>\n\n\n\n<figure class=\"wp-block-image size-full\"><img loading=\"lazy\" decoding=\"async\" width=\"600\" height=\"500\" src=\"https:\/\/wordpress.nibis.de\/bgs\/files\/2024\/11\/Einschulung-Foerderverein.jpg\" alt=\"\" class=\"wp-image-1908\" \/><\/figure>\n","protected":false},"excerpt":{"rendered":"<p>Jedes Schuljahr beginnt mit viel Vorfreude und Aufregung: die neuen Erstkl\u00e4sser*innen werden eingeschult. Die Einschulungsfeier wird geplant und organisiert. Es werden Lieder, T\u00e4nze oder kleine &hellip; <\/p>\n","protected":false},"author":9193915,"featured_media":0,"parent":0,"menu_order":0,"comment_status":"closed","ping_status":"closed","template":"","meta":{"footnotes":""},"class_list":["post-1911","page","type-page","status-publish","hentry"],"_links":{"self":[{"href":"https:\/\/wordpress.nibis.de\/bgs\/wp-json\/wp\/v2\/pages\/1911","targetHints":{"allow":["GET"]}}],"collection":[{"href":"https:\/\/wordpress.nibis.de\/bgs\/wp-json\/wp\/v2\/pages"}],"about":[{"href":"https:\/\/wordpress.nibis.de\/bgs\/wp-json\/wp\/v2\/types\/page"}],"author":[{"embeddable":true,"href":"https:\/\/wordpress.nibis.de\/bgs\/wp-json\/wp\/v2\/users\/9193915"}],"replies":[{"embeddable":true,"href":"https:\/\/wordpress.nibis.de\/bgs\/wp-json\/wp\/v2\/comments?post=1911"}],"version-history":[{"count":2,"href":"https:\/\/wordpress.nibis.de\/bgs\/wp-json\/wp\/v2\/pages\/1911\/revisions"}],"predecessor-version":[{"id":1953,"href":"https:\/\/wordpress.nibis.de\/bgs\/wp-json\/wp\/v2\/pages\/1911\/revisions\/1953"}],"wp:attachment":[{"href":"https:\/\/wordpress.nibis.de\/bgs\/wp-json\/wp\/v2\/media?parent=1911"}],"curies":[{"name":"wp","href":"https:\/\/api.w.org\/{rel}","templated":true}]}}