{"id":1915,"date":"2024-11-04T08:25:23","date_gmt":"2024-11-04T07:25:23","guid":{"rendered":"https:\/\/wordpress.nibis.de\/bgs\/?page_id=1915"},"modified":"2024-11-07T11:56:42","modified_gmt":"2024-11-07T10:56:42","slug":"weltkindertag-in-seelze","status":"publish","type":"page","link":"https:\/\/wordpress.nibis.de\/bgs\/weltkindertag-in-seelze\/","title":{"rendered":"Weltkindertag in Seelze"},"content":{"rendered":"\n<p>Am Weltkindertag, 20.09.2024, gab es ein Treffen mit den 3. und 4. Klassen der Regenbogenschule und Vertreter*innen der Grundschule Lohnde und der Br\u00fcder-Grimm-Schule. Gegen\u00fcber vom Rathaus Seelze malten die Kinder auf dem Platz mit Kreide ihre Forderungen und W\u00fcnsche auf die Stra\u00dfe. Danach gab es die Reden einiger Kinder zu Kinderrechten. Angemahnt wurde z.B., dass Kinderrechte nicht im Grundgesetz stehen oder Hilfe f\u00fcr Kinder in Notlagen. Sie w\u00fcnschen sich z.B. auch Frieden in Europa und dass der Hass im Internet aufh\u00f6rt, damit Menschen aller Nationen in Deutschland friedlich und ohne Rassismus zusammenleben k\u00f6nnen. Der B\u00fcrgermeister der Stadt Seelze, Herr Masthoff, hat sich bei den Kindern f\u00fcr die sch\u00f6ne Aktion bedankt und bekr\u00e4ftigt, dass Kinderrechte ein wichtiges Thema auch im Rathaus sind.<\/p>\n\n\n\n<div class=\"wp-block-image\"><figure class=\"aligncenter size-full\"><img loading=\"lazy\" decoding=\"async\" width=\"600\" height=\"500\" src=\"https:\/\/wordpress.nibis.de\/bgs\/files\/2024\/11\/Weltkindertag-2024.jpg\" alt=\"\" class=\"wp-image-1916\" \/><\/figure><\/div>\n","protected":false},"excerpt":{"rendered":"<p>Am Weltkindertag, 20.09.2024, gab es ein Treffen mit den 3. und 4. Klassen der Regenbogenschule und Vertreter*innen der Grundschule Lohnde und der Br\u00fcder-Grimm-Schule. Gegen\u00fcber vom &hellip; <\/p>\n","protected":false},"author":9193915,"featured_media":0,"parent":0,"menu_order":0,"comment_status":"closed","ping_status":"closed","template":"","meta":{"footnotes":""},"class_list":["post-1915","page","type-page","status-publish","hentry"],"_links":{"self":[{"href":"https:\/\/wordpress.nibis.de\/bgs\/wp-json\/wp\/v2\/pages\/1915","targetHints":{"allow":["GET"]}}],"collection":[{"href":"https:\/\/wordpress.nibis.de\/bgs\/wp-json\/wp\/v2\/pages"}],"about":[{"href":"https:\/\/wordpress.nibis.de\/bgs\/wp-json\/wp\/v2\/types\/page"}],"author":[{"embeddable":true,"href":"https:\/\/wordpress.nibis.de\/bgs\/wp-json\/wp\/v2\/users\/9193915"}],"replies":[{"embeddable":true,"href":"https:\/\/wordpress.nibis.de\/bgs\/wp-json\/wp\/v2\/comments?post=1915"}],"version-history":[{"count":3,"href":"https:\/\/wordpress.nibis.de\/bgs\/wp-json\/wp\/v2\/pages\/1915\/revisions"}],"predecessor-version":[{"id":1950,"href":"https:\/\/wordpress.nibis.de\/bgs\/wp-json\/wp\/v2\/pages\/1915\/revisions\/1950"}],"wp:attachment":[{"href":"https:\/\/wordpress.nibis.de\/bgs\/wp-json\/wp\/v2\/media?parent=1915"}],"curies":[{"name":"wp","href":"https:\/\/api.w.org\/{rel}","templated":true}]}}