{"id":1919,"date":"2024-11-04T08:39:33","date_gmt":"2024-11-04T07:39:33","guid":{"rendered":"https:\/\/wordpress.nibis.de\/bgs\/?page_id=1919"},"modified":"2024-11-07T11:54:54","modified_gmt":"2024-11-07T10:54:54","slug":"1919-2","status":"publish","type":"page","link":"https:\/\/wordpress.nibis.de\/bgs\/1919-2\/","title":{"rendered":"Spende an das Tierheim"},"content":{"rendered":"\n<p>Insgesamt 12.000 Euro Spenden hat der Spendenlauf ergeben, eine beeindruckende Summe. Hier nochmal ein gro\u00dfes Dankesch\u00f6n an alle L\u00e4uferinnen und L\u00e4ufer, an alle Eltern, Gro\u00dfeltern und an alle anderen Spenderinnen und Spender. <br \/><br \/>Endlich war es am 12.09.2024 soweit, dass die H\u00e4lfte der gesammelten Spenden vom Spendenlauf an das Tierheim \u00fcbergeben werden konnte! (Die andere H\u00e4lfte ging an unseren F\u00f6rderverein). Die Kinder der Br\u00fcder-Grimm-Schule hatten in ihren Klassenr\u00e4ten beraten, f\u00fcr welchen guten Zweck die Spenden sein sollen. Die Mehrheit hat f\u00fcr das Tierheim gestimmt.<\/p>\n\n\n\n<div class=\"wp-block-image\"><figure class=\"aligncenter size-full\"><img loading=\"lazy\" decoding=\"async\" width=\"600\" height=\"500\" src=\"https:\/\/wordpress.nibis.de\/bgs\/files\/2024\/11\/Spende-Tierheim.jpg\" alt=\"\" class=\"wp-image-1920\" \/><\/figure><\/div>\n\n\n\n<p>Der Vorsitzende des Tierschutzvereins Hannover, Herr Carsten Frey, hat sich \u00fcber die gro\u00dfz\u00fcgige Summe von 6000 \u20ac bei der \u00dcbergabe des Schecks vor allen Sch\u00fclerinnen und Sch\u00fclern herzlich bedankt. Das Tierheim baut eine neue Krankenstation, denn die jetzige ist schon sehr alt. Daher kann er das Geld daf\u00fcr gut gebrauchen. Er hat auch die Klassen zu einem Besuch eingeladen, um die Tiere dort sehen zu k\u00f6nnen.<\/p>\n","protected":false},"excerpt":{"rendered":"<p>Insgesamt 12.000 Euro Spenden hat der Spendenlauf ergeben, eine beeindruckende Summe. Hier nochmal ein gro\u00dfes Dankesch\u00f6n an alle L\u00e4uferinnen und L\u00e4ufer, an alle Eltern, Gro\u00dfeltern &hellip; <\/p>\n","protected":false},"author":9193915,"featured_media":0,"parent":0,"menu_order":0,"comment_status":"closed","ping_status":"closed","template":"","meta":{"footnotes":""},"class_list":["post-1919","page","type-page","status-publish","hentry"],"_links":{"self":[{"href":"https:\/\/wordpress.nibis.de\/bgs\/wp-json\/wp\/v2\/pages\/1919","targetHints":{"allow":["GET"]}}],"collection":[{"href":"https:\/\/wordpress.nibis.de\/bgs\/wp-json\/wp\/v2\/pages"}],"about":[{"href":"https:\/\/wordpress.nibis.de\/bgs\/wp-json\/wp\/v2\/types\/page"}],"author":[{"embeddable":true,"href":"https:\/\/wordpress.nibis.de\/bgs\/wp-json\/wp\/v2\/users\/9193915"}],"replies":[{"embeddable":true,"href":"https:\/\/wordpress.nibis.de\/bgs\/wp-json\/wp\/v2\/comments?post=1919"}],"version-history":[{"count":3,"href":"https:\/\/wordpress.nibis.de\/bgs\/wp-json\/wp\/v2\/pages\/1919\/revisions"}],"predecessor-version":[{"id":1948,"href":"https:\/\/wordpress.nibis.de\/bgs\/wp-json\/wp\/v2\/pages\/1919\/revisions\/1948"}],"wp:attachment":[{"href":"https:\/\/wordpress.nibis.de\/bgs\/wp-json\/wp\/v2\/media?parent=1919"}],"curies":[{"name":"wp","href":"https:\/\/api.w.org\/{rel}","templated":true}]}}