{"id":2078,"date":"2025-04-01T22:45:28","date_gmt":"2025-04-01T20:45:28","guid":{"rendered":"https:\/\/wordpress.nibis.de\/bgs\/?page_id=2078"},"modified":"2025-04-01T23:11:11","modified_gmt":"2025-04-01T21:11:11","slug":"fahrradkontrolle-im-4-jg","status":"publish","type":"page","link":"https:\/\/wordpress.nibis.de\/bgs\/fahrradkontrolle-im-4-jg\/","title":{"rendered":"Fahrradkontrolle im 4. Jg"},"content":{"rendered":"\n<p>&#8222;Das verkehrssichere Fahrrad&#8220;, so lautet das aktuelle Thema im Sachunterricht der 4. Klassen. Was ben\u00f6tigt ein Fahrrad, um verkehrssicher zu sein? Wo m\u00fcssen sich die Reflektoren befinden? Wie viele Reflektoren m\u00fcssen \u00fcberhaupt am Fahrrad sein? &#8230; Diese und noch viele Fragen mehr werden besprochen und beantwortet. Auch unsere Kontaktbeamtin Frau Henke unters\u00fctzt uns bei diesem Thema und besuchte bereits alle 4. Klassen, um die Kinder anschaulich dar\u00fcber zu informieren, was ihr Fahrrad ben\u00f6tigt, um verkehrssicher zu sein. Die Kontrolle der Fahrr\u00e4der aller 4. Kl\u00e4ssler wurde ebenfalls von Frau Henke durchgef\u00fchrt.<\/p>\n\n\n\n<div class=\"wp-block-image\"><figure class=\"aligncenter size-full\"><img loading=\"lazy\" decoding=\"async\" width=\"600\" height=\"600\" src=\"https:\/\/wordpress.nibis.de\/bgs\/files\/2025\/04\/Fahrradkontrolle-1.jpg\" alt=\"\" class=\"wp-image-2079\" \/><\/figure><\/div>\n\n\n\n<p>Frau Henke kontrollierte jedoch nicht nur die Fahrr\u00e4der, sondern auch die Helme der Kinder. Dabei wurde dann auch schon mal eine Schn\u00fcre richtig eingef\u00e4delt oder mit Kabelbinder befestigt, damit jeder Helm richtig sitzt und das Kind sch\u00fctzt. Alle Fahrr\u00e4der, die sich als verkehrssicher erwiesen haben, bekamen eine Plakette und der stolze Besitzer, bzw. die stolze Besitzerin durfte mit dem Fahrrad eine Runde auf dem Schulhof drehen.<\/p>\n<p>Vielen Dank an Frau Henke f\u00fcr Ihr Engagement f\u00fcr unsere Sch\u00fcler:innen!<\/p>\n\n\n\n<div class=\"wp-block-image\"><figure class=\"aligncenter size-full\"><img loading=\"lazy\" decoding=\"async\" width=\"600\" height=\"600\" src=\"https:\/\/wordpress.nibis.de\/bgs\/files\/2025\/04\/Fahrradkontrolle-2.jpg\" alt=\"\" class=\"wp-image-2080\" \/><\/figure><\/div>\n","protected":false},"excerpt":{"rendered":"<p>&#8222;Das verkehrssichere Fahrrad&#8220;, so lautet das aktuelle Thema im Sachunterricht der 4. Klassen. Was ben\u00f6tigt ein Fahrrad, um verkehrssicher zu sein? Wo m\u00fcssen sich die &hellip; <\/p>\n","protected":false},"author":9193915,"featured_media":0,"parent":0,"menu_order":0,"comment_status":"closed","ping_status":"closed","template":"","meta":{"footnotes":""},"class_list":["post-2078","page","type-page","status-publish","hentry"],"_links":{"self":[{"href":"https:\/\/wordpress.nibis.de\/bgs\/wp-json\/wp\/v2\/pages\/2078","targetHints":{"allow":["GET"]}}],"collection":[{"href":"https:\/\/wordpress.nibis.de\/bgs\/wp-json\/wp\/v2\/pages"}],"about":[{"href":"https:\/\/wordpress.nibis.de\/bgs\/wp-json\/wp\/v2\/types\/page"}],"author":[{"embeddable":true,"href":"https:\/\/wordpress.nibis.de\/bgs\/wp-json\/wp\/v2\/users\/9193915"}],"replies":[{"embeddable":true,"href":"https:\/\/wordpress.nibis.de\/bgs\/wp-json\/wp\/v2\/comments?post=2078"}],"version-history":[{"count":2,"href":"https:\/\/wordpress.nibis.de\/bgs\/wp-json\/wp\/v2\/pages\/2078\/revisions"}],"predecessor-version":[{"id":2088,"href":"https:\/\/wordpress.nibis.de\/bgs\/wp-json\/wp\/v2\/pages\/2078\/revisions\/2088"}],"wp:attachment":[{"href":"https:\/\/wordpress.nibis.de\/bgs\/wp-json\/wp\/v2\/media?parent=2078"}],"curies":[{"name":"wp","href":"https:\/\/api.w.org\/{rel}","templated":true}]}}