{"id":2095,"date":"2025-05-12T11:12:45","date_gmt":"2025-05-12T09:12:45","guid":{"rendered":"https:\/\/wordpress.nibis.de\/bgs\/?page_id=2095"},"modified":"2025-05-12T11:12:47","modified_gmt":"2025-05-12T09:12:47","slug":"die-otterklasse-2e-sammelt-muell-fuer-eine-saubere-umwelt","status":"publish","type":"page","link":"https:\/\/wordpress.nibis.de\/bgs\/die-otterklasse-2e-sammelt-muell-fuer-eine-saubere-umwelt\/","title":{"rendered":"Die Otterklasse 2e sammelt M\u00fcll f\u00fcr eine saubere Umwelt"},"content":{"rendered":"\n<p>Am 27. Februar 2025 war die Otterklasse 2e mit Handschuhen, M\u00fcllzangen und viel Tatendrang unterwegs, um im Umfeld der Schule M\u00fcll zu sammeln. Ausger\u00fcstet mit Eimern und S\u00e4cken machten sich die Kinder gemeinsam mit ihrer Klassenlehrerin auf den Weg \u2013 und waren \u00fcberrascht, wie viel Unrat sie auf Gehwegen, Gr\u00fcnfl\u00e4chen und Spielpl\u00e4tzen fanden.<\/p>\n\n\n\n<div class=\"wp-block-image\"><figure class=\"aligncenter size-full\"><img loading=\"lazy\" decoding=\"async\" width=\"600\" height=\"445\" src=\"https:\/\/wordpress.nibis.de\/bgs\/files\/2025\/05\/Muell1.jpg\" alt=\"\" class=\"wp-image-2096\" \/><\/figure><\/div>\n\n\n\n<p>Besonders erschreckend war f\u00fcr viele, wie viele Zigarettenstummel achtlos weggeworfen worden waren \u2013 und dass sogar Sperrm\u00fcll einfach mitten in der Natur lag. Trotzdem lie\u00dfen sich die Kinder die gute Laune nicht nehmen. Mit gro\u00dfem Einsatz und viel Freude sammelten sie jeden noch so kleinen M\u00fcllfetzen ein.<\/p>\n<p>Am Ende der Aktion wurde der gesammelte Abfall gemeinsam sortiert. Die Kinder lernten dabei, welche Materialien recycelt werden k\u00f6nnen und wie wichtig es ist, M\u00fcll richtig zu entsorgen.<\/p>\n\n\n\n<div class=\"wp-block-image\"><figure class=\"aligncenter size-full\"><img loading=\"lazy\" decoding=\"async\" width=\"376\" height=\"600\" src=\"https:\/\/wordpress.nibis.de\/bgs\/files\/2025\/05\/Muell2.jpg\" alt=\"\" class=\"wp-image-2097\" \/><\/figure><\/div>\n\n\n\n<p>Besonders stolz waren die Otter am Ende des Tages auf ihr Engagement: \u201eWir wollen, dass die Tiere in der Natur gesund leben k\u00f6nnen und nicht am M\u00fcll sterben\u201c, sagte ein Kind \u2013 ein Gedanke, der die ganze Klasse verbindet. Die M\u00fcllsammelaktion war nicht nur ein aktiver Beitrag zum Umweltschutz, sondern hat den Kindern auch gezeigt, wie wichtig jeder einzelne Schritt in Richtung einer sauberen und lebenswerten Umwelt ist.<\/p>\n\n\n\n<div class=\"wp-block-image\"><figure class=\"aligncenter size-full\"><img loading=\"lazy\" decoding=\"async\" width=\"450\" height=\"600\" src=\"https:\/\/wordpress.nibis.de\/bgs\/files\/2025\/05\/Muell3.jpg\" alt=\"\" class=\"wp-image-2098\" \/><\/figure><\/div>\n","protected":false},"excerpt":{"rendered":"<p>Am 27. Februar 2025 war die Otterklasse 2e mit Handschuhen, M\u00fcllzangen und viel Tatendrang unterwegs, um im Umfeld der Schule M\u00fcll zu sammeln. Ausger\u00fcstet mit &hellip; <\/p>\n","protected":false},"author":9193811,"featured_media":0,"parent":0,"menu_order":0,"comment_status":"closed","ping_status":"closed","template":"","meta":{"footnotes":""},"class_list":["post-2095","page","type-page","status-publish","hentry"],"_links":{"self":[{"href":"https:\/\/wordpress.nibis.de\/bgs\/wp-json\/wp\/v2\/pages\/2095","targetHints":{"allow":["GET"]}}],"collection":[{"href":"https:\/\/wordpress.nibis.de\/bgs\/wp-json\/wp\/v2\/pages"}],"about":[{"href":"https:\/\/wordpress.nibis.de\/bgs\/wp-json\/wp\/v2\/types\/page"}],"author":[{"embeddable":true,"href":"https:\/\/wordpress.nibis.de\/bgs\/wp-json\/wp\/v2\/users\/9193811"}],"replies":[{"embeddable":true,"href":"https:\/\/wordpress.nibis.de\/bgs\/wp-json\/wp\/v2\/comments?post=2095"}],"version-history":[{"count":1,"href":"https:\/\/wordpress.nibis.de\/bgs\/wp-json\/wp\/v2\/pages\/2095\/revisions"}],"predecessor-version":[{"id":2099,"href":"https:\/\/wordpress.nibis.de\/bgs\/wp-json\/wp\/v2\/pages\/2095\/revisions\/2099"}],"wp:attachment":[{"href":"https:\/\/wordpress.nibis.de\/bgs\/wp-json\/wp\/v2\/media?parent=2095"}],"curies":[{"name":"wp","href":"https:\/\/api.w.org\/{rel}","templated":true}]}}