{"id":2102,"date":"2025-05-12T11:38:03","date_gmt":"2025-05-12T09:38:03","guid":{"rendered":"https:\/\/wordpress.nibis.de\/bgs\/?page_id=2102"},"modified":"2025-05-12T11:38:03","modified_gmt":"2025-05-12T09:38:03","slug":"3-spielzeugtauschboerse-aus-deins-wird-meins","status":"publish","type":"page","link":"https:\/\/wordpress.nibis.de\/bgs\/3-spielzeugtauschboerse-aus-deins-wird-meins\/","title":{"rendered":"3. Spielzeugtauschb\u00f6rse \u201eAus deins wird meins\u201c"},"content":{"rendered":"\n\n\n<p>Am Freitag, 28.03.2025 fand zum 3. Mal die Spielzeugtauschb\u00f6rse in der Br\u00fcder-Grimm-Schule statt. Organisiert wurde sie durch eine Kooperation des F\u00f6rdervereins, der Schulsozialarbeit und des Ganztags. In diesem Jahr wechselten 248 Tauschgegenst\u00e4nde ihren Besitzer*innen. Es gab viele gl\u00fcckliche Kindergesichter.<\/p>\n\n\n\n<div class=\"wp-block-image\"><figure class=\"aligncenter size-full\"><img loading=\"lazy\" decoding=\"async\" width=\"600\" height=\"400\" src=\"https:\/\/wordpress.nibis.de\/bgs\/files\/2025\/05\/Spielzeugtausch1.jpg\" alt=\"\" class=\"wp-image-2103\" \/><\/figure><\/div>\n\n\n\n<p>Im Anschluss an die Tauschb\u00f6rse startete das Fr\u00fchlingscaf\u00e9. Dieses wurde ebenfalls gemeinsam von F\u00f6rderverein, Schulsozialarbeit und Ganztag organisiert. Im Fr\u00fchlingscaf\u00e9 wurde lecker Kaffee und Kuchen angeboten. Kreative Bastelaktionen luden zum Mitmachen ein. Im Au\u00dfenbereich wurden sportliche Mitmachaktionen angeboten.<\/p>\n\n\n\n<div class=\"wp-block-image\"><figure class=\"aligncenter size-full\"><img loading=\"lazy\" decoding=\"async\" width=\"600\" height=\"400\" src=\"https:\/\/wordpress.nibis.de\/bgs\/files\/2025\/05\/Spielzeugtausch2.jpg\" alt=\"\" class=\"wp-image-2104\" \/><\/figure><\/div>\n\n\n\n<p>Das Organisationsteam m\u00f6chte sich an dieser Stelle noch einmal bei allen Helfern und Helferinnen f\u00fcr die Unterst\u00fctzung und bei allen Teilnehmenden f\u00fcr die netten Gespr\u00e4che bedanken.<\/p>\n\n\n\n<div class=\"wp-block-image\"><figure class=\"aligncenter size-large\"><img loading=\"lazy\" decoding=\"async\" width=\"600\" height=\"675\" src=\"https:\/\/wordpress.nibis.de\/bgs\/files\/2025\/05\/Spielzeugtausch3-600x675.jpg\" alt=\"\" class=\"wp-image-2105\" \/><\/figure><\/div>\n\n\n\n<p><\/p>\n","protected":false},"excerpt":{"rendered":"<p>Am Freitag, 28.03.2025 fand zum 3. Mal die Spielzeugtauschb\u00f6rse in der Br\u00fcder-Grimm-Schule statt. Organisiert wurde sie durch eine Kooperation des F\u00f6rdervereins, der Schulsozialarbeit und des &hellip; <\/p>\n","protected":false},"author":9193811,"featured_media":0,"parent":0,"menu_order":0,"comment_status":"closed","ping_status":"closed","template":"","meta":{"footnotes":""},"class_list":["post-2102","page","type-page","status-publish","hentry"],"_links":{"self":[{"href":"https:\/\/wordpress.nibis.de\/bgs\/wp-json\/wp\/v2\/pages\/2102","targetHints":{"allow":["GET"]}}],"collection":[{"href":"https:\/\/wordpress.nibis.de\/bgs\/wp-json\/wp\/v2\/pages"}],"about":[{"href":"https:\/\/wordpress.nibis.de\/bgs\/wp-json\/wp\/v2\/types\/page"}],"author":[{"embeddable":true,"href":"https:\/\/wordpress.nibis.de\/bgs\/wp-json\/wp\/v2\/users\/9193811"}],"replies":[{"embeddable":true,"href":"https:\/\/wordpress.nibis.de\/bgs\/wp-json\/wp\/v2\/comments?post=2102"}],"version-history":[{"count":1,"href":"https:\/\/wordpress.nibis.de\/bgs\/wp-json\/wp\/v2\/pages\/2102\/revisions"}],"predecessor-version":[{"id":2106,"href":"https:\/\/wordpress.nibis.de\/bgs\/wp-json\/wp\/v2\/pages\/2102\/revisions\/2106"}],"wp:attachment":[{"href":"https:\/\/wordpress.nibis.de\/bgs\/wp-json\/wp\/v2\/media?parent=2102"}],"curies":[{"name":"wp","href":"https:\/\/api.w.org\/{rel}","templated":true}]}}