{"id":2284,"date":"2025-09-04T10:36:58","date_gmt":"2025-09-04T08:36:58","guid":{"rendered":"https:\/\/wordpress.nibis.de\/bgs\/?page_id=2284"},"modified":"2025-09-04T10:43:55","modified_gmt":"2025-09-04T08:43:55","slug":"projekt-zukunftsstrasse-vor-der-brueder-grimm-schule-in-letter","status":"publish","type":"page","link":"https:\/\/wordpress.nibis.de\/bgs\/projekt-zukunftsstrasse-vor-der-brueder-grimm-schule-in-letter\/","title":{"rendered":"Projekt \u201eZukunftsstra\u00dfe\u201c vor der Br\u00fcder-Grimm-Schule in Letter"},"content":{"rendered":"\n<p>Seit langem ist die Mobilit\u00e4t vor der Br\u00fcder-Grimm-Schule (BGS) ein Sicherheitsproblem und ein Wohlf\u00fchlproblem. Zu viel Verkehr, enge Wege, wildes Parken. Wir wollen, dass die Verunsicherung aufh\u00f6rt und die BGS mehr Raum f\u00fcr die Selbstst\u00e4ndigkeit unserer Kinder bietet.<\/p>\n\n\n\n<p>Vieles haben wir schon probiert. Bisher gibt es noch keine dauerhafte L\u00f6sung. Jetzt wollen wir Ideen b\u00fcndeln und vor allem gemeinsam eine L\u00f6sung entwickeln \u2013 zusammen mit der Schule, den Eltern, Kindern, Anwohnenden und mit allen, die t\u00e4glich betroffen sind.<\/p>\n\n\n\n<p>Gemeinsam wollen wir ein Schulumfeld bauen, das dauerhaft sicher, gr\u00fcn und kinderfreundlich ist. Eine L\u00f6sung, die von einem breiten Konsens getragen wird.&nbsp;<\/p>\n\n\n\n<figure class=\"wp-block-image size-large\"><img loading=\"lazy\" decoding=\"async\" width=\"1200\" height=\"675\" src=\"https:\/\/wordpress.nibis.de\/bgs\/files\/2025\/09\/Foto_flashmob-1200x675.jpg\" alt=\"\" class=\"wp-image-2290\" srcset=\"https:\/\/wordpress.nibis.de\/bgs\/files\/2025\/09\/Foto_flashmob-1200x675.jpg 1200w, https:\/\/wordpress.nibis.de\/bgs\/files\/2025\/09\/Foto_flashmob-850x478.jpg 850w, https:\/\/wordpress.nibis.de\/bgs\/files\/2025\/09\/Foto_flashmob-250x141.jpg 250w\" sizes=\"auto, (max-width: 1200px) 100vw, 1200px\" \/><\/figure>\n\n\n\n<p><strong>Umfrage zur Schulwegsicherheit&nbsp;an der Br\u00fcder-Grimm-Schule<\/strong><\/p>\n\n\n\n<p><strong>Was denken Sie?<\/strong> Damit unsere Kinder sicherer zur Schule kommen, arbeiten wir mit Ihnen zusammen und brauchen Ihre Meinung. Nehmen Sie daf\u00fcr gern an unserer Umfrage teil. Die Ergebnisse werden wir gemeinsam nutzen.<br>Die Teilnahme an der Umfrage wird ca. 5 Minute in Anspruch nehmen.\u00a0Hier geht es zur\u00a0<a href=\"https:\/\/ggr-planung.de\/seelze\"><strong>Umfrage<\/strong><\/a>.<\/p>\n\n\n\n<p><strong>Machen Sie mit: Zukunftswerkstatt am 25. September.<\/strong><\/p>\n\n\n\n<p>Vom 22. bis 25. September findet die Zukunftswoche statt, und wir gestalten Aktionen auf dem Schulhof sowie in der Stra\u00dfe vor unserer Schule. Mit Ihnen, den Anwohnenden und mit unseren Kindern. Besonders spannend:<\/p>\n\n\n\n<p>Die Zukunftswerkstatt am 25. September.<\/p>\n\n\n\n<p>Bei Imbiss und Getr\u00e4nken werden wir gemeinsam \u00fcber Ideen und m\u00f6gliche L\u00f6sungen sprechen.<\/p>\n\n\n\n<ul class=\"wp-block-list\"><li>Am 25. September<\/li><li>17 Uhr bis 19.30 Uhr<\/li><li>In der Aula der Br\u00fcder-Grimm-Schule<\/li><\/ul>\n\n\n\n<p>Mehr Infos zur Zukunftsstra\u00dfe finden Sie hier: <a href=\"https:\/\/www.seelze.de\/portal\/seiten\/zukunftsstrasse-vor-der-brueder-grimm-schule-in-letter-900000580-30950.html\">seelze.de\/zukunftsstrasse<\/a><\/p>\n\n\n\n<figure class=\"wp-block-image size-full\"><img loading=\"lazy\" decoding=\"async\" width=\"1152\" height=\"648\" src=\"https:\/\/wordpress.nibis.de\/bgs\/files\/2025\/09\/Collage-Zukunftsstrasse-Seelze_MobilnetzwerkderRegion.jpg\" alt=\"\" class=\"wp-image-2294\" srcset=\"https:\/\/wordpress.nibis.de\/bgs\/files\/2025\/09\/Collage-Zukunftsstrasse-Seelze_MobilnetzwerkderRegion.jpg 1152w, https:\/\/wordpress.nibis.de\/bgs\/files\/2025\/09\/Collage-Zukunftsstrasse-Seelze_MobilnetzwerkderRegion-850x478.jpg 850w, https:\/\/wordpress.nibis.de\/bgs\/files\/2025\/09\/Collage-Zukunftsstrasse-Seelze_MobilnetzwerkderRegion-250x141.jpg 250w, https:\/\/wordpress.nibis.de\/bgs\/files\/2025\/09\/Collage-Zukunftsstrasse-Seelze_MobilnetzwerkderRegion-768x432.jpg 768w\" sizes=\"auto, (max-width: 1152px) 100vw, 1152px\" \/><\/figure>\n","protected":false},"excerpt":{"rendered":"<p>Seit langem ist die Mobilit\u00e4t vor der Br\u00fcder-Grimm-Schule (BGS) ein Sicherheitsproblem und ein Wohlf\u00fchlproblem. Zu viel Verkehr, enge Wege, wildes Parken. Wir wollen, dass die &hellip; <\/p>\n","protected":false},"author":9193915,"featured_media":0,"parent":0,"menu_order":0,"comment_status":"closed","ping_status":"closed","template":"","meta":{"footnotes":""},"class_list":["post-2284","page","type-page","status-publish","hentry"],"_links":{"self":[{"href":"https:\/\/wordpress.nibis.de\/bgs\/wp-json\/wp\/v2\/pages\/2284","targetHints":{"allow":["GET"]}}],"collection":[{"href":"https:\/\/wordpress.nibis.de\/bgs\/wp-json\/wp\/v2\/pages"}],"about":[{"href":"https:\/\/wordpress.nibis.de\/bgs\/wp-json\/wp\/v2\/types\/page"}],"author":[{"embeddable":true,"href":"https:\/\/wordpress.nibis.de\/bgs\/wp-json\/wp\/v2\/users\/9193915"}],"replies":[{"embeddable":true,"href":"https:\/\/wordpress.nibis.de\/bgs\/wp-json\/wp\/v2\/comments?post=2284"}],"version-history":[{"count":2,"href":"https:\/\/wordpress.nibis.de\/bgs\/wp-json\/wp\/v2\/pages\/2284\/revisions"}],"predecessor-version":[{"id":2299,"href":"https:\/\/wordpress.nibis.de\/bgs\/wp-json\/wp\/v2\/pages\/2284\/revisions\/2299"}],"wp:attachment":[{"href":"https:\/\/wordpress.nibis.de\/bgs\/wp-json\/wp\/v2\/media?parent=2284"}],"curies":[{"name":"wp","href":"https:\/\/api.w.org\/{rel}","templated":true}]}}