{"id":2301,"date":"2025-09-11T11:23:02","date_gmt":"2025-09-11T09:23:02","guid":{"rendered":"https:\/\/wordpress.nibis.de\/bgs\/?page_id=2301"},"modified":"2025-09-11T11:26:12","modified_gmt":"2025-09-11T09:26:12","slug":"sommerfest-der-bgs","status":"publish","type":"page","link":"https:\/\/wordpress.nibis.de\/bgs\/sommerfest-der-bgs\/","title":{"rendered":"Sommerfest der BGS"},"content":{"rendered":"\n<p>Unser Sommerfest am 27.06.2025 war ein voller Erfolg. Kinder, Eltern, Familienangeh\u00f6rige und alle Mitarbeiter:innen der BGS hatten einen entspannten Nachmittag. Zu Beginn \u00fcberraschte uns der Chor unter der Leitung von Frau Kr\u00e4mer mit einem tollen Programm.<\/p>\n\n\n\n<div class=\"wp-block-image\"><figure class=\"aligncenter size-full\"><img loading=\"lazy\" decoding=\"async\" width=\"600\" height=\"600\" src=\"https:\/\/wordpress.nibis.de\/bgs\/files\/2025\/09\/Chor-fertig.jpg\" alt=\"\" class=\"wp-image-2306\" \/><\/figure><\/div>\n\n\n\n<p>Es gab viele Angebote wie Seifenblasen, H\u00fcpfburg, Bastelangebote und Kinderschminken. Es wurde auch eine Tombola mit tollen Gewinnen veranstaltet. <\/p>\n\n\n\n<div class=\"wp-block-image\"><figure class=\"aligncenter size-large\"><img loading=\"lazy\" decoding=\"async\" width=\"700\" height=\"675\" src=\"https:\/\/wordpress.nibis.de\/bgs\/files\/2025\/09\/Verschiedene-Aktionen-700x675.jpg\" alt=\"\" class=\"wp-image-2302\" \/><\/figure><\/div>\n\n\n\n<div class=\"wp-block-image\"><figure class=\"aligncenter size-full\"><img loading=\"lazy\" decoding=\"async\" width=\"600\" height=\"600\" src=\"https:\/\/wordpress.nibis.de\/bgs\/files\/2025\/09\/Verschiedene-Aktionen-2.jpg\" alt=\"\" class=\"wp-image-2303\" \/><\/figure><\/div>\n\n\n\n<p>Dank der zahlreichen Kuchenspenden hatten wir ein tolles Kuchenbuffet. <\/p>\n\n\n\n<div class=\"wp-block-image\"><figure class=\"aligncenter size-large\"><img loading=\"lazy\" decoding=\"async\" width=\"700\" height=\"675\" src=\"https:\/\/wordpress.nibis.de\/bgs\/files\/2025\/09\/Kuchenbuffet-fertig-700x675.jpg\" alt=\"\" class=\"wp-image-2304\" \/><\/figure><\/div>\n\n\n\n<p>F\u00fcr das herzhafte Wohl wurde am Grillstand gesorgt, wo es neben Bratw\u00fcrsten auch Wok-Gem\u00fcse gab. In der Turnhalle wurden wir durch den Turntiger vom SG Letter 05 unterst\u00fctzt und die Kinder durften einen Parcour durchlaufen, der zum Balancieren, Klettern und Schwingen einlud. Auf dem Schulhof konnten die Kinder au\u00dferdem Tischtennis und Tennis spielen.  Wir bedanken uns f\u00fcr die t\u00e4tkr\u00e4ftige Unterst\u00fctzung bei der Feuerwehr Letter, dem Karateverein, dem DRK Ronnenberg, unserem F\u00f6rderverein und allen helfenden Eltern. <\/p>\n\n\n\n<div class=\"wp-block-image\"><figure class=\"aligncenter size-full\"><img loading=\"lazy\" decoding=\"async\" width=\"600\" height=\"600\" src=\"https:\/\/wordpress.nibis.de\/bgs\/files\/2025\/09\/Karate-fertig.jpg\" alt=\"\" class=\"wp-image-2305\" \/><\/figure><\/div>\n","protected":false},"excerpt":{"rendered":"<p>Unser Sommerfest am 27.06.2025 war ein voller Erfolg. Kinder, Eltern, Familienangeh\u00f6rige und alle Mitarbeiter:innen der BGS hatten einen entspannten Nachmittag. Zu Beginn \u00fcberraschte uns der &hellip; <\/p>\n","protected":false},"author":9193915,"featured_media":0,"parent":0,"menu_order":0,"comment_status":"closed","ping_status":"closed","template":"","meta":{"footnotes":""},"class_list":["post-2301","page","type-page","status-publish","hentry"],"_links":{"self":[{"href":"https:\/\/wordpress.nibis.de\/bgs\/wp-json\/wp\/v2\/pages\/2301","targetHints":{"allow":["GET"]}}],"collection":[{"href":"https:\/\/wordpress.nibis.de\/bgs\/wp-json\/wp\/v2\/pages"}],"about":[{"href":"https:\/\/wordpress.nibis.de\/bgs\/wp-json\/wp\/v2\/types\/page"}],"author":[{"embeddable":true,"href":"https:\/\/wordpress.nibis.de\/bgs\/wp-json\/wp\/v2\/users\/9193915"}],"replies":[{"embeddable":true,"href":"https:\/\/wordpress.nibis.de\/bgs\/wp-json\/wp\/v2\/comments?post=2301"}],"version-history":[{"count":2,"href":"https:\/\/wordpress.nibis.de\/bgs\/wp-json\/wp\/v2\/pages\/2301\/revisions"}],"predecessor-version":[{"id":2309,"href":"https:\/\/wordpress.nibis.de\/bgs\/wp-json\/wp\/v2\/pages\/2301\/revisions\/2309"}],"wp:attachment":[{"href":"https:\/\/wordpress.nibis.de\/bgs\/wp-json\/wp\/v2\/media?parent=2301"}],"curies":[{"name":"wp","href":"https:\/\/api.w.org\/{rel}","templated":true}]}}