{"id":2318,"date":"2025-10-02T11:24:09","date_gmt":"2025-10-02T09:24:09","guid":{"rendered":"https:\/\/wordpress.nibis.de\/bgs\/?page_id=2318"},"modified":"2025-10-09T13:33:24","modified_gmt":"2025-10-09T11:33:24","slug":"spiel-und-spass-beim-sportfest","status":"publish","type":"page","link":"https:\/\/wordpress.nibis.de\/bgs\/spiel-und-spass-beim-sportfest\/","title":{"rendered":"Spiel und Spa\u00df beim Sportfest"},"content":{"rendered":"\n<p>Am Freitag, den 29. August 2025, fand im Leine-Stadion das allj\u00e4hrliche Sportfest unserer Schule statt. Bei sonnigem Wetter und guter Stimmung traten die Sch\u00fclerinnen und Sch\u00fcler in verschiedenen Disziplinen gegeneinander an und zeigten dabei vollen Einsatz.<\/p>\n<p>Zu Beginn standen die klassischen Leichtathletik-Wettbewerbe auf dem Programm: Weitsprung, Sprint und Weitwurf. In allen Disziplinen ging es nicht nur um pers\u00f6nliche Bestleistungen, sondern auch um Teamgeist und Fairness. Die Sch\u00fclerinnen und Sch\u00fcler feuerten sich gegenseitig an und sorgten so f\u00fcr eine motivierende Atmosph\u00e4re.<\/p>\n\n\n\n<div class=\"wp-block-image\"><figure class=\"aligncenter size-large\"><img loading=\"lazy\" decoding=\"async\" width=\"700\" height=\"675\" src=\"https:\/\/wordpress.nibis.de\/bgs\/files\/2025\/10\/Sportfest-Anfang-1-700x675.jpg\" alt=\"\" class=\"wp-image-2320\" \/><\/figure><\/div>\n\n\n\n\n\n<div class=\"wp-block-image\"><figure class=\"aligncenter size-large\"><img loading=\"lazy\" decoding=\"async\" width=\"700\" height=\"675\" src=\"https:\/\/wordpress.nibis.de\/bgs\/files\/2025\/10\/Sportfest-Sportarten-700x675.jpg\" alt=\"\" class=\"wp-image-2321\" \/><\/figure><\/div>\n\n\n\n<p>Den kr\u00f6nenden Abschluss des Tages bildete die Biathlon-Staffel, bei der Teamarbeit und Ausdauer gefragt waren. Hier mussten die Teilnehmenden abwechselnd laufen und ihr Ziel mit B\u00e4llen treffen \u2013 eine spannende und abwechslungsreiche Disziplin, die f\u00fcr viel Begeisterung sorgte.<\/p>\n<p>Insgesamt war das Sportfest ein voller Erfolg. Die Organisation verlief reibungslos, das Wetter spielte mit, und alle Beteiligten hatten viel Spa\u00df. Ein besonderer Dank gilt den Sportlehrkr\u00e4ften sowie den Helferinnen und Helfern, die f\u00fcr einen gelungenen Ablauf gesorgt haben.<\/p>\n\n\n\n<figure class=\"wp-block-image size-large\"><img loading=\"lazy\" decoding=\"async\" width=\"972\" height=\"675\" src=\"https:\/\/wordpress.nibis.de\/bgs\/files\/2025\/10\/Sportfest-972x675.jpg\" alt=\"\" class=\"wp-image-2345\" \/><\/figure>\n\n\n\n<p><\/p>\n","protected":false},"excerpt":{"rendered":"<p>Am Freitag, den 29. August 2025, fand im Leine-Stadion das allj\u00e4hrliche Sportfest unserer Schule statt. Bei sonnigem Wetter und guter Stimmung traten die Sch\u00fclerinnen und &hellip; <\/p>\n","protected":false},"author":9193915,"featured_media":0,"parent":0,"menu_order":0,"comment_status":"closed","ping_status":"closed","template":"","meta":{"footnotes":""},"class_list":["post-2318","page","type-page","status-publish","hentry"],"_links":{"self":[{"href":"https:\/\/wordpress.nibis.de\/bgs\/wp-json\/wp\/v2\/pages\/2318","targetHints":{"allow":["GET"]}}],"collection":[{"href":"https:\/\/wordpress.nibis.de\/bgs\/wp-json\/wp\/v2\/pages"}],"about":[{"href":"https:\/\/wordpress.nibis.de\/bgs\/wp-json\/wp\/v2\/types\/page"}],"author":[{"embeddable":true,"href":"https:\/\/wordpress.nibis.de\/bgs\/wp-json\/wp\/v2\/users\/9193915"}],"replies":[{"embeddable":true,"href":"https:\/\/wordpress.nibis.de\/bgs\/wp-json\/wp\/v2\/comments?post=2318"}],"version-history":[{"count":2,"href":"https:\/\/wordpress.nibis.de\/bgs\/wp-json\/wp\/v2\/pages\/2318\/revisions"}],"predecessor-version":[{"id":2346,"href":"https:\/\/wordpress.nibis.de\/bgs\/wp-json\/wp\/v2\/pages\/2318\/revisions\/2346"}],"wp:attachment":[{"href":"https:\/\/wordpress.nibis.de\/bgs\/wp-json\/wp\/v2\/media?parent=2318"}],"curies":[{"name":"wp","href":"https:\/\/api.w.org\/{rel}","templated":true}]}}