{"id":2338,"date":"2025-10-09T13:12:08","date_gmt":"2025-10-09T11:12:08","guid":{"rendered":"https:\/\/wordpress.nibis.de\/bgs\/?page_id=2338"},"modified":"2026-01-09T15:25:22","modified_gmt":"2026-01-09T14:25:22","slug":"besuch-des-asb","status":"publish","type":"page","link":"https:\/\/wordpress.nibis.de\/bgs\/besuch-des-asb\/","title":{"rendered":"Besuch des ASB"},"content":{"rendered":"\n<p>Vom 17.09.-19.09.2025 bekamen die 3.Klassen unserer Schule Besuch vom Arbeiter-Samariter-Bund (ASB). Die Mitarbeiterin des ASB erkl\u00e4rte den Kindern, wie man bei kleinen Unf\u00e4llen richtig hilft. Zuerst wurde besprochen, was man tun kann, wenn sich jemand verletzt \u2013 zum Beispiel, wie man einen Notruf absetzt und wie man Trost spendet. Danach durften die Sch\u00fclerinnen und Sch\u00fcler selbst aktiv werden: Sie \u00fcbten, einen Fingerkuppenverband zu schneiden und richtig zu kleben.<\/p>\n<p>Dabei hatten alle viel Spa\u00df. Zum Schluss erhielt jedes Kind stolz seine Pflasterurkunde.<\/p>\n<div class=\"wp-block-image\">\u00a0<\/div>\n\n\n<div class=\"wp-block-image\">\n<figure class=\"aligncenter size-full\"><img loading=\"lazy\" decoding=\"async\" width=\"641\" height=\"379\" src=\"https:\/\/wordpress.nibis.de\/bgs\/files\/2026\/01\/ASB.jpg\" alt=\"\" class=\"wp-image-2408\" srcset=\"https:\/\/wordpress.nibis.de\/bgs\/files\/2026\/01\/ASB.jpg 641w, https:\/\/wordpress.nibis.de\/bgs\/files\/2026\/01\/ASB-100x59.jpg 100w\" sizes=\"auto, (max-width: 641px) 100vw, 641px\" \/><\/figure>\n<\/div>","protected":false},"excerpt":{"rendered":"<p>Vom 17.09.-19.09.2025 bekamen die 3.Klassen unserer Schule Besuch vom Arbeiter-Samariter-Bund (ASB). Die Mitarbeiterin des ASB erkl\u00e4rte den Kindern, wie man bei kleinen Unf\u00e4llen richtig hilft. &hellip; <\/p>\n","protected":false},"author":9193915,"featured_media":0,"parent":0,"menu_order":0,"comment_status":"closed","ping_status":"closed","template":"","meta":{"footnotes":""},"class_list":["post-2338","page","type-page","status-publish","hentry"],"_links":{"self":[{"href":"https:\/\/wordpress.nibis.de\/bgs\/wp-json\/wp\/v2\/pages\/2338","targetHints":{"allow":["GET"]}}],"collection":[{"href":"https:\/\/wordpress.nibis.de\/bgs\/wp-json\/wp\/v2\/pages"}],"about":[{"href":"https:\/\/wordpress.nibis.de\/bgs\/wp-json\/wp\/v2\/types\/page"}],"author":[{"embeddable":true,"href":"https:\/\/wordpress.nibis.de\/bgs\/wp-json\/wp\/v2\/users\/9193915"}],"replies":[{"embeddable":true,"href":"https:\/\/wordpress.nibis.de\/bgs\/wp-json\/wp\/v2\/comments?post=2338"}],"version-history":[{"count":2,"href":"https:\/\/wordpress.nibis.de\/bgs\/wp-json\/wp\/v2\/pages\/2338\/revisions"}],"predecessor-version":[{"id":2410,"href":"https:\/\/wordpress.nibis.de\/bgs\/wp-json\/wp\/v2\/pages\/2338\/revisions\/2410"}],"wp:attachment":[{"href":"https:\/\/wordpress.nibis.de\/bgs\/wp-json\/wp\/v2\/media?parent=2338"}],"curies":[{"name":"wp","href":"https:\/\/api.w.org\/{rel}","templated":true}]}}