{"id":2361,"date":"2026-01-08T11:27:05","date_gmt":"2026-01-08T10:27:05","guid":{"rendered":"https:\/\/wordpress.nibis.de\/bgs\/?page_id=2361"},"modified":"2026-01-08T11:31:36","modified_gmt":"2026-01-08T10:31:36","slug":"besuch-im-heimatmuseum","status":"publish","type":"page","link":"https:\/\/wordpress.nibis.de\/bgs\/besuch-im-heimatmuseum\/","title":{"rendered":"Besuch im Heimatmuseum"},"content":{"rendered":"\n<p>Ende Oktober besuchten die Klassen des 3. Jahrgangs das Heimatmuseum Seelze. Dort machten wir eine spannende Reise in die Vergangenheit und erfuhren, wie Schule und das Leben vor rund 100 Jahren aussahen.<\/p>\n<p>Im alten Schulzimmer sa\u00dfen wir auf Holzb\u00e4nken, so wie die Kinder fr\u00fcher. Wir durften sogar selbst mit Griffel und Schiefertafel schreiben, und sogar mit Federhalter und Tinte! Viele staunten, dass es damals keine Hefte und F\u00fcller gab.<\/p>\n<p>Nach dem Unterricht konnten wir verschiedene alte R\u00e4ume und Gesch\u00e4fte ansehen. Besonders interessant waren der Schuster, der Friseur und sogar der Zahnarzt mit seinen alten Ger\u00e4ten. Au\u00dferdem durften wir eine alte Stube mit M\u00f6beln und Gegenst\u00e4nden aus fr\u00fcherer Zeit bestaunen, dort wirkte alles sehr gem\u00fctlich, aber auch ganz anders als heute.<\/p>\n<p>Der Besuch im Heimatmuseum Seelze war f\u00fcr alle sehr spannend und lehrreich. Wir haben viel dar\u00fcber erfahren, wie die Menschen vor 100 Jahren gelernt, gearbeitet und gelebt haben. Ein gro\u00dfes Dankesch\u00f6n an das Team des Heimatmuseums Seelze f\u00fcr den sch\u00f6nen Tag und die interessante Zeitreise!<\/p>\n\n\n\n<figure class=\"wp-block-image size-large\"><img loading=\"lazy\" decoding=\"async\" width=\"1200\" height=\"554\" src=\"https:\/\/wordpress.nibis.de\/bgs\/files\/2026\/01\/Bilder-Heimatmuseum-1200x554.jpg\" alt=\"\" class=\"wp-image-2358\" \/><\/figure>\n","protected":false},"excerpt":{"rendered":"<p>Ende Oktober besuchten die Klassen des 3. Jahrgangs das Heimatmuseum Seelze. Dort machten wir eine spannende Reise in die Vergangenheit und erfuhren, wie Schule und &hellip; <\/p>\n","protected":false},"author":9193811,"featured_media":0,"parent":0,"menu_order":0,"comment_status":"closed","ping_status":"closed","template":"","meta":{"footnotes":""},"class_list":["post-2361","page","type-page","status-publish","hentry"],"_links":{"self":[{"href":"https:\/\/wordpress.nibis.de\/bgs\/wp-json\/wp\/v2\/pages\/2361","targetHints":{"allow":["GET"]}}],"collection":[{"href":"https:\/\/wordpress.nibis.de\/bgs\/wp-json\/wp\/v2\/pages"}],"about":[{"href":"https:\/\/wordpress.nibis.de\/bgs\/wp-json\/wp\/v2\/types\/page"}],"author":[{"embeddable":true,"href":"https:\/\/wordpress.nibis.de\/bgs\/wp-json\/wp\/v2\/users\/9193811"}],"replies":[{"embeddable":true,"href":"https:\/\/wordpress.nibis.de\/bgs\/wp-json\/wp\/v2\/comments?post=2361"}],"version-history":[{"count":2,"href":"https:\/\/wordpress.nibis.de\/bgs\/wp-json\/wp\/v2\/pages\/2361\/revisions"}],"predecessor-version":[{"id":2366,"href":"https:\/\/wordpress.nibis.de\/bgs\/wp-json\/wp\/v2\/pages\/2361\/revisions\/2366"}],"wp:attachment":[{"href":"https:\/\/wordpress.nibis.de\/bgs\/wp-json\/wp\/v2\/media?parent=2361"}],"curies":[{"name":"wp","href":"https:\/\/api.w.org\/{rel}","templated":true}]}}