{"id":2369,"date":"2026-01-08T11:41:05","date_gmt":"2026-01-08T10:41:05","guid":{"rendered":"https:\/\/wordpress.nibis.de\/bgs\/?page_id=2369"},"modified":"2026-01-08T11:41:05","modified_gmt":"2026-01-08T10:41:05","slug":"sozialtraining-im-jugendzentrum-blaues-haus","status":"publish","type":"page","link":"https:\/\/wordpress.nibis.de\/bgs\/sozialtraining-im-jugendzentrum-blaues-haus\/","title":{"rendered":"Sozialtraining im Jugendzentrum \u201eBlaues Haus\u201c"},"content":{"rendered":"\n<p class=\"western\">Im Oktober und November besuchte der 3. Jahrgang das Jugendzentrum in Letter, um gemeinsam mit Marta und Antje ein spannendes Sozialtraining zu erleben. Dabei standen Teamgeist, gegenseitige R\u00fccksichtnahme und Zusammenarbeit im Mittelpunkt.<br \/><br \/>Mit viel Freude und Konzentration meisterten die Kinder verschiedene Aufgaben: Beim Turm-Stapeln mit B\u00e4ndern war gute Kommunikation gefragt, damit der Turm nicht einst\u00fcrzte. Besonders spannend war auch das \u201eEisschollen-Spiel\u201c, bei dem die Gruppen nur durch geschicktes Planen und Zusammenarbeiten das Ziel erreichten, ohne \u201eins Wasser zu fallen\u201c.<br \/><br \/>Training hat allen gro\u00dfen Spa\u00df gemacht und gezeigt, wie wichtig Teamarbeit ist und dass man gemeinsam mehr erreicht als allein.<\/p>\n\n\n<div class=\"wp-block-image\">\n<figure class=\"aligncenter size-full\"><img loading=\"lazy\" decoding=\"async\" width=\"1035\" height=\"368\" src=\"https:\/\/wordpress.nibis.de\/bgs\/files\/2026\/01\/Bild-1-Blaues-Haus.jpg\" alt=\"\" class=\"wp-image-2370\" srcset=\"https:\/\/wordpress.nibis.de\/bgs\/files\/2026\/01\/Bild-1-Blaues-Haus.jpg 1035w, https:\/\/wordpress.nibis.de\/bgs\/files\/2026\/01\/Bild-1-Blaues-Haus-768x273.jpg 768w, https:\/\/wordpress.nibis.de\/bgs\/files\/2026\/01\/Bild-1-Blaues-Haus-100x36.jpg 100w\" sizes=\"auto, (max-width: 1035px) 100vw, 1035px\" \/><\/figure>\n<\/div>\n\n\n<p class=\"western\">Ein herzliches Dankesch\u00f6n an Marta, Antje und das gesamte Team des Jugendzentrums f\u00fcr die tolle Organisation und die spannenden \u00dcbungen!<\/p>\n\n\n<div class=\"wp-block-image\">\n<figure class=\"aligncenter size-full\"><img loading=\"lazy\" decoding=\"async\" width=\"600\" height=\"450\" src=\"https:\/\/wordpress.nibis.de\/bgs\/files\/2026\/01\/Bild-2-Blaues-Haus.jpg\" alt=\"\" class=\"wp-image-2371\" srcset=\"https:\/\/wordpress.nibis.de\/bgs\/files\/2026\/01\/Bild-2-Blaues-Haus.jpg 600w, https:\/\/wordpress.nibis.de\/bgs\/files\/2026\/01\/Bild-2-Blaues-Haus-100x75.jpg 100w\" sizes=\"auto, (max-width: 600px) 100vw, 600px\" \/><\/figure>\n<\/div>","protected":false},"excerpt":{"rendered":"<p>Im Oktober und November besuchte der 3. Jahrgang das Jugendzentrum in Letter, um gemeinsam mit Marta und Antje ein spannendes Sozialtraining zu erleben. Dabei standen &hellip; <\/p>\n","protected":false},"author":9193915,"featured_media":0,"parent":0,"menu_order":0,"comment_status":"closed","ping_status":"closed","template":"","meta":{"footnotes":""},"class_list":["post-2369","page","type-page","status-publish","hentry"],"_links":{"self":[{"href":"https:\/\/wordpress.nibis.de\/bgs\/wp-json\/wp\/v2\/pages\/2369","targetHints":{"allow":["GET"]}}],"collection":[{"href":"https:\/\/wordpress.nibis.de\/bgs\/wp-json\/wp\/v2\/pages"}],"about":[{"href":"https:\/\/wordpress.nibis.de\/bgs\/wp-json\/wp\/v2\/types\/page"}],"author":[{"embeddable":true,"href":"https:\/\/wordpress.nibis.de\/bgs\/wp-json\/wp\/v2\/users\/9193915"}],"replies":[{"embeddable":true,"href":"https:\/\/wordpress.nibis.de\/bgs\/wp-json\/wp\/v2\/comments?post=2369"}],"version-history":[{"count":1,"href":"https:\/\/wordpress.nibis.de\/bgs\/wp-json\/wp\/v2\/pages\/2369\/revisions"}],"predecessor-version":[{"id":2372,"href":"https:\/\/wordpress.nibis.de\/bgs\/wp-json\/wp\/v2\/pages\/2369\/revisions\/2372"}],"wp:attachment":[{"href":"https:\/\/wordpress.nibis.de\/bgs\/wp-json\/wp\/v2\/media?parent=2369"}],"curies":[{"name":"wp","href":"https:\/\/api.w.org\/{rel}","templated":true}]}}