{"id":2373,"date":"2026-01-08T11:49:11","date_gmt":"2026-01-08T10:49:11","guid":{"rendered":"https:\/\/wordpress.nibis.de\/bgs\/?page_id=2373"},"modified":"2026-01-08T11:49:11","modified_gmt":"2026-01-08T10:49:11","slug":"adventsbasteln-und-plaetzchenbacken","status":"publish","type":"page","link":"https:\/\/wordpress.nibis.de\/bgs\/adventsbasteln-und-plaetzchenbacken\/","title":{"rendered":"Adventsbasteln und Pl\u00e4tzchenbacken"},"content":{"rendered":"\n<p>Am 26. November 2025 fand in allen 3. Klassen ein stimmungsvolles, jahrgangs\u00fcbergreifendes Adventsbasteln statt. Jede Klasse bot mit Unterst\u00fctzung engagierter Eltern ein oder mehrere Bastelangebote an. Die Kinder konnten frei zwischen den R\u00e4umen wechseln und an allen Stationen kreative Weihnachtsideen umsetzen.<br \/><br \/>In der Klasse 3b entstanden dabei viele liebevoll gestaltete Bastelarbeiten:<br \/><br \/>&#8211; Frau Rydel bastelte mit den Kindern Sterne und Tannenb\u00e4ume f\u00fcrs Fenster aus Tonpapier und Transparentpapier, die nun farbenfroh in den Fenstern leuchten.<br \/>&#8211; Frau Meneses gestaltete gemeinsam mit den Sch\u00fclerinnen und Sch\u00fclern Schneem\u00e4nner und Tannenb\u00e4ume aus Papptellern, die mit viel Fantasie verziert wurden.<br \/>&#8211; Frau Schl\u00fcter betreute eine Bastelstation f\u00fcr Weihnachtskarten mit vielf\u00e4ltigen Motiven, die von den Kindern individuell gestaltet wurden.<\/p>\n\n\n<div class=\"wp-block-image\">\n<figure class=\"aligncenter size-full\"><img loading=\"lazy\" decoding=\"async\" width=\"600\" height=\"450\" src=\"https:\/\/wordpress.nibis.de\/bgs\/files\/2026\/01\/Bild-1-Adventsbasteln.jpg\" alt=\"\" class=\"wp-image-2374\" srcset=\"https:\/\/wordpress.nibis.de\/bgs\/files\/2026\/01\/Bild-1-Adventsbasteln.jpg 600w, https:\/\/wordpress.nibis.de\/bgs\/files\/2026\/01\/Bild-1-Adventsbasteln-100x75.jpg 100w\" sizes=\"auto, (max-width: 600px) 100vw, 600px\" \/><\/figure>\n<\/div>\n\n\n<p class=\"western\" align=\"left\"><span style=\"font-family: Grundschrift, serif\"><span style=\"font-size: medium\">Parallel dazu wurde im K\u00fcchenbereich flei\u00dfig gebacken: Zwei Elternteile und die Schwester einer Sch\u00fclerin halfen beim Backen und Verzieren der Pl\u00e4tzchen sowie beim Bau eines Lebkuchenhauses, das am Ende stolz pr\u00e4sentiert wurde.<\/span><\/span><\/p>\n\n\n<div class=\"wp-block-image\">\n<figure class=\"aligncenter size-full\"><img loading=\"lazy\" decoding=\"async\" width=\"1164\" height=\"559\" src=\"https:\/\/wordpress.nibis.de\/bgs\/files\/2026\/01\/Bild-2-Adventsbasteln.jpg\" alt=\"\" class=\"wp-image-2375\" srcset=\"https:\/\/wordpress.nibis.de\/bgs\/files\/2026\/01\/Bild-2-Adventsbasteln.jpg 1164w, https:\/\/wordpress.nibis.de\/bgs\/files\/2026\/01\/Bild-2-Adventsbasteln-768x369.jpg 768w, https:\/\/wordpress.nibis.de\/bgs\/files\/2026\/01\/Bild-2-Adventsbasteln-100x48.jpg 100w\" sizes=\"auto, (max-width: 1164px) 100vw, 1164px\" \/><\/figure>\n<\/div>\n\n\n\n\n<p class=\"western\">Ein besonderes Highlight war die gem\u00fctliche Caf\u00e9teria, die in einem der Klassenr\u00e4ume eingerichtet wurde. Dort gab es Winterpunsch und Kekse, sodass sich die Kinder zwischendurch st\u00e4rken und die weihnachtliche Atmosph\u00e4re genie\u00dfen konnten.<br \/><br \/>Das jahrgangs\u00fcbergreifende Adventsbasteln brachte allen Kindern gro\u00dfe Freude und sorgte f\u00fcr eine wunderbare vorweihnachtliche Stimmung. Ein herzliches Dankesch\u00f6n an alle Eltern und Helferinnen, die diesen besonderen Tag m\u00f6glich gemacht haben!<\/p>\n\n\n<div class=\"wp-block-image\">\n<figure class=\"aligncenter size-full\"><img loading=\"lazy\" decoding=\"async\" width=\"640\" height=\"480\" src=\"https:\/\/wordpress.nibis.de\/bgs\/files\/2026\/01\/Bild-3-Adventsbasteln.jpg\" alt=\"\" class=\"wp-image-2376\" srcset=\"https:\/\/wordpress.nibis.de\/bgs\/files\/2026\/01\/Bild-3-Adventsbasteln.jpg 640w, https:\/\/wordpress.nibis.de\/bgs\/files\/2026\/01\/Bild-3-Adventsbasteln-100x75.jpg 100w\" sizes=\"auto, (max-width: 640px) 100vw, 640px\" \/><\/figure>\n<\/div>","protected":false},"excerpt":{"rendered":"<p>Am 26. November 2025 fand in allen 3. Klassen ein stimmungsvolles, jahrgangs\u00fcbergreifendes Adventsbasteln statt. Jede Klasse bot mit Unterst\u00fctzung engagierter Eltern ein oder mehrere Bastelangebote &hellip; <\/p>\n","protected":false},"author":9193915,"featured_media":0,"parent":0,"menu_order":0,"comment_status":"closed","ping_status":"closed","template":"","meta":{"footnotes":""},"class_list":["post-2373","page","type-page","status-publish","hentry"],"_links":{"self":[{"href":"https:\/\/wordpress.nibis.de\/bgs\/wp-json\/wp\/v2\/pages\/2373","targetHints":{"allow":["GET"]}}],"collection":[{"href":"https:\/\/wordpress.nibis.de\/bgs\/wp-json\/wp\/v2\/pages"}],"about":[{"href":"https:\/\/wordpress.nibis.de\/bgs\/wp-json\/wp\/v2\/types\/page"}],"author":[{"embeddable":true,"href":"https:\/\/wordpress.nibis.de\/bgs\/wp-json\/wp\/v2\/users\/9193915"}],"replies":[{"embeddable":true,"href":"https:\/\/wordpress.nibis.de\/bgs\/wp-json\/wp\/v2\/comments?post=2373"}],"version-history":[{"count":1,"href":"https:\/\/wordpress.nibis.de\/bgs\/wp-json\/wp\/v2\/pages\/2373\/revisions"}],"predecessor-version":[{"id":2377,"href":"https:\/\/wordpress.nibis.de\/bgs\/wp-json\/wp\/v2\/pages\/2373\/revisions\/2377"}],"wp:attachment":[{"href":"https:\/\/wordpress.nibis.de\/bgs\/wp-json\/wp\/v2\/media?parent=2373"}],"curies":[{"name":"wp","href":"https:\/\/api.w.org\/{rel}","templated":true}]}}