{"id":2382,"date":"2026-01-09T13:29:25","date_gmt":"2026-01-09T12:29:25","guid":{"rendered":"https:\/\/wordpress.nibis.de\/bgs\/?page_id=2382"},"modified":"2026-01-09T13:29:25","modified_gmt":"2026-01-09T12:29:25","slug":"theaterbesuch-des-3-jahrgangs-eine-woche-voller-samstage","status":"publish","type":"page","link":"https:\/\/wordpress.nibis.de\/bgs\/theaterbesuch-des-3-jahrgangs-eine-woche-voller-samstage\/","title":{"rendered":"Theaterbesuch des 3. Jahrgangs: &#8222;Eine Woche voller Samstage&#8220;"},"content":{"rendered":"\n<p>Am 27.11. und 28.11. besuchte der 3. Jahrgang unserer Grundschule das Theater Garbsen, um das beliebte St\u00fcck \u201eEine Woche voller Samstage\u201c zu sehen. Die Aufregung war bereits auf dem Weg zum Theater gro\u00df, und im Saal herrschte gespannte Vorfreude.<\/p>\n<p>Das St\u00fcck begeisterte die Kinder mit viel Humor, Musik und den lustigen Einf\u00e4llen des Sams. Besonders die frechen Reime, die \u00fcberraschenden Szenen und das bunte B\u00fchnenbild sorgten f\u00fcr viele Lacher. Die Sch\u00fclerinnen und Sch\u00fcler verfolgten aufmerksam, wie Herr Taschenbier und das Sams gemeinsam eine turbulente Woche erlebten.<\/p>\n<p>Der Theaterbesuch war f\u00fcr die Kinder nicht nur ein kulturelles Highlight, sondern bot auch viele Gespr\u00e4chsanl\u00e4sse \u00fcber Freundschaft, Mut, W\u00fcnsche und dar\u00fcber, wie unterschiedlich Menschen sein k\u00f6nnen und dass das etwas Sch\u00f6nes ist.<\/p>\n<p>Es war ein gelungener Ausflug, der dem gesamten Jahrgang viel Freude bereitet hat und sicher lange in Erinnerung bleibt!<\/p>\n\n\n<div class=\"wp-block-image\">\n<figure class=\"aligncenter size-full\"><img loading=\"lazy\" decoding=\"async\" width=\"700\" height=\"300\" src=\"https:\/\/wordpress.nibis.de\/bgs\/files\/2026\/01\/Theaterbesuch-Broe.jpg\" alt=\"\" class=\"wp-image-2383\" srcset=\"https:\/\/wordpress.nibis.de\/bgs\/files\/2026\/01\/Theaterbesuch-Broe.jpg 700w, https:\/\/wordpress.nibis.de\/bgs\/files\/2026\/01\/Theaterbesuch-Broe-100x43.jpg 100w\" sizes=\"auto, (max-width: 700px) 100vw, 700px\" \/><\/figure>\n<\/div>","protected":false},"excerpt":{"rendered":"<p>Am 27.11. und 28.11. besuchte der 3. Jahrgang unserer Grundschule das Theater Garbsen, um das beliebte St\u00fcck \u201eEine Woche voller Samstage\u201c zu sehen. Die Aufregung &hellip; <\/p>\n","protected":false},"author":9193915,"featured_media":0,"parent":0,"menu_order":0,"comment_status":"closed","ping_status":"closed","template":"","meta":{"footnotes":""},"class_list":["post-2382","page","type-page","status-publish","hentry"],"_links":{"self":[{"href":"https:\/\/wordpress.nibis.de\/bgs\/wp-json\/wp\/v2\/pages\/2382","targetHints":{"allow":["GET"]}}],"collection":[{"href":"https:\/\/wordpress.nibis.de\/bgs\/wp-json\/wp\/v2\/pages"}],"about":[{"href":"https:\/\/wordpress.nibis.de\/bgs\/wp-json\/wp\/v2\/types\/page"}],"author":[{"embeddable":true,"href":"https:\/\/wordpress.nibis.de\/bgs\/wp-json\/wp\/v2\/users\/9193915"}],"replies":[{"embeddable":true,"href":"https:\/\/wordpress.nibis.de\/bgs\/wp-json\/wp\/v2\/comments?post=2382"}],"version-history":[{"count":1,"href":"https:\/\/wordpress.nibis.de\/bgs\/wp-json\/wp\/v2\/pages\/2382\/revisions"}],"predecessor-version":[{"id":2384,"href":"https:\/\/wordpress.nibis.de\/bgs\/wp-json\/wp\/v2\/pages\/2382\/revisions\/2384"}],"wp:attachment":[{"href":"https:\/\/wordpress.nibis.de\/bgs\/wp-json\/wp\/v2\/media?parent=2382"}],"curies":[{"name":"wp","href":"https:\/\/api.w.org\/{rel}","templated":true}]}}