{"id":2385,"date":"2026-01-09T13:43:42","date_gmt":"2026-01-09T12:43:42","guid":{"rendered":"https:\/\/wordpress.nibis.de\/bgs\/?page_id=2385"},"modified":"2026-01-09T13:43:42","modified_gmt":"2026-01-09T12:43:42","slug":"gewaltpraevention-gemeinsam-stark-gegen-gewalt","status":"publish","type":"page","link":"https:\/\/wordpress.nibis.de\/bgs\/gewaltpraevention-gemeinsam-stark-gegen-gewalt\/","title":{"rendered":"Gewaltpr\u00e4vention &#8211; Gemeinsam stark gegen Gewalt"},"content":{"rendered":"\n<p align=\"justify\"><span style=\"font-family: Grundschrift\">Im Rahmen unseres Gewaltpr\u00e4ventionsprogramms besuchte uns die Kontaktbeamtin Frau Lehmann von der Polizei. In einer kindgerechten Gespr\u00e4chsrunde sprach sie mit den Kindern \u00fcber Mut, Selbstschutz und den respektvollen Umgang miteinander. Dabei erkl\u00e4rte sie, wie man in schwierigen Situationen richtig reagiert und wo man Hilfe bekommt.<\/span><\/p>\n<p align=\"justify\"><span style=\"font-family: Grundschrift\">Als Zeichen f\u00fcr Mut und Zusammenhalt gestalteten wir gemeinsam einen \u201eMutl\u00f6wen\u201c. Jedes Kind durfte seinen Namen auf dem Mutl\u00f6wen notieren \u2013 als pers\u00f6nliches Versprechen, mutig zu sein, auf sich und andere zu achten und bei Konflikten fair zu handeln.<\/span><\/p>\n\n\n<div class=\"wp-block-image\">\n<figure class=\"aligncenter size-full\"><img loading=\"lazy\" decoding=\"async\" width=\"553\" height=\"300\" src=\"https:\/\/wordpress.nibis.de\/bgs\/files\/2026\/01\/Gewaltpraevention1-1.jpg\" alt=\"\" class=\"wp-image-2387\" srcset=\"https:\/\/wordpress.nibis.de\/bgs\/files\/2026\/01\/Gewaltpraevention1-1.jpg 553w, https:\/\/wordpress.nibis.de\/bgs\/files\/2026\/01\/Gewaltpraevention1-1-100x54.jpg 100w\" sizes=\"auto, (max-width: 553px) 100vw, 553px\" \/><\/figure>\n<\/div>\n\n\n<p align=\"justify\"><span style=\"font-family: Grundschrift\">Wir bedanken uns herzlich bei Kontaktbeamtin Frau Lehmann f\u00fcr ihren wertvollen Besuch und bei unseren Kindern daf\u00fcr, dass sie so mutig und aufmerksam mitgemacht haben!<\/span><\/p>\n\n\n<div class=\"wp-block-image\">\n<figure class=\"aligncenter size-full\"><img loading=\"lazy\" decoding=\"async\" width=\"600\" height=\"401\" src=\"https:\/\/wordpress.nibis.de\/bgs\/files\/2026\/01\/Gewaltpraevention2.jpg\" alt=\"\" class=\"wp-image-2388\" srcset=\"https:\/\/wordpress.nibis.de\/bgs\/files\/2026\/01\/Gewaltpraevention2.jpg 600w, https:\/\/wordpress.nibis.de\/bgs\/files\/2026\/01\/Gewaltpraevention2-100x67.jpg 100w\" sizes=\"auto, (max-width: 600px) 100vw, 600px\" \/><\/figure>\n<\/div>","protected":false},"excerpt":{"rendered":"<p>Im Rahmen unseres Gewaltpr\u00e4ventionsprogramms besuchte uns die Kontaktbeamtin Frau Lehmann von der Polizei. In einer kindgerechten Gespr\u00e4chsrunde sprach sie mit den Kindern \u00fcber Mut, Selbstschutz &hellip; <\/p>\n","protected":false},"author":9193915,"featured_media":0,"parent":0,"menu_order":0,"comment_status":"closed","ping_status":"closed","template":"","meta":{"footnotes":""},"class_list":["post-2385","page","type-page","status-publish","hentry"],"_links":{"self":[{"href":"https:\/\/wordpress.nibis.de\/bgs\/wp-json\/wp\/v2\/pages\/2385","targetHints":{"allow":["GET"]}}],"collection":[{"href":"https:\/\/wordpress.nibis.de\/bgs\/wp-json\/wp\/v2\/pages"}],"about":[{"href":"https:\/\/wordpress.nibis.de\/bgs\/wp-json\/wp\/v2\/types\/page"}],"author":[{"embeddable":true,"href":"https:\/\/wordpress.nibis.de\/bgs\/wp-json\/wp\/v2\/users\/9193915"}],"replies":[{"embeddable":true,"href":"https:\/\/wordpress.nibis.de\/bgs\/wp-json\/wp\/v2\/comments?post=2385"}],"version-history":[{"count":1,"href":"https:\/\/wordpress.nibis.de\/bgs\/wp-json\/wp\/v2\/pages\/2385\/revisions"}],"predecessor-version":[{"id":2389,"href":"https:\/\/wordpress.nibis.de\/bgs\/wp-json\/wp\/v2\/pages\/2385\/revisions\/2389"}],"wp:attachment":[{"href":"https:\/\/wordpress.nibis.de\/bgs\/wp-json\/wp\/v2\/media?parent=2385"}],"curies":[{"name":"wp","href":"https:\/\/api.w.org\/{rel}","templated":true}]}}