{"id":2390,"date":"2026-01-09T13:49:46","date_gmt":"2026-01-09T12:49:46","guid":{"rendered":"https:\/\/wordpress.nibis.de\/bgs\/?page_id=2390"},"modified":"2026-01-09T13:49:46","modified_gmt":"2026-01-09T12:49:46","slug":"das-leibnizlab-zu-besuch","status":"publish","type":"page","link":"https:\/\/wordpress.nibis.de\/bgs\/das-leibnizlab-zu-besuch\/","title":{"rendered":"Das LeibnizLAB zu Besuch"},"content":{"rendered":"\n<p>Das LeibnizLAB des Fachbereichs Bauingenieurwesen war zu Besuch und bot dem 3.Jahrgang einen spannenden Einblick in die Welt der Ingenieurinnen und Ingenieure.<\/p>\n<p>Dabei wurden die Sch\u00fclerinnen und Sch\u00fcler dazu eingeladen, die Rolle von Ingenieurinnen spielerisch zu erleben und zu verstehen. In drei faszinierenden Themenbereichen, vom Bau der h\u00f6chsten Geb\u00e4ude der Welt, \u00fcber die Konstruktion m\u00e4chtiger Stauseen, bis hin zur Vielfalt beeindruckender Br\u00fccken wurde den Sch\u00fclerinnen und Sch\u00fclern das Ingenieurwesen lebendig und greifbar gemacht.<\/p>\n<p>Mithilfe verschiedener Mitmachexperimente lernten die Kinder problemorientiert:<br \/>Sie fanden heraus, wie dick eine Staumauer sein muss, damit sie dem Wasserdruck standh\u00e4lt, welche besonderen Herausforderungen beim Bauen in extremen Umgebungen wie der W\u00fcste entstehen und welche Formen Br\u00fccken besonders stabil machen.<\/p>\n<p>Theoretische Konzepte wurden dabei kindgerecht erkl\u00e4rt und durch anschauliche Beispiele zum Leben erweckt. Die Sch\u00fclerinnen und Sch\u00fcler konnten ausprobieren, t\u00fcfteln, konstruieren und Fragen stellen und waren mit viel Freude und Neugier dabei.<\/p>\n<p>Der Besuch des LeibnizLABs war ein lehrreicher und inspirierender Vormittag, der den Kindern zeigte, wie spannend Naturwissenschaften und Technik sein k\u00f6nnen.<\/p>\n\n\n<div class=\"wp-block-image\">\n<figure class=\"aligncenter size-full is-resized\"><img loading=\"lazy\" decoding=\"async\" width=\"320\" height=\"240\" src=\"https:\/\/wordpress.nibis.de\/bgs\/files\/2026\/01\/LeibnizLAB.jpg\" alt=\"\" class=\"wp-image-2391\" style=\"width:456px;height:auto\" srcset=\"https:\/\/wordpress.nibis.de\/bgs\/files\/2026\/01\/LeibnizLAB.jpg 320w, https:\/\/wordpress.nibis.de\/bgs\/files\/2026\/01\/LeibnizLAB-100x75.jpg 100w\" sizes=\"auto, (max-width: 320px) 100vw, 320px\" \/><\/figure>\n<\/div>","protected":false},"excerpt":{"rendered":"<p>Das LeibnizLAB des Fachbereichs Bauingenieurwesen war zu Besuch und bot dem 3.Jahrgang einen spannenden Einblick in die Welt der Ingenieurinnen und Ingenieure. Dabei wurden die &hellip; <\/p>\n","protected":false},"author":9193915,"featured_media":0,"parent":0,"menu_order":0,"comment_status":"closed","ping_status":"closed","template":"","meta":{"footnotes":""},"class_list":["post-2390","page","type-page","status-publish","hentry"],"_links":{"self":[{"href":"https:\/\/wordpress.nibis.de\/bgs\/wp-json\/wp\/v2\/pages\/2390","targetHints":{"allow":["GET"]}}],"collection":[{"href":"https:\/\/wordpress.nibis.de\/bgs\/wp-json\/wp\/v2\/pages"}],"about":[{"href":"https:\/\/wordpress.nibis.de\/bgs\/wp-json\/wp\/v2\/types\/page"}],"author":[{"embeddable":true,"href":"https:\/\/wordpress.nibis.de\/bgs\/wp-json\/wp\/v2\/users\/9193915"}],"replies":[{"embeddable":true,"href":"https:\/\/wordpress.nibis.de\/bgs\/wp-json\/wp\/v2\/comments?post=2390"}],"version-history":[{"count":1,"href":"https:\/\/wordpress.nibis.de\/bgs\/wp-json\/wp\/v2\/pages\/2390\/revisions"}],"predecessor-version":[{"id":2392,"href":"https:\/\/wordpress.nibis.de\/bgs\/wp-json\/wp\/v2\/pages\/2390\/revisions\/2392"}],"wp:attachment":[{"href":"https:\/\/wordpress.nibis.de\/bgs\/wp-json\/wp\/v2\/media?parent=2390"}],"curies":[{"name":"wp","href":"https:\/\/api.w.org\/{rel}","templated":true}]}}