{"id":2445,"date":"2026-03-05T08:10:37","date_gmt":"2026-03-05T07:10:37","guid":{"rendered":"https:\/\/wordpress.nibis.de\/bgs\/?page_id=2445"},"modified":"2026-03-05T08:12:27","modified_gmt":"2026-03-05T07:12:27","slug":"projektwoche-berichte-der-rasenden-reporter","status":"publish","type":"page","link":"https:\/\/wordpress.nibis.de\/bgs\/projektwoche-berichte-der-rasenden-reporter\/","title":{"rendered":"Projektwoche: Berichte der Rasenden Reporter"},"content":{"rendered":"\n<p>Bei unserer letzten Projektwoche gab es eine Gruppe, die sich &#8222;Die Rasenden Reporter&#8220; nannte. Die Rasenden Reporter warfen einen Blick in zahlreiche andere Gruppen der Projektwoche und recherchierten zu deren T\u00e4tigkeiten, f\u00fchrten Interviews, schrieben Texte dazu und machten nat\u00fcrlich Fotos. Die fertigen Berichte sind in der folgenden Datei zu lesen und geben einen guten Einblick in die vielen Facetten unserer letzten Projektwoche. Lesen Sie selbst:<\/p>\n<p style=\"text-align: center\"><a href=\"https:\/\/wordpress.nibis.de\/bgs\/files\/2026\/03\/Berichte-der-Rasenden-Reporter.pdf\">Berichte der Rasenden Reporter<\/a><\/p>\n","protected":false},"excerpt":{"rendered":"<p>Bei unserer letzten Projektwoche gab es eine Gruppe, die sich &#8222;Die Rasenden Reporter&#8220; nannte. Die Rasenden Reporter warfen einen Blick in zahlreiche andere Gruppen der &hellip; <\/p>\n","protected":false},"author":9193915,"featured_media":0,"parent":0,"menu_order":0,"comment_status":"closed","ping_status":"closed","template":"","meta":{"footnotes":""},"class_list":["post-2445","page","type-page","status-publish","hentry"],"_links":{"self":[{"href":"https:\/\/wordpress.nibis.de\/bgs\/wp-json\/wp\/v2\/pages\/2445","targetHints":{"allow":["GET"]}}],"collection":[{"href":"https:\/\/wordpress.nibis.de\/bgs\/wp-json\/wp\/v2\/pages"}],"about":[{"href":"https:\/\/wordpress.nibis.de\/bgs\/wp-json\/wp\/v2\/types\/page"}],"author":[{"embeddable":true,"href":"https:\/\/wordpress.nibis.de\/bgs\/wp-json\/wp\/v2\/users\/9193915"}],"replies":[{"embeddable":true,"href":"https:\/\/wordpress.nibis.de\/bgs\/wp-json\/wp\/v2\/comments?post=2445"}],"version-history":[{"count":3,"href":"https:\/\/wordpress.nibis.de\/bgs\/wp-json\/wp\/v2\/pages\/2445\/revisions"}],"predecessor-version":[{"id":2450,"href":"https:\/\/wordpress.nibis.de\/bgs\/wp-json\/wp\/v2\/pages\/2445\/revisions\/2450"}],"wp:attachment":[{"href":"https:\/\/wordpress.nibis.de\/bgs\/wp-json\/wp\/v2\/media?parent=2445"}],"curies":[{"name":"wp","href":"https:\/\/api.w.org\/{rel}","templated":true}]}}