{"id":2463,"date":"2026-03-06T12:03:12","date_gmt":"2026-03-06T11:03:12","guid":{"rendered":"https:\/\/wordpress.nibis.de\/bgs\/?page_id=2463"},"modified":"2026-03-06T12:08:22","modified_gmt":"2026-03-06T11:08:22","slug":"spielzeugtauschboerse-und-elterncafe","status":"publish","type":"page","link":"https:\/\/wordpress.nibis.de\/bgs\/spielzeugtauschboerse-und-elterncafe\/","title":{"rendered":"Spielzeugtauschb\u00f6rse und Elterncaf\u00e9"},"content":{"rendered":"\n<p>Am Freitag, den 20.02.2026 fand an der Br\u00fcder-Grimm-Schule bereits zum vierten Mal unsere beliebte Tauschb\u00f6rse,, Aus Meins wird Deins\u201c mit anschlie\u00dfendem Elterncaf\u00e9 statt.\u2028In der Woche zuvor hatten alle Sch\u00fclerinnen und Sch\u00fcler die M\u00f6glichkeit, jeweils bis zu drei Tauschgegenst\u00e4nde \u2013 gut erhaltene Spielsachen oder B\u00fccher, die sie nicht mehr ben\u00f6tigen \u2013 morgens vor dem Unterricht abzugeben.\u2028Insgesamt wechselten beeindruckende 176 Gegenst\u00e4nde ihre Besitzer, darunter auch zahlreiche Kuscheltiere, die nun ein neues Zuhause gefunden haben und dort ganz bestimmt wieder flei\u00dfig gekuschelt und geliebt werden.\u2028<\/p>\n<p><strong>Die Tauschb\u00f6rse ist ein gemeinsames Projekt des F\u00f6rdervereins, der Schulsozialarbeit und<\/strong> <strong>des Ganztages<\/strong> und steht ganz im Zeichen der Nachhaltigkeit. \u2028Durch das Tauschen erhalten viele Dinge ein zweites Leben und gleichzeitig lernen die Kinder, wie wertvoll ein bewusster Umgang mit Ressourcen sein kann.\u2028Auch in diesem Jahr war die Freude wieder gro\u00df: Viele strahlende Gesichter zeigten, wie viel Spa\u00df es macht, neue Lieblingsst\u00fccke zu entdecken und gleichzeitig anderen Kindern eine Freude zu bereiten.\u2028Besonders sch\u00f6n war, dass auch die kleinen Geschwisterkinder f\u00fcndig wurden und stolz mit neuen Sch\u00e4tzen nach Hause gehen konnten.<\/p>\n\n\n<div class=\"wp-block-image\">\n<figure class=\"aligncenter size-large\"><img loading=\"lazy\" decoding=\"async\" width=\"700\" height=\"675\" src=\"https:\/\/wordpress.nibis.de\/bgs\/files\/2026\/03\/Tauschboerse-2-700x675.jpg\" alt=\"\" class=\"wp-image-2469\" \/><\/figure>\n<\/div>\n\n\n<p>Im Anschluss an die Tauschaktion \u00f6ffnete das Elterncaf\u00e9 seine T\u00fcren.\u2028Bei leckerem Kaffee, der vom F\u00f6rderverein spendiert wurde, konnten Eltern, Kinder und Mitarbeitende miteinander ins Gespr\u00e4ch kommen.\u2028Der Ganztag hatte zudem liebevoll vorbereitete Kreativaktionen organisiert, die ebenso wie die fr\u00fchlingshaften Spiele gro\u00dfen Anklang fanden.\u2028Die gelungene Veranstaltung zeigte einmal wieder, wie lebendig Gemeinschaft an unserer Schule gelebt wird.\u2028Wir bedanken uns herzlich bei allen Beteiligten und freuen uns schon jetzt auf die n\u00e4chsten gemeinsamen Projekte!\u2028F\u00f6rderverein, Sozialarbeit und Ganztag<\/p>\n\n\n<div class=\"wp-block-image\">\n<figure class=\"aligncenter size-large\"><img loading=\"lazy\" decoding=\"async\" width=\"700\" height=\"675\" src=\"https:\/\/wordpress.nibis.de\/bgs\/files\/2026\/03\/Tauschboerse-1-700x675.jpg\" alt=\"\" class=\"wp-image-2466\" \/><\/figure>\n<\/div>","protected":false},"excerpt":{"rendered":"<p>Am Freitag, den 20.02.2026 fand an der Br\u00fcder-Grimm-Schule bereits zum vierten Mal unsere beliebte Tauschb\u00f6rse,, Aus Meins wird Deins\u201c mit anschlie\u00dfendem Elterncaf\u00e9 statt.\u2028In der Woche &hellip; <\/p>\n","protected":false},"author":9193811,"featured_media":0,"parent":0,"menu_order":0,"comment_status":"closed","ping_status":"closed","template":"","meta":{"footnotes":""},"class_list":["post-2463","page","type-page","status-publish","hentry"],"_links":{"self":[{"href":"https:\/\/wordpress.nibis.de\/bgs\/wp-json\/wp\/v2\/pages\/2463","targetHints":{"allow":["GET"]}}],"collection":[{"href":"https:\/\/wordpress.nibis.de\/bgs\/wp-json\/wp\/v2\/pages"}],"about":[{"href":"https:\/\/wordpress.nibis.de\/bgs\/wp-json\/wp\/v2\/types\/page"}],"author":[{"embeddable":true,"href":"https:\/\/wordpress.nibis.de\/bgs\/wp-json\/wp\/v2\/users\/9193811"}],"replies":[{"embeddable":true,"href":"https:\/\/wordpress.nibis.de\/bgs\/wp-json\/wp\/v2\/comments?post=2463"}],"version-history":[{"count":3,"href":"https:\/\/wordpress.nibis.de\/bgs\/wp-json\/wp\/v2\/pages\/2463\/revisions"}],"predecessor-version":[{"id":2470,"href":"https:\/\/wordpress.nibis.de\/bgs\/wp-json\/wp\/v2\/pages\/2463\/revisions\/2470"}],"wp:attachment":[{"href":"https:\/\/wordpress.nibis.de\/bgs\/wp-json\/wp\/v2\/media?parent=2463"}],"curies":[{"name":"wp","href":"https:\/\/api.w.org\/{rel}","templated":true}]}}