{"id":2480,"date":"2026-03-06T12:37:29","date_gmt":"2026-03-06T11:37:29","guid":{"rendered":"https:\/\/wordpress.nibis.de\/bgs\/?page_id=2480"},"modified":"2026-03-06T12:37:29","modified_gmt":"2026-03-06T11:37:29","slug":"10-jahre-ganztag-ein-grund-zum-strahlen","status":"publish","type":"page","link":"https:\/\/wordpress.nibis.de\/bgs\/10-jahre-ganztag-ein-grund-zum-strahlen\/","title":{"rendered":"10 Jahre Ganztag &#8211; ein Grund zum Strahlen"},"content":{"rendered":"\n<p>Ein runder Geburtstag, viele lachende Gesichter und ein buntes Programm: Unser Ganztag an der Br\u00fcder-Grimm-Schule feierte Jubil\u00e4um \u2013 und das auf eine ganz besondere Art.<\/p>\n<p>Schon die Er\u00f6ffnung um 14:00 Uhr war feierlich und herzlich zugleich: Unsere Schulleiterin Frau Ahrens begr\u00fc\u00dfte alle G\u00e4ste mit einer sehr herzlichen Rede, die sofort eine warme und festliche Stimmung schuf. Im Anschluss hielt der B\u00fcrgermeister der Stadt Seelze, Herr Masthoff, seine Rede \u2013 und wir freuten uns ganz besonders, dass er sich die Zeit nahm, zu unserem Fest zu kommen. Dann wurde es musikalisch: Unser Schulchor sang voller Begeisterung das eigens gestaltete Ganztagslied zum 10. Geburtstag, entwickelt von Frau Kr\u00e4mer, Frau Schmidt und Herrn Schlingmann. Ein Moment, der viele ber\u00fchrte und sicher noch lange in Erinnerung bleiben wird. Anschlie\u00dfend ging es bunt und lebendig weiter: Die Tanz-AG brachte Bewegung und Rhythmus auf die B\u00fchne, und die Theater-AG f\u00fchrte ein liebevoll vorbereitetes St\u00fcck auf, das die Zuschauer mit gro\u00dfer Aufmerksamkeit verfolgten.<\/p>\n<p>Auch die Mitmachaktionen sorgten f\u00fcr viel Begeisterung: Die Kinder konnten an spannenden Spielen teilnehmen und kleine Preise gewinnen, die von der Stiftung HELP gespendet wurden. Besonders beliebt war der Experimentiertisch, an dem die Kinder kleine naturwissenschaftliche Versuche ausprobieren und mit leuchtenden Augen Neues entdecken konnten.<\/p>\n<p>Ein weiteres Highlight war der Besuch der Freiwilligen Feuerwehr Letter: Das gro\u00dfe Feuerwehrauto zum Anfassen und Erkunden begeisterte die Kinder ganz besonders.<\/p>\n<p>Die eigentliche Feststimmung spielte sich in der Mensa ab: Dort war es lebendig, bunt und herzlich. Es duftete nach frischen Hotdogs und Kuchen, \u00fcberall wurde gelacht, erz\u00e4hlt und miteinander gefeiert. In der Schulk\u00fcche bereiteten die Kinder mit gro\u00dfer Begeisterung zus\u00e4tzlich kunterbunte Obstspie\u00dfe zu.<br \/>Ein herzliches Dankesch\u00f6n an alle Spenderinnen und Spender!<\/p>\n<p>Au\u00dferdem waren in der Mensa Plakate mit Bildern unserer Arbeitsgemeinschaften ausgestellt, die eindrucksvoll zeigten, wie vielf\u00e4ltig, kreativ und bunt unser Ganztag ist.<\/p>\n<p>Ein besonderer Anziehungspunkt war unser liebevoll gestalteter Verkaufsstand. Dort konnten die G\u00e4ste kleine Sch\u00e4tze erwerben \u2013 hergestellt von den Kindern in den AG&#8217;s, in der Ferienbetreuung und mit Unterst\u00fctzung des Ganztagsteams und der Praktikanten. Die Kreativ-AG hatte zudem mit viel Liebe f\u00fcr eine farbenfrohe Dekoration gesorgt, die dem Fest ein fr\u00f6hliches Gesicht verlieh.<\/p>\n<p>Es freute uns sehr, dass einige Bewohnerinnen und Bewohner des Kursana an unserem Fest teilnahmen. Die Erstkl\u00e4ssler*innen (jetzt Zweitkl\u00e4ssler*innen) hatten sie bereits durch die Aktion \u201eWir erkunden Letter\u201c kennen gelernt. W\u00e4hrend der Aktion haben die Kinder unter anderem auch den sch\u00f6nsten Spielplatz in Letter gew\u00e4hlt und ihn als Modell nachgebaut. Dieses Spielplatzmodell konnte nun beim Jubil\u00e4um bestaunt werden und sorgte f\u00fcr gro\u00dfe Bewunderung.<\/p>\n<p>Unser Dank gilt allen, die diesen sch\u00f6nen Tag m\u00f6glich gemacht haben:<\/p>\n<ul>\n<li>Frau Kr\u00e4mer, Frau Schmidt und Herrn Schlingmann f\u00fcr das wunderbare Ganztagslied,<\/li>\n<li>den Hausmeistern f\u00fcr ihre tatkr\u00e4ftige Unterst\u00fctzung,<\/li>\n<li>der freiwilligen Feuerwehr, f\u00fcr ihren Besuch,<\/li>\n<li>dem F\u00f6rderverein f\u00fcr die vielen helfenden H\u00e4nde,<\/li>\n<li>den Eltern f\u00fcr die zahlreichen Kuchenspenden,<\/li>\n<li>der Firma Raute f\u00fcr die Br\u00f6tchen,<\/li>\n<li>und Meyer Men\u00fc, die uns alle Zutaten f\u00fcr die Hotdogs gespendet haben.<\/li>\n<\/ul>\n<p>Wir sind stolz und dankbar, dass unser Jubil\u00e4um zu einem strahlenden, fr\u00f6hlichen Fest voller Gemeinschaft und Begeisterung geworden ist. Schon die Vorbereitung hat uns als Ganztagsteam unglaublich viel Freude gemacht \u2013 \u00fcberall wurde geplant, gebastelt, ausprobiert und gelacht. Dieser Tag hat uns gezeigt, wie wertvoll unser Miteinander ist \u2013 und wie sch\u00f6n es ist, gemeinsam mit Kindern, Eltern, Kolleg*innen, Lehrer*innen und allen anderen Freunden unserer Schule das Schulleben zu gestalten.<\/p>\n<p>Auf die n\u00e4chsten 10 Jahre Ganztag an der Br\u00fcder-Grimm-Schule \u2013 wir freuen uns schon jetzt auf viele weitere Abenteuer mit den Kindern! \ud83c\udf89<\/p>\n<p>Liebe Gr\u00fc\u00dfe<\/p>\n<p>Das Ganztagsteam der Stiftung Help<\/p>\n","protected":false},"excerpt":{"rendered":"<p>Ein runder Geburtstag, viele lachende Gesichter und ein buntes Programm: Unser Ganztag an der Br\u00fcder-Grimm-Schule feierte Jubil\u00e4um \u2013 und das auf eine ganz besondere Art. &hellip; <\/p>\n","protected":false},"author":9193915,"featured_media":0,"parent":0,"menu_order":0,"comment_status":"closed","ping_status":"closed","template":"","meta":{"footnotes":""},"class_list":["post-2480","page","type-page","status-publish","hentry"],"_links":{"self":[{"href":"https:\/\/wordpress.nibis.de\/bgs\/wp-json\/wp\/v2\/pages\/2480","targetHints":{"allow":["GET"]}}],"collection":[{"href":"https:\/\/wordpress.nibis.de\/bgs\/wp-json\/wp\/v2\/pages"}],"about":[{"href":"https:\/\/wordpress.nibis.de\/bgs\/wp-json\/wp\/v2\/types\/page"}],"author":[{"embeddable":true,"href":"https:\/\/wordpress.nibis.de\/bgs\/wp-json\/wp\/v2\/users\/9193915"}],"replies":[{"embeddable":true,"href":"https:\/\/wordpress.nibis.de\/bgs\/wp-json\/wp\/v2\/comments?post=2480"}],"version-history":[{"count":1,"href":"https:\/\/wordpress.nibis.de\/bgs\/wp-json\/wp\/v2\/pages\/2480\/revisions"}],"predecessor-version":[{"id":2481,"href":"https:\/\/wordpress.nibis.de\/bgs\/wp-json\/wp\/v2\/pages\/2480\/revisions\/2481"}],"wp:attachment":[{"href":"https:\/\/wordpress.nibis.de\/bgs\/wp-json\/wp\/v2\/media?parent=2480"}],"curies":[{"name":"wp","href":"https:\/\/api.w.org\/{rel}","templated":true}]}}