{"id":2490,"date":"2026-04-24T12:12:22","date_gmt":"2026-04-24T10:12:22","guid":{"rendered":"https:\/\/wordpress.nibis.de\/bgs\/?page_id=2490"},"modified":"2026-04-24T12:24:22","modified_gmt":"2026-04-24T10:24:22","slug":"osterferienbetreuung-in-der-bgs","status":"publish","type":"page","link":"https:\/\/wordpress.nibis.de\/bgs\/osterferienbetreuung-in-der-bgs\/","title":{"rendered":"Osterferienbetreuung in der BGS"},"content":{"rendered":"\n<p><span style=\"font-family: Times New Roman, serif\"><b>Osterferienbetreuung 2026 \u2013 Fr\u00fchlingszauber<\/b><br \/><em>Eine Woche voller Abenteuer mit unseren Fr\u00fchlingsrettern<\/em><\/span><\/p>\n<p><span style=\"font-family: Times New Roman, serif\">In der Osterferienbetreuung wurde es magisch: Unter dem Motto <b>\u201eFr\u00fchlingszauber\u201c<\/b> begaben sich unsere Kinder auf eine ganz besondere Reise und wurden zu mutigen <em>Fr\u00fchlingsrettern<\/em>.<br \/><\/span><span style=\"font-family: Times New Roman, serif\">Jeder Tag begann um 9:00 Uhr mit einem gemeinsamen, fr\u00fchlingshaften Fr\u00fchst\u00fcck. <\/span><span style=\"font-family: Times New Roman, serif\">F\u00fcnf Tage lang tauchten sie in eine interaktive Mitmachgeschichte ein, in der sie selbst zu Fr\u00fchlingsrettern wurden. <\/span><span style=\"font-family: Times New Roman, serif\">An ihrer Seite: die neugierige und liebenswerte Biene <b>Summi<\/b>, die zum allerersten Mal den Fr\u00fchling erlebte. <\/span><span style=\"font-family: Times New Roman, serif\">F\u00fcr sie war alles neu \u2013 die Farben, die D\u00fcfte, die Tiere&#8230;<\/span><\/p>\n<p><span style=\"font-family: Times New Roman, serif\">Zum vollst\u00e4ndigen Artikel: <a href=\"https:\/\/wordpress.nibis.de\/bgs\/files\/2026\/04\/Osterferienbetreuung-2026.pdf\">Osterferienbetreuung 2026<\/a><\/span><\/p>\n\n\n\n<div class=\"wp-block-columns is-layout-flex wp-container-core-columns-is-layout-abceabcf wp-block-columns-is-layout-flex\">\n<div class=\"wp-block-column is-layout-flow wp-block-column-is-layout-flow\" style=\"--col-width:50%;flex-basis:50%\">\n<figure class=\"wp-block-image size-full\"><img loading=\"lazy\" decoding=\"async\" width=\"514\" height=\"600\" src=\"https:\/\/wordpress.nibis.de\/bgs\/files\/2026\/04\/Osterferienbetreuung-1klein-1.jpg\" alt=\"\" class=\"wp-image-2499\" srcset=\"https:\/\/wordpress.nibis.de\/bgs\/files\/2026\/04\/Osterferienbetreuung-1klein-1.jpg 514w, https:\/\/wordpress.nibis.de\/bgs\/files\/2026\/04\/Osterferienbetreuung-1klein-1-100x117.jpg 100w\" sizes=\"auto, (max-width: 514px) 100vw, 514px\" \/><\/figure>\n<\/div>\n\n\n\n<div class=\"wp-block-column is-layout-flow wp-block-column-is-layout-flow\" style=\"--col-width:50%;flex-basis:50%\">\n<figure class=\"wp-block-image size-full\"><img loading=\"lazy\" decoding=\"async\" width=\"514\" height=\"600\" src=\"https:\/\/wordpress.nibis.de\/bgs\/files\/2026\/04\/Osterferienbetreuung-2klein.jpg\" alt=\"\" class=\"wp-image-2500\" srcset=\"https:\/\/wordpress.nibis.de\/bgs\/files\/2026\/04\/Osterferienbetreuung-2klein.jpg 514w, https:\/\/wordpress.nibis.de\/bgs\/files\/2026\/04\/Osterferienbetreuung-2klein-100x117.jpg 100w\" sizes=\"auto, (max-width: 514px) 100vw, 514px\" \/><\/figure>\n<\/div>\n<\/div>\n\n\n\n<div class=\"wp-block-columns is-layout-flex wp-container-core-columns-is-layout-abceabcf wp-block-columns-is-layout-flex\">\n<div class=\"wp-block-column is-layout-flow wp-block-column-is-layout-flow\">\n<figure class=\"wp-block-image size-full\"><img loading=\"lazy\" decoding=\"async\" width=\"514\" height=\"600\" src=\"https:\/\/wordpress.nibis.de\/bgs\/files\/2026\/04\/Osterferienbetreuung-3klrin.jpg\" alt=\"\" class=\"wp-image-2501\" srcset=\"https:\/\/wordpress.nibis.de\/bgs\/files\/2026\/04\/Osterferienbetreuung-3klrin.jpg 514w, https:\/\/wordpress.nibis.de\/bgs\/files\/2026\/04\/Osterferienbetreuung-3klrin-100x117.jpg 100w\" sizes=\"auto, (max-width: 514px) 100vw, 514px\" \/><\/figure>\n<\/div>\n\n\n\n<div class=\"wp-block-column is-layout-flow wp-block-column-is-layout-flow\">\n<figure class=\"wp-block-image size-full\"><img loading=\"lazy\" decoding=\"async\" width=\"515\" height=\"600\" src=\"https:\/\/wordpress.nibis.de\/bgs\/files\/2026\/04\/Osterferienbetreuung-4klein.jpg\" alt=\"\" class=\"wp-image-2502\" srcset=\"https:\/\/wordpress.nibis.de\/bgs\/files\/2026\/04\/Osterferienbetreuung-4klein.jpg 515w, https:\/\/wordpress.nibis.de\/bgs\/files\/2026\/04\/Osterferienbetreuung-4klein-100x117.jpg 100w\" sizes=\"auto, (max-width: 515px) 100vw, 515px\" \/><\/figure>\n<\/div>\n<\/div>\n\n\n<div class=\"wp-block-image\">\n<figure class=\"aligncenter size-full\"><img loading=\"lazy\" decoding=\"async\" width=\"514\" height=\"600\" src=\"https:\/\/wordpress.nibis.de\/bgs\/files\/2026\/04\/Osterferienbetreuung-5klein.jpg\" alt=\"\" class=\"wp-image-2503\" srcset=\"https:\/\/wordpress.nibis.de\/bgs\/files\/2026\/04\/Osterferienbetreuung-5klein.jpg 514w, https:\/\/wordpress.nibis.de\/bgs\/files\/2026\/04\/Osterferienbetreuung-5klein-100x117.jpg 100w\" sizes=\"auto, (max-width: 514px) 100vw, 514px\" \/><\/figure>\n<\/div>","protected":false},"excerpt":{"rendered":"<p>Osterferienbetreuung 2026 \u2013 Fr\u00fchlingszauberEine Woche voller Abenteuer mit unseren Fr\u00fchlingsrettern In der Osterferienbetreuung wurde es magisch: Unter dem Motto \u201eFr\u00fchlingszauber\u201c begaben sich unsere Kinder auf &hellip; <\/p>\n","protected":false},"author":9193915,"featured_media":0,"parent":0,"menu_order":0,"comment_status":"closed","ping_status":"closed","template":"","meta":{"footnotes":""},"class_list":["post-2490","page","type-page","status-publish","hentry"],"_links":{"self":[{"href":"https:\/\/wordpress.nibis.de\/bgs\/wp-json\/wp\/v2\/pages\/2490","targetHints":{"allow":["GET"]}}],"collection":[{"href":"https:\/\/wordpress.nibis.de\/bgs\/wp-json\/wp\/v2\/pages"}],"about":[{"href":"https:\/\/wordpress.nibis.de\/bgs\/wp-json\/wp\/v2\/types\/page"}],"author":[{"embeddable":true,"href":"https:\/\/wordpress.nibis.de\/bgs\/wp-json\/wp\/v2\/users\/9193915"}],"replies":[{"embeddable":true,"href":"https:\/\/wordpress.nibis.de\/bgs\/wp-json\/wp\/v2\/comments?post=2490"}],"version-history":[{"count":6,"href":"https:\/\/wordpress.nibis.de\/bgs\/wp-json\/wp\/v2\/pages\/2490\/revisions"}],"predecessor-version":[{"id":2511,"href":"https:\/\/wordpress.nibis.de\/bgs\/wp-json\/wp\/v2\/pages\/2490\/revisions\/2511"}],"wp:attachment":[{"href":"https:\/\/wordpress.nibis.de\/bgs\/wp-json\/wp\/v2\/media?parent=2490"}],"curies":[{"name":"wp","href":"https:\/\/api.w.org\/{rel}","templated":true}]}}