{"id":25,"date":"2021-09-28T20:42:39","date_gmt":"2021-09-28T18:42:39","guid":{"rendered":"https:\/\/wordpress.nibis.de\/bgs\/?page_id=25"},"modified":"2026-03-05T07:45:17","modified_gmt":"2026-03-05T06:45:17","slug":"aktuelles","status":"publish","type":"page","link":"https:\/\/wordpress.nibis.de\/bgs\/","title":{"rendered":"Herzlich willkommen!"},"content":{"rendered":"\n<figure class=\"wp-block-image size-large is-style-tw-rounded-corners\"><img loading=\"lazy\" decoding=\"async\" width=\"1200\" height=\"675\" src=\"https:\/\/wordpress.nibis.de\/bgs\/files\/2025\/05\/IMG_20250512_121601887_HDR-baum-fruehling-1200x675.jpg\" alt=\"\" class=\"wp-image-2115\" srcset=\"https:\/\/wordpress.nibis.de\/bgs\/files\/2025\/05\/IMG_20250512_121601887_HDR-baum-fruehling-1200x675.jpg 1200w, https:\/\/wordpress.nibis.de\/bgs\/files\/2025\/05\/IMG_20250512_121601887_HDR-baum-fruehling-850x478.jpg 850w, https:\/\/wordpress.nibis.de\/bgs\/files\/2025\/05\/IMG_20250512_121601887_HDR-baum-fruehling-250x141.jpg 250w\" sizes=\"auto, (max-width: 1200px) 100vw, 1200px\" \/><\/figure>\n\n\n\n<p>Dies ist die Homepage der Br\u00fcder-Grimm-Schule in Letter. Auf dieser Seite finden Sie die wichtigsten Informationen zu unserer Schule. Sie erfahren wie unsere Schule organisiert ist und erhalten Einblick in unseren Alltag. Sie k\u00f6nnen sich \u00fcber Lerninhalte und Leistungsbeurteilungen informieren. Au\u00dferdem stellen sich unsere Schulsozialarbeiterin, der Ganztag und der F\u00f6rderverein vor. <\/p>\n\n\n\n<p>Viel Freude  beim St\u00f6bern!<\/p>\n\n\n\n<figure class=\"wp-block-video\"><video height=\"720\" style=\"aspect-ratio: 1280 \/ 720;\" width=\"1280\" controls poster=\"https:\/\/wordpress.nibis.de\/bgs\/files\/2022\/03\/4D0BE5B6-A597-451A-BC2B-6F283C021660-e1648218908783.png\" src=\"https:\/\/wordpress.nibis.de\/bgs\/files\/2022\/02\/bgs.m4v\"><\/video><\/figure>\n","protected":false},"excerpt":{"rendered":"<p>Dies ist die Homepage der Br\u00fcder-Grimm-Schule in Letter. Auf dieser Seite finden Sie die wichtigsten Informationen zu unserer Schule. Sie erfahren wie unsere Schule organisiert &hellip; <\/p>\n","protected":false},"author":9193811,"featured_media":0,"parent":0,"menu_order":0,"comment_status":"closed","ping_status":"closed","template":"","meta":{"footnotes":""},"class_list":["post-25","page","type-page","status-publish","hentry"],"_links":{"self":[{"href":"https:\/\/wordpress.nibis.de\/bgs\/wp-json\/wp\/v2\/pages\/25","targetHints":{"allow":["GET"]}}],"collection":[{"href":"https:\/\/wordpress.nibis.de\/bgs\/wp-json\/wp\/v2\/pages"}],"about":[{"href":"https:\/\/wordpress.nibis.de\/bgs\/wp-json\/wp\/v2\/types\/page"}],"author":[{"embeddable":true,"href":"https:\/\/wordpress.nibis.de\/bgs\/wp-json\/wp\/v2\/users\/9193811"}],"replies":[{"embeddable":true,"href":"https:\/\/wordpress.nibis.de\/bgs\/wp-json\/wp\/v2\/comments?post=25"}],"version-history":[{"count":127,"href":"https:\/\/wordpress.nibis.de\/bgs\/wp-json\/wp\/v2\/pages\/25\/revisions"}],"predecessor-version":[{"id":2438,"href":"https:\/\/wordpress.nibis.de\/bgs\/wp-json\/wp\/v2\/pages\/25\/revisions\/2438"}],"wp:attachment":[{"href":"https:\/\/wordpress.nibis.de\/bgs\/wp-json\/wp\/v2\/media?parent=25"}],"curies":[{"name":"wp","href":"https:\/\/api.w.org\/{rel}","templated":true}]}}