{"id":43,"date":"2021-09-28T20:47:17","date_gmt":"2021-09-28T18:47:17","guid":{"rendered":"https:\/\/wordpress.nibis.de\/bgs\/?page_id=43"},"modified":"2025-09-04T10:00:51","modified_gmt":"2025-09-04T08:00:51","slug":"organisation","status":"publish","type":"page","link":"https:\/\/wordpress.nibis.de\/bgs\/schule\/organisation\/","title":{"rendered":"Organisation"},"content":{"rendered":"\n<p>Die Br\u00fcder-Grimm-Schule in Letter &#8211; kurz BGS &#8211; ist eine verl\u00e4ssliche Grundschule mit offenem Ganztag. Der zeitliche Ablauf an der BGS sieht wie folgt aus:<\/p>\n\n\n\n<table style=\"border-collapse: collapse;width: 83.75%;height: 848px\">\n<tbody>\n<tr style=\"height: 34px;background-color: #d1cdcd\">\n<td style=\"width: 16.0416%;height: 34px;text-align: left\"><strong>Zeit<\/strong><\/td>\n<td style=\"width: 34.375%;height: 34px;text-align: left\"><strong>Was?<\/strong><\/td>\n<\/tr>\n<tr style=\"height: 34px\">\n<td style=\"width: 16.0416%;height: 34px\">07.00 Uhr &#8211; 08.00 Uhr<\/td>\n<td style=\"width: 34.375%;height: 34px\">Fr\u00fchbetreuung (kostenpflichtig)<\/td>\n<\/tr>\n<tr style=\"height: 34px\">\n<td style=\"width: 16.0416%;height: 34px\">\u00a0<\/td>\n<td style=\"width: 34.375%;height: 34px\">\u00a0<\/td>\n<\/tr>\n<tr style=\"height: 57px\">\n<td style=\"width: 16.0416%;height: 57px\">08.00 Uhr &#8211; 08.30 Uhr<\/td>\n<td style=\"width: 34.375%;height: 57px\">Lern- und \u00dcbungszeit \/ Betreuung<\/td>\n<\/tr>\n<tr style=\"height: 57px\">\n<td style=\"width: 16.0416%;height: 57px\"><strong>08.30 Uhr &#8211; 09.30 Uhr<\/strong><\/td>\n<td style=\"width: 34.375%;height: 57px\"><strong>1. Stunde inkl. Fr\u00fchst\u00fcck, Tagesorganisation, etc.<\/strong><\/td>\n<\/tr>\n<tr style=\"height: 34px\">\n<td style=\"width: 16.0416%;height: 34px\">09.30 Uhr &#8211; 09.55 Uhr<\/td>\n<td style=\"width: 34.375%;height: 34px\">Pause<\/td>\n<\/tr>\n<tr style=\"height: 34px\">\n<td style=\"width: 16.0416%;height: 34px\"><strong>09.55 Uhr &#8211; 10.40 Uhr<\/strong><\/td>\n<td style=\"width: 34.375%;height: 34px\"><strong>2. Stunde<\/strong><\/td>\n<\/tr>\n<tr style=\"height: 34px\">\n<td style=\"width: 16.0416%;height: 34px\"><strong>10.45 Uhr &#8211; 11.30 Uhr<\/strong><\/td>\n<td style=\"width: 34.375%;height: 34px\"><strong>3. Stunde<\/strong><\/td>\n<\/tr>\n<tr style=\"height: 34px\">\n<td style=\"width: 16.0416%;height: 34px\">11.30 Uhr &#8211; 11.55 Uhr<\/td>\n<td style=\"width: 34.375%;height: 34px\">Pause<\/td>\n<\/tr>\n<tr style=\"height: 34px\">\n<td style=\"width: 16.0416%;height: 34px\"><strong>11.55 Uhr &#8211; 12.40 Uhr<\/strong><\/td>\n<td style=\"width: 34.375%;height: 34px\"><strong>4. Stunde<\/strong><\/td>\n<\/tr>\n<tr style=\"height: 34px\">\n<td style=\"width: 16.0416%;height: 34px\"><strong>12.45 Uhr &#8211; 13.30 Uhr<\/strong><\/td>\n<td style=\"width: 34.375%;height: 34px\"><strong>5. Stunde<\/strong><\/td>\n<\/tr>\n<tr style=\"height: 34px\">\n<td style=\"width: 16.0416%;height: 34px\">\u00a0<\/td>\n<td style=\"width: 34.375%;height: 34px\">\u00a0<\/td>\n<\/tr>\n<tr style=\"height: 34px\">\n<td style=\"width: 16.0416%;height: 34px\">12.40 Uhr &#8211; 13.30 Uhr<\/td>\n<td style=\"width: 34.375%;height: 34px\">Mittagessen Klasse 1 + 2 (Ganztag)<\/td>\n<\/tr>\n<tr style=\"height: 57px\">\n<td style=\"width: 16.0416%;height: 57px\">\n<p>13.30 Uhr &#8211; 14.00 Uhr<\/p>\n<\/td>\n<td style=\"width: 34.375%;height: 57px\">\n<p>Mittagessen Klasse 2 + 3 + 4,\u00a0 Hausaufgaben Klasse 1 + 2 (Ganztag)<\/p>\n<\/td>\n<\/tr>\n<tr style=\"height: 34px\">\n<td style=\"width: 16.0416%;height: 34px\">14:00 Uhr<\/td>\n<td style=\"width: 34.375%;height: 34px\">1. Abholzeit<\/td>\n<\/tr>\n<tr style=\"height: 70px\">\n<td style=\"width: 16.0416%;height: 19px\">\n<p>14.00 Uhr &#8211; 14.30 Uhr<\/p>\n<\/td>\n<td style=\"width: 34.375%;height: 19px\">\n<p>Hausaufgaben Klasse 2 + 3 + 4 (Ganztag)<\/p>\n<\/td>\n<\/tr>\n<tr style=\"height: 70px\">\n<td style=\"height: 40px\">\n<p>14.30 Uhr &#8211; 15.30 Uhr<\/p>\n<\/td>\n<td style=\"height: 40px\">\n<p>AG \/ Club (Ganztag)<\/p>\n<\/td>\n<\/tr>\n<tr style=\"height: 70px\">\n<td style=\"height: 70px\">\n<p>14:30 Uhr\u00a0<\/p>\n<\/td>\n<td style=\"height: 70px\">\n<p>2. Abholzeit am Freitag (Ende Ganztag)<\/p>\n<\/td>\n<\/tr>\n<tr style=\"height: 21px\">\n<td style=\"height: 70px\">\n<p>15:30 Uhr<\/p>\n<\/td>\n<td style=\"height: 70px\">\n<p>2. Abholzeit<\/p>\n<\/td>\n<\/tr>\n<tr style=\"height: 70px\">\n<td style=\"height: 70px\">\n<p>15:30 Uhr &#8211; 16:30 Uhr<\/p>\n<\/td>\n<td style=\"height: 70px\">\n<p>Sp\u00e4tbetreuung (kostenpflichtig)<\/p>\n<\/td>\n<\/tr>\n<\/tbody>\n<\/table>\n\n\n\n\n\n<ul>\n<li>In der Zeit von 8.00 \u2013 8.30 Uhr findet F\u00f6rderunterricht f\u00fcr Deutsch und Mathematik statt. Die teilnehmenden SuS werden von den Klassen- und Fachlehrkr\u00e4ften bestimmt und zur F\u00f6rderung eingeladen.<\/li>\n<li>DaZ und BuT-F\u00f6rderung finden unter anderem in diesem Zeitrahmen statt.<\/li>\n<li>Eine Anmeldung zur Betreuung ist m\u00f6glich.<\/li>\n<li>Es gibt keine 6. Stunde mehr, da diese in der morgendlichen \u201eAnkommenszeit\u201c inkludiert ist.<\/li>\n<li>Vor- und Nachmittagsbereich sind voneinander getrennt. Kein Mittagessen mehr in unseren Unterrichtsstunden.<\/li>\n<\/ul>\n","protected":false},"excerpt":{"rendered":"<p>Die Br\u00fcder-Grimm-Schule in Letter &#8211; kurz BGS &#8211; ist eine verl\u00e4ssliche Grundschule mit offenem Ganztag. Der zeitliche Ablauf an der BGS sieht wie folgt aus: &hellip; <\/p>\n","protected":false},"author":9193811,"featured_media":0,"parent":27,"menu_order":1,"comment_status":"closed","ping_status":"closed","template":"","meta":{"footnotes":""},"class_list":["post-43","page","type-page","status-publish","hentry"],"_links":{"self":[{"href":"https:\/\/wordpress.nibis.de\/bgs\/wp-json\/wp\/v2\/pages\/43","targetHints":{"allow":["GET"]}}],"collection":[{"href":"https:\/\/wordpress.nibis.de\/bgs\/wp-json\/wp\/v2\/pages"}],"about":[{"href":"https:\/\/wordpress.nibis.de\/bgs\/wp-json\/wp\/v2\/types\/page"}],"author":[{"embeddable":true,"href":"https:\/\/wordpress.nibis.de\/bgs\/wp-json\/wp\/v2\/users\/9193811"}],"replies":[{"embeddable":true,"href":"https:\/\/wordpress.nibis.de\/bgs\/wp-json\/wp\/v2\/comments?post=43"}],"version-history":[{"count":18,"href":"https:\/\/wordpress.nibis.de\/bgs\/wp-json\/wp\/v2\/pages\/43\/revisions"}],"predecessor-version":[{"id":2273,"href":"https:\/\/wordpress.nibis.de\/bgs\/wp-json\/wp\/v2\/pages\/43\/revisions\/2273"}],"up":[{"embeddable":true,"href":"https:\/\/wordpress.nibis.de\/bgs\/wp-json\/wp\/v2\/pages\/27"}],"wp:attachment":[{"href":"https:\/\/wordpress.nibis.de\/bgs\/wp-json\/wp\/v2\/media?parent=43"}],"curies":[{"name":"wp","href":"https:\/\/api.w.org\/{rel}","templated":true}]}}