{"id":45,"date":"2021-09-28T20:58:10","date_gmt":"2021-09-28T18:58:10","guid":{"rendered":"https:\/\/wordpress.nibis.de\/bgs\/?page_id=45"},"modified":"2025-09-04T10:12:13","modified_gmt":"2025-09-04T08:12:13","slug":"schulsozialarbeit","status":"publish","type":"page","link":"https:\/\/wordpress.nibis.de\/bgs\/schule\/schulsozialarbeit\/","title":{"rendered":"Schulsozialarbeit"},"content":{"rendered":"\n<div class=\"wp-block-columns is-layout-flex wp-container-core-columns-is-layout-abceabcf wp-block-columns-is-layout-flex\">\n<div class=\"wp-block-column is-layout-flow wp-block-column-is-layout-flow\" style=\"--col-width:66.66%;flex-basis:66.66%\">\n<p>Hallo liebe Eltern, hallo liebe Kinder,<\/p>\n\n\n\n<p>wir sind Doris Schmidt und Georg Schlingmann, eure Schulsozialarbeiter.<\/p>\n\n\n\n<p>Doris Schmidt hat ihr B\u00fcro im 1. Stock des Neubaus, es gibt einen Wegweiser.<br>Georg Schlingmann findet ihr im 1. Stock des Neubaus, neben der Klasse 4a.<\/p>\n\n\n\n<p><\/p>\n\n\n\n<p><strong>F\u00fcr die Kinder<\/strong>: Wir bieten euch einen Ort, an dem ihr \u00fcber das reden k\u00f6nnt, was euch besch\u00e4ftigt. Wenn ihr:<br>&nbsp;&nbsp;&nbsp;&nbsp;&nbsp;&nbsp;&nbsp;&nbsp;&nbsp;&nbsp;&nbsp;&nbsp;&nbsp;&nbsp;&nbsp;&nbsp;&nbsp;&nbsp;&nbsp;&nbsp;&nbsp;&nbsp;&nbsp;&nbsp; &#8211; einen Streit mit jemandem habt,<br>&nbsp;&nbsp;&nbsp;&nbsp;&nbsp;&nbsp;&nbsp;&nbsp;&nbsp;&nbsp;&nbsp;&nbsp;&nbsp;&nbsp;&nbsp;&nbsp;&nbsp;&nbsp;&nbsp;&nbsp;&nbsp;&nbsp;&nbsp;&nbsp; &#8211; wegen etwas traurig seid,<br>&nbsp;&nbsp;&nbsp;&nbsp;&nbsp;&nbsp;&nbsp;&nbsp;&nbsp;&nbsp;&nbsp;&nbsp;&nbsp;&nbsp;&nbsp;&nbsp;&nbsp;&nbsp;&nbsp;&nbsp;&nbsp;&nbsp;&nbsp;&nbsp; &#8211; mit jemandem \u00fcber eure Sorgen reden wollt<br>&nbsp;&nbsp;&nbsp;&nbsp;&nbsp;&nbsp;&nbsp;&nbsp;&nbsp;&nbsp;&nbsp;&nbsp;&nbsp;&nbsp;&nbsp;&nbsp;&nbsp;&nbsp;&nbsp;&nbsp;&nbsp;&nbsp;&nbsp;&nbsp; &#8211; oder einfach nur mal vorbeikommen m\u00f6chtet.<span style=\"font-size: medium\"><br><\/span><br>Ihr seid uns immer Herzlich willkommen! Ihr k\u00f6nnt vorher einen Termin vereinbaren, damit wir auch wirklich genug Zeit haben.<\/p>\n<\/div>\n\n\n\n<div class=\"wp-block-column is-layout-flow wp-block-column-is-layout-flow\" style=\"--col-width:33.33%;flex-basis:33.33%\">\n<figure class=\"wp-block-image size-large\"><img loading=\"lazy\" decoding=\"async\" width=\"451\" height=\"675\" src=\"https:\/\/wordpress.nibis.de\/bgs\/files\/2021\/12\/Schulsozialarbeit-451x675.jpg\" alt=\"\" class=\"wp-image-181\" \/><\/figure>\n<\/div>\n<\/div>\n\n\n\n<p>Wichtig: Was gesagt wird, bleibt unter uns!<\/p>\n<p><strong>F\u00fcr die Eltern<\/strong>: <br \/>Wir bieten Elternberatung zur Unterst\u00fctzung bei Problemen pers\u00f6nlicher Art, Information \u00fcber spezielle Hilfsangebote und nat\u00fcrlich Hilfe bei Problemen der Kinder in der Schule. (Termin nach Vereinbarung. Am Besten sind wir per Mail erreichbar).<br \/>Wir unterliegen der Schweigepflicht. Gerne k\u00f6nnen Sie auch vorbeikommen, wenn Sie \u201enur\u201c jemanden zum Reden brauchen!<\/p>\n<p>Mehrmals im Schuljahr organisieren wir Elterncaf\u00e9s. Schauen Sie gerne vorbei: Das n\u00e4chste Elterncaf\u00e9 findet am 03.12.2025 statt.<\/p>\n<p>Wer es genauer wissen will: In dem untenstehenden Flyer ist alles, was wir au\u00dferdem anbieten, kurz zusammengefasst.<\/p>\n<p>Viele Gr\u00fc\u00dfe und eine gute Zeit in der Br\u00fcder-Grimm-Schule!<\/p>\n<p>Doris Schmidt &amp; Georg Schlingmann<\/p>\n<p>\u00a0<\/p>\n<p>Unsere Kontaktdaten:<\/p>\n<p>Doris Schmidt <br \/><a href=\"&#x6d;&#97;&#105;l&#x74;&#x6f;&#58;D&#x6f;&#x72;&#105;s&#x2e;&#x53;&#99;h&#x6d;&#x69;&#100;t&#x40;&#x62;&#103;s&#x2d;&#x73;&#101;&#101;l&#x7a;&#x65;&#46;e&#x75;\">&#x44;&#x6f;&#114;&#105;&#115;&#46;&#x53;&#x63;&#x68;&#109;&#105;dt&#x40;&#x62;&#x67;&#115;&#45;s&#x65;&#x65;&#x6c;&#122;&#101;&#46;e&#x75;<\/a><br data-rich-text-line-break=\"true\" \/>Mobil: 0151-55842022<br data-rich-text-line-break=\"true\" \/>B\u00fcro mit Anrufbeantworter 0511\/70036437 <br data-rich-text-line-break=\"true\" \/>Erreichbar \u00fcber Messenger Signal<\/p>\n<p>Georg Schlingmann<br \/><a href=\"&#x6d;&#97;&#105;l&#x74;&#x6f;&#58;G&#x65;&#x6f;&#114;g&#46;&#x53;&#99;&#104;l&#x69;&#x6e;&#103;m&#x61;&#x6e;&#110;&#64;b&#x67;&#x73;&#45;s&#x65;&#x65;&#108;z&#x65;&#x2e;&#101;&#117;\">&#x47;&#x65;&#x6f;&#x72;&#x67;&#x2e;&#x53;&#x63;&#104;&#108;&#105;&#110;&#103;&#109;&#97;nn&#64;b&#x67;&#x73;&#x2d;&#x73;&#x65;&#x65;&#x6c;&#x7a;&#x65;&#46;&#101;&#117;<\/a><br \/>Telefon: 0511\/486160<br \/>Mobil: 0163\/8280801<\/p>\n\n\n\n\n\n<p><strong>Arbeitszeiten<\/strong><\/p>\n\n\n\n<p>Montag &#8211; Freitag: 08:00 Uhr &#8211; 15:00 Uhr &#8211; Bitte vereinbaren Sie einen Termin mit mir.<\/p>\n\n\n\n<div data-wp-interactive=\"core\/file\" class=\"wp-block-file\"><object data-wp-bind--hidden=\"!state.hasPdfPreview\" hidden class=\"wp-block-file__embed\" data=\"https:\/\/wordpress.nibis.de\/bgs\/files\/2025\/09\/Flyer-mit-Georg.pdf\" type=\"application\/pdf\" style=\"width:100%;height:600px\" aria-label=\"Einbettung von Einbettung von Flyer-Schulsozialarbeit..\"><\/object><a id=\"wp-block-file--media-9ebe3a72-8d53-4739-b14f-3d1835ecd5de\" href=\"https:\/\/wordpress.nibis.de\/bgs\/files\/2025\/09\/Flyer-mit-Georg.pdf\">Flyer-Schulsozialarbeit<\/a><a href=\"https:\/\/wordpress.nibis.de\/bgs\/files\/2025\/09\/Flyer-mit-Georg.pdf\" class=\"wp-block-file__button\" download aria-describedby=\"wp-block-file--media-9ebe3a72-8d53-4739-b14f-3d1835ecd5de\">Herunterladen<\/a><\/div>\n\n\n\n<p><a href=\"https:\/\/wordpress.nibis.de\/bgs\/files\/2025\/05\/Konzept-Schulsozialarbeit-Februar-2025.pdf\">Konzept Schulsozialarbeit Februar 2025<\/a><\/p>\n","protected":false},"excerpt":{"rendered":"<p>Hallo liebe Eltern, hallo liebe Kinder, wir sind Doris Schmidt und Georg Schlingmann, eure Schulsozialarbeiter. Doris Schmidt hat ihr B\u00fcro im 1. Stock des Neubaus, &hellip; <\/p>\n","protected":false},"author":9193811,"featured_media":0,"parent":27,"menu_order":2,"comment_status":"closed","ping_status":"closed","template":"","meta":{"footnotes":""},"class_list":["post-45","page","type-page","status-publish","hentry"],"_links":{"self":[{"href":"https:\/\/wordpress.nibis.de\/bgs\/wp-json\/wp\/v2\/pages\/45","targetHints":{"allow":["GET"]}}],"collection":[{"href":"https:\/\/wordpress.nibis.de\/bgs\/wp-json\/wp\/v2\/pages"}],"about":[{"href":"https:\/\/wordpress.nibis.de\/bgs\/wp-json\/wp\/v2\/types\/page"}],"author":[{"embeddable":true,"href":"https:\/\/wordpress.nibis.de\/bgs\/wp-json\/wp\/v2\/users\/9193811"}],"replies":[{"embeddable":true,"href":"https:\/\/wordpress.nibis.de\/bgs\/wp-json\/wp\/v2\/comments?post=45"}],"version-history":[{"count":41,"href":"https:\/\/wordpress.nibis.de\/bgs\/wp-json\/wp\/v2\/pages\/45\/revisions"}],"predecessor-version":[{"id":2281,"href":"https:\/\/wordpress.nibis.de\/bgs\/wp-json\/wp\/v2\/pages\/45\/revisions\/2281"}],"up":[{"embeddable":true,"href":"https:\/\/wordpress.nibis.de\/bgs\/wp-json\/wp\/v2\/pages\/27"}],"wp:attachment":[{"href":"https:\/\/wordpress.nibis.de\/bgs\/wp-json\/wp\/v2\/media?parent=45"}],"curies":[{"name":"wp","href":"https:\/\/api.w.org\/{rel}","templated":true}]}}