{"id":49,"date":"2021-09-28T21:00:54","date_gmt":"2021-09-28T19:00:54","guid":{"rendered":"https:\/\/wordpress.nibis.de\/bgs\/?page_id=49"},"modified":"2025-02-27T08:15:30","modified_gmt":"2025-02-27T07:15:30","slug":"schulvorstand","status":"publish","type":"page","link":"https:\/\/wordpress.nibis.de\/bgs\/schule\/schulvorstand\/","title":{"rendered":"Schulvorstand"},"content":{"rendered":"\n<h2 class=\"wp-block-heading\">Eigenverantwortliche Schule<\/h2>\n\n\n\n<p>Ein Schulvorstand ist ein Vertretungsgremium der Lehrkr\u00e4fte, der Sch\u00fclerschaft und der Elternschaft nach dem Nieders\u00e4chsischen Schulgesetz in der Fassung vom 12. Juli 2007. Die Konzeption \u00e4hnelt der von Schulkonferenzen in anderen Bundesl\u00e4ndern.<\/p>\n\n\n\n<p>Mit der Einf\u00fchrung der \u201eEigenverantwortlichen Schule\u201c (zu deren Konzept siehe den \u201eAbschlussbericht der \u201aArbeitsgruppe Eigenverantliche Schule\u2018\u201c im Nieders\u00e4chsischen Kultusministerium vom 24. Februar 2005[2]) wurde in Niedersachsen die Institution des Schulvorstandes neu geschaffen. Seine Aufgaben ergeben sich aus \u00a7 38a des Nieders\u00e4chsischen Schulgesetzes in der Fassung vom 12. Juli 2007, seine Zusammensetzung aus \u00a7 38b.[3]<\/p>\n\n\n\n<h2 class=\"wp-block-heading\">Der Schulvorstand entscheidet<\/h2>\n\n\n\n<ul class=\"wp-block-list\"><li>\u00fcber die Inanspruchnahme der den Schulen im Hinblick auf ihre Eigenverantwortlichkeit von der obersten Schulbeh\u00f6rde einger\u00e4umten Entscheidungsspielr\u00e4ume,<\/li><li>den Plan \u00fcber die Verwendung der Haushaltsmittel und die Entlastung der Schulleiterin oder des Schulleiters,<\/li><li>Antr\u00e4ge an die Schulbeh\u00f6rde auf Genehmigung einer besonderen Organisation,<\/li><li>die Zusammenarbeit mit anderen Schulen,<\/li><li>die F\u00fchrung einer Eingangsstufe,<\/li><li>die Vorschl\u00e4ge an die Schulbeh\u00f6rde zur Besetzung der Stelle der Schulleiterin oder des Schulleiters, der Stelle der st\u00e4ndigen Vertreterin oder des st\u00e4ndigen Vertreters sowie anderer Bef\u00f6rderungsstellen,<\/li><li>die Abgabe der Stellungnahmen zur Herstellung des Benehmens bei der Besetzung der Stelle der Schulleiterin oder des Schulleiters und bei der Besetzung der Stelle der st\u00e4ndigen Vertreterin oder des st\u00e4ndigen Vertreters,<\/li><li>die Ausgestaltung der Stundentafel,<\/li><li>Schulpartnerschaften, die von der Schule bei der Namensgebung zu treffenden Mitwirkungsentscheidungen,<\/li><li>Antr\u00e4ge an die Schulbeh\u00f6rde auf Genehmigung von Schulversuchen sowie Grunds\u00e4tze f\u00fcr<\/li><\/ul>\n\n\n\n<p>a) die T\u00e4tigkeit der p\u00e4dagogischen Mitarbeiterinnen und Mitarbeiter an Grundschulen,<br>b) die Durchf\u00fchrung von Projektwochen,<br>c) die Werbung und das Sponsoring in der Schule und<br>d) die j\u00e4hrliche \u00dcberpr\u00fcfung der Arbeit der Schule.<\/p>\n\n\n\n<p>Unser Schulvorstand besteht aus acht Mitgliedern. Er setzt sich zur H\u00e4lfte aus Lehrkr\u00e4ften (zu denen die Schulleiterin gerechnet wird) sowie aus Vertretern der Elternschaft zusammen.<\/p>\n\n\n\n<p>Die Vertreter\/innen der Lehrkr\u00e4fte, p\u00e4dagogischen Mitarbeiter und Eltern werden f\u00fcr 2 Jahre in den Schulvorstand gew\u00e4hlt.<br>Den Vorsitz im Schulvorstand f\u00fchrt immer die Schulleiterin oder der Schulleiter.<br>Der Schulvorstand tagt nicht \u00f6ffentlich.<\/p>\n\n\n\n<h2 class=\"wp-block-heading\">Unser Schulvorstand setzt sich aktuell wie folgt zusammen:<\/h2>\n\n\n\n<figure class=\"wp-block-table is-style-tw-border-h\"><table><tbody><tr><td><strong>Lehrervertreter*innen<\/strong><\/td><td><strong>Elternvertreter*innen<\/strong><\/td><\/tr><tr><td>Frau Ahrens<\/td><td>Frau Felis<\/td><\/tr><tr><td>Frau Geiger<\/td><td>Frau Schukat<\/td><\/tr><tr><td>Frau Hoyer<\/td><td>Herr L\u00f6ffler<\/td><\/tr><tr><td>Frau Denker<\/td><td>Frau Cetin<\/td><\/tr><tr><td>Frau Isenberg<\/td><td>Frau Dreier<\/td><\/tr><tr><td>Frau B\u00f6cker<\/td><td>Herr G\u00fctschow<\/td><\/tr><\/tbody><\/table><\/figure>\n","protected":false},"excerpt":{"rendered":"<p>Eigenverantwortliche Schule Ein Schulvorstand ist ein Vertretungsgremium der Lehrkr\u00e4fte, der Sch\u00fclerschaft und der Elternschaft nach dem Nieders\u00e4chsischen Schulgesetz in der Fassung vom 12. Juli 2007. &hellip; <\/p>\n","protected":false},"author":9193811,"featured_media":0,"parent":27,"menu_order":4,"comment_status":"closed","ping_status":"closed","template":"","meta":{"footnotes":""},"class_list":["post-49","page","type-page","status-publish","hentry"],"_links":{"self":[{"href":"https:\/\/wordpress.nibis.de\/bgs\/wp-json\/wp\/v2\/pages\/49","targetHints":{"allow":["GET"]}}],"collection":[{"href":"https:\/\/wordpress.nibis.de\/bgs\/wp-json\/wp\/v2\/pages"}],"about":[{"href":"https:\/\/wordpress.nibis.de\/bgs\/wp-json\/wp\/v2\/types\/page"}],"author":[{"embeddable":true,"href":"https:\/\/wordpress.nibis.de\/bgs\/wp-json\/wp\/v2\/users\/9193811"}],"replies":[{"embeddable":true,"href":"https:\/\/wordpress.nibis.de\/bgs\/wp-json\/wp\/v2\/comments?post=49"}],"version-history":[{"count":13,"href":"https:\/\/wordpress.nibis.de\/bgs\/wp-json\/wp\/v2\/pages\/49\/revisions"}],"predecessor-version":[{"id":2053,"href":"https:\/\/wordpress.nibis.de\/bgs\/wp-json\/wp\/v2\/pages\/49\/revisions\/2053"}],"up":[{"embeddable":true,"href":"https:\/\/wordpress.nibis.de\/bgs\/wp-json\/wp\/v2\/pages\/27"}],"wp:attachment":[{"href":"https:\/\/wordpress.nibis.de\/bgs\/wp-json\/wp\/v2\/media?parent=49"}],"curies":[{"name":"wp","href":"https:\/\/api.w.org\/{rel}","templated":true}]}}