{"id":52,"date":"2021-09-28T21:01:53","date_gmt":"2021-09-28T19:01:53","guid":{"rendered":"https:\/\/wordpress.nibis.de\/bgs\/?page_id=52"},"modified":"2025-09-04T10:15:16","modified_gmt":"2025-09-04T08:15:16","slug":"konzepte","status":"publish","type":"page","link":"https:\/\/wordpress.nibis.de\/bgs\/schule\/konzepte\/","title":{"rendered":"Konzepte"},"content":{"rendered":"\n<p><\/p>\n\n\n\n<div class=\"wp-block-columns is-layout-flex wp-container-core-columns-is-layout-abceabcf wp-block-columns-is-layout-flex\">\n<div class=\"wp-block-column is-layout-flow wp-block-column-is-layout-flow\" style=\"--col-width:66.66%;flex-basis:66.66%\">\n<ul>\n<li><a href=\"https:\/\/wordpress.nibis.de\/bgs\/files\/2022\/03\/Beratungskonzept-Februar-2022.pdf\">Beratungskonzept<\/a><\/li>\n<li><a href=\"https:\/\/wordpress.nibis.de\/bgs\/files\/2022\/02\/Beschwerdekonzept-2022.pdf\">Beschwerdekonzept<\/a><\/li>\n<li><a href=\"https:\/\/wordpress.nibis.de\/bgs\/files\/2023\/01\/Foerder-und-Forderkonzept-2022neu.pdf\">F\u00f6rder- und Forderkonzept<\/a><\/li>\n<li><a href=\"https:\/\/wordpress.nibis.de\/bgs\/files\/2022\/02\/Gewaltpra\u0308ventionsmassnahmen-Februar-2022.pdf\">Gewaltpra\u0308ventionsma\u00dfnahmen<\/a><\/li>\n<li><a href=\"https:\/\/wordpress.nibis.de\/bgs\/files\/2022\/02\/Grundsaetze-zum-Umgang-mit-Hausaufgaben-2022.pdf\">Grunds\u00e4tze zum Umgang mit Hausaufgaben<\/a><\/li>\n<li><a href=\"https:\/\/wordpress.nibis.de\/bgs\/files\/2025\/02\/Hygieneplan-Brueder-Grimm-Schule-Stand-Mai-2023.pdf\">Hygieneplan Br\u00fcder-Grimm-Schule Stand Mai 2023<\/a><\/li>\n<li><a href=\"https:\/\/wordpress.nibis.de\/bgs\/files\/2025\/05\/Konzept-Schulsozialarbeit-Februar-2025.pdf\">Konzept Schulsozialarbeit Februar 2025<\/a><\/li>\n<li><a href=\"https:\/\/wordpress.nibis.de\/bgs\/files\/2022\/02\/Konzept-zum-Umgang-mit-Absentismus-Februar-2022.pdf\">Konzept zum Umgang mit Absentismus<\/a><\/li>\n<li><a href=\"https:\/\/wordpress.nibis.de\/bgs\/files\/2022\/02\/Konzept-zur-Wahl-eines-Klassensprechers-Februar-2022.pdf\">Konzept zur Wahl eines Klassensprechers<\/a><\/li>\n<li><a href=\"https:\/\/wordpress.nibis.de\/bgs\/files\/2022\/02\/Lob-und-Kritik.docx.pdf\">Lob und Kritik<\/a><\/li>\n<li><a href=\"https:\/\/wordpress.nibis.de\/bgs\/files\/2022\/02\/Medienkonzept-2022.pdf\">Medienkonzept<\/a><\/li>\n<li><a href=\"https:\/\/wordpress.nibis.de\/bgs\/files\/2022\/03\/Methodenkonzept-Februar-2022.pdf\">Methodenkonzept<\/a><\/li>\n<li><a href=\"https:\/\/wordpress.nibis.de\/bgs\/files\/2022\/03\/Mobilita\u0308t-und-Verkehrserziehung-Februar-2022.pdf\">Mobilit\u00e4t und Verkehrserziehung<\/a><\/li>\n<li>Schulhundkonzept<\/li>\n<li><a href=\"https:\/\/wordpress.nibis.de\/bgs\/files\/2025\/09\/Schulordnung_BGS.pdf\">Schulordnung<\/a><\/li>\n<li><a href=\"https:\/\/wordpress.nibis.de\/bgs\/files\/2022\/02\/Sicherheitskonzept-und-Krisenmanagement-2022.docx.pdf\">Sicherheitskonzept und Krisenmanagement<\/a><\/li>\n<li><a href=\"https:\/\/wordpress.nibis.de\/bgs\/files\/2022\/02\/Soziales-Lernen-und-Handeln-2022.docx.pdf\">Soziales Lernen und Handeln<\/a><\/li>\n<li><a href=\"https:\/\/wordpress.nibis.de\/bgs\/files\/2022\/02\/Sportkonzept-2022.docx.pdf\">Sportkonzept<\/a><\/li>\n<li><a href=\"https:\/\/wordpress.nibis.de\/bgs\/files\/2022\/02\/Sprachfo\u0308rderkonzept-Deutsch-als-Zweitsprache-an-der-BGS-Letter-Februar-2022.pdf\">Sprachfo\u0308rderkonzept Deutsch als Zweitsprache an der BGS Letter<\/a><\/li>\n<\/ul>\n<\/div>\n\n\n\n<div class=\"wp-block-column is-layout-flow wp-block-column-is-layout-flow\" style=\"--col-width:33.33%;flex-basis:33.33%\">\n<figure class=\"wp-block-image size-large is-style-tw-rounded-corners\"><img loading=\"lazy\" decoding=\"async\" width=\"600\" height=\"675\" src=\"https:\/\/wordpress.nibis.de\/bgs\/files\/2025\/05\/Buecherei1-600x675.jpg\" alt=\"\" class=\"wp-image-2144\" \/><\/figure>\n\n\n\n<figure class=\"wp-block-image size-large is-style-tw-rounded-corners\"><img loading=\"lazy\" decoding=\"async\" width=\"600\" height=\"675\" src=\"https:\/\/wordpress.nibis.de\/bgs\/files\/2025\/05\/Buecherei2-600x675.jpg\" alt=\"\" class=\"wp-image-2146\" \/><\/figure>\n<\/div>\n<\/div>\n","protected":false},"excerpt":{"rendered":"<p>Beratungskonzept Beschwerdekonzept F\u00f6rder- und Forderkonzept Gewaltpra\u0308ventionsma\u00dfnahmen Grunds\u00e4tze zum Umgang mit Hausaufgaben Hygieneplan Br\u00fcder-Grimm-Schule Stand Mai 2023 Konzept Schulsozialarbeit Februar 2025 Konzept zum Umgang mit Absentismus &hellip; <\/p>\n","protected":false},"author":9193811,"featured_media":0,"parent":27,"menu_order":5,"comment_status":"closed","ping_status":"closed","template":"","meta":{"footnotes":""},"class_list":["post-52","page","type-page","status-publish","hentry"],"_links":{"self":[{"href":"https:\/\/wordpress.nibis.de\/bgs\/wp-json\/wp\/v2\/pages\/52","targetHints":{"allow":["GET"]}}],"collection":[{"href":"https:\/\/wordpress.nibis.de\/bgs\/wp-json\/wp\/v2\/pages"}],"about":[{"href":"https:\/\/wordpress.nibis.de\/bgs\/wp-json\/wp\/v2\/types\/page"}],"author":[{"embeddable":true,"href":"https:\/\/wordpress.nibis.de\/bgs\/wp-json\/wp\/v2\/users\/9193811"}],"replies":[{"embeddable":true,"href":"https:\/\/wordpress.nibis.de\/bgs\/wp-json\/wp\/v2\/comments?post=52"}],"version-history":[{"count":19,"href":"https:\/\/wordpress.nibis.de\/bgs\/wp-json\/wp\/v2\/pages\/52\/revisions"}],"predecessor-version":[{"id":2283,"href":"https:\/\/wordpress.nibis.de\/bgs\/wp-json\/wp\/v2\/pages\/52\/revisions\/2283"}],"up":[{"embeddable":true,"href":"https:\/\/wordpress.nibis.de\/bgs\/wp-json\/wp\/v2\/pages\/27"}],"wp:attachment":[{"href":"https:\/\/wordpress.nibis.de\/bgs\/wp-json\/wp\/v2\/media?parent=52"}],"curies":[{"name":"wp","href":"https:\/\/api.w.org\/{rel}","templated":true}]}}