{"id":63,"date":"2021-10-04T20:05:58","date_gmt":"2021-10-04T18:05:58","guid":{"rendered":"https:\/\/wordpress.nibis.de\/bgs\/?page_id=63"},"modified":"2024-11-07T11:24:20","modified_gmt":"2024-11-07T10:24:20","slug":"lernen-zu-hause","status":"publish","type":"page","link":"https:\/\/wordpress.nibis.de\/bgs\/unterricht\/lernen-zu-hause\/","title":{"rendered":"Lernen zu Hause"},"content":{"rendered":"\n<p>Inzwischen gibt es sehr viele Internetseiten, die f\u00fcr Kinder und nat\u00fcrlich deren Eltern interessant sein k\u00f6nnten. Hier ist eine Auflistung: Zuerst allgemeine Links zum Lernen f\u00fcr zu Hause. Weiter unten finden Sie Links nach F\u00e4chern sortiert. Diese Auflistung ist bereits recht umfangreich, aber sicherlich nicht vollst\u00e4ndig. Viel Spa\u00df beim Entdecken \ud83d\ude42<\/p>\n\n\n\n<p><strong>Allgemein<\/strong><\/p>\n\n\n\n<p><a href=\"https:\/\/www.schlaukopf.de\">https:\/\/www.schlaukopf.de<\/a><\/p>\n\n\n\n<p><a href=\"https:\/\/online-lernen.levrai.de\">https:\/\/online-lernen.levrai.de<\/a><\/p>\n\n\n\n<p><a href=\"https:\/\/www.zdf.de\/kinder\">https:\/\/www.zdf.de\/kinder<\/a><\/p>\n\n\n\n<p><a href=\"https:\/\/anton.app\/de\/\">https:\/\/anton.app\/de\/<\/a><\/p>\n\n\n\n<p><a href=\"https:\/\/schooltogo.de\/\">https:\/\/schooltogo.de\/<\/a><\/p>\n\n\n\n<p><a href=\"https:\/\/www.wdrmaus.de\/\">https:\/\/www.wdrmaus.de\/<\/a><\/p>\n\n\n\n<p><a href=\"https:\/\/www.lehrer-schmidt.de\/\">https:\/\/www.lehrer-schmidt.de\/<\/a><\/p>\n\n\n\n<p><a href=\"https:\/\/www.hamsterkiste.de\/\">https:\/\/www.hamsterkiste.de\/<\/a><\/p>\n\n\n\n<p><a href=\"https:\/\/www.meine-forscherwelt.de\/intro\/start.html\">https:\/\/www.meine-forscherwelt.de\/intro\/start.html<\/a><\/p>\n\n\n\n<p><a href=\"https:\/\/kinder.wdr.de\/tv\/wissen-macht-ah\/index.html\">https:\/\/kinder.wdr.de\/tv\/wissen-macht-ah\/index.html<\/a><\/p>\n\n\n\n<p><a href=\"https:\/\/www.ndr.de\/nachrichten\/info\/sendungen\/mikado\/index.html\">https:\/\/www.ndr.de\/nachrichten\/info\/sendungen\/mikado\/index.html<\/a><\/p>\n\n\n\n<p><a href=\"https:\/\/www.wasistwas.de\/home.html\">https:\/\/www.wasistwas.de\/home.html<\/a><\/p>\n\n\n\n<p><a href=\"https:\/\/www.ardaudiothek.de\/spannung-und-wissen-fuer-kinder-ab-6\/73000508\/alle\">https:\/\/www.ardaudiothek.de\/spannung-und-wissen-fuer-kinder-ab-6\/73000508\/alle<\/a><\/p>\n\n\n\n<p><a href=\"https:\/\/www.br.de\/alphalernen\/neu-portal-alpha-lernen-100.html\">https:\/\/www.br.de\/alphalernen\/neu-portal-alpha-lernen-100.html<\/a><\/p>\n\n\n\n<p><a href=\"https:\/\/www.daserste.de\/specials\/service\/schule-daheim-lernangebote-schueler-corona-krise100.html\">https:\/\/www.daserste.de\/specials\/service\/schule-daheim-lernangebote-schueler-corona-krise100.html<\/a><\/p>\n\n\n\n<p><a href=\"https:\/\/www.grundschulkoenig.de\">https:\/\/www.grundschulkoenig.de<\/a><\/p>\n\n\n\n<p><a href=\"https:\/\/www.geo.de\/geolino\/mensch\/22742-rtkl-medizin-fragen-und-antworten-zum-corona-virus\">https:\/\/www.geo.de\/geolino\/mensch\/22742-rtkl-medizin-fragen-und-antworten-zum-corona-virus<\/a><\/p>\n\n\n\n<p><strong>Deutsch<\/strong><\/p>\n\n\n\n<p><a href=\"https:\/\/nibis.de\/gratis-lesestoff-die-klopapierkrise_13676\">https:\/\/nibis.de\/gratis-lesestoff-die-klopapierkrise_13676<\/a><\/p>\n\n\n\n<p><a href=\"https:\/\/lesejule.de\/index.html#kontakt\">https:\/\/lesejule.de\/index.html#kontakt<\/a><\/p>\n\n\n\n<p><a href=\"https:\/\/www.stiftunglesen.de\/aktionen\/vorlesen-corona\/\">https:\/\/www.stiftunglesen.de\/aktionen\/vorlesen-corona\/<\/a><\/p>\n\n\n\n<p><a href=\"https:\/\/alf-hannover.de\/corona\">https:\/\/alf-hannover.de\/corona<\/a><\/p>\n\n\n\n<p><strong>Mathe<\/strong><\/p>\n\n\n\n<p><a href=\"https:\/\/pikas.dzlm.de\/material-pik\/haus-1-entdecken-beschreiben-begr%C3%BCnden\/haus-1-informationsmaterial\/elterntipps\">https:\/\/pikas.dzlm.de\/material-pik\/haus-1-entdecken-beschreiben-begr%C3%BCnden\/haus-1-informationsmaterial\/elterntipps<\/a><\/p>\n\n\n\n<p><strong>Kunst<\/strong><\/p>\n\n\n\n<p><a href=\"https:\/\/www.artsetc.de\/post\/home-art-ideen-to-go\">https:\/\/www.artsetc.de\/post\/home-art-ideen-to-go<\/a><\/p>\n\n\n\n<p><strong>Sport \/ Bewegung<\/strong><\/p>\n\n\n\n<p><a href=\"https:\/\/www.youtube.com\/watch?v=9VksXI81VmISport\">https:\/\/www.youtube.com\/watch?v=9VksXI81VmISport<\/a><\/p>\n\n\n\n<p><a href=\"https:\/\/www.youtube.com\/user\/SportClubPotsdam\/videos\">https:\/\/www.youtube.com\/user\/SportClubPotsdam\/videos<\/a><\/p>\n\n\n\n<p><a href=\"https:\/\/www.youtube.com\/user\/dhfkhandball\">https:\/\/www.youtube.com\/user\/dhfkhandball<\/a><\/p>\n\n\n\n<p><strong>Englisch<\/strong><\/p>\n\n\n\n<p><a href=\"https:\/\/learnenglishkids.britishcouncil.org\/\">https:\/\/learnenglishkids.britishcouncil.org\/<\/a><\/p>\n\n\n\n<p><strong>Nachrichten f\u00fcr Kinder<\/strong><\/p>\n\n\n\n<p><a href=\"https:\/\/www.arte.tv\/de\/videos\/aktuelles-und-gesellschaft\/junior\/\">https:\/\/www.arte.tv\/de\/videos\/aktuelles-und-gesellschaft\/junior\/<\/a><\/p>\n\n\n\n<p><strong>Unterst\u00fctzung f\u00fcr Familien<\/strong><\/p>\n\n\n\n<p><a href=\"http:\/\/bgs.seelze-schulen.de\/images\/stories\/bgs\/Corona\/Informationen_f\u00fcr_Erziehungsberechtigte-1.pdf\">Informationen f\u00fcr Erziehungsberechtigte w\u00e4hrend der Corona-Krise<\/a><\/p>\n\n\n\n<p><a href=\"https:\/\/familienportal.de\/familienportal\/familienleistungen\/corona\/finanzielle-hilfen\">https:\/\/familienportal.de\/familienportal\/familienleistungen\/corona\/finanzielle-hilfen<\/a><\/p>\n","protected":false},"excerpt":{"rendered":"<p>Inzwischen gibt es sehr viele Internetseiten, die f\u00fcr Kinder und nat\u00fcrlich deren Eltern interessant sein k\u00f6nnten. Hier ist eine Auflistung: Zuerst allgemeine Links zum Lernen &hellip; <\/p>\n","protected":false},"author":9193811,"featured_media":0,"parent":31,"menu_order":2,"comment_status":"closed","ping_status":"closed","template":"","meta":{"footnotes":""},"class_list":["post-63","page","type-page","status-publish","hentry"],"_links":{"self":[{"href":"https:\/\/wordpress.nibis.de\/bgs\/wp-json\/wp\/v2\/pages\/63","targetHints":{"allow":["GET"]}}],"collection":[{"href":"https:\/\/wordpress.nibis.de\/bgs\/wp-json\/wp\/v2\/pages"}],"about":[{"href":"https:\/\/wordpress.nibis.de\/bgs\/wp-json\/wp\/v2\/types\/page"}],"author":[{"embeddable":true,"href":"https:\/\/wordpress.nibis.de\/bgs\/wp-json\/wp\/v2\/users\/9193811"}],"replies":[{"embeddable":true,"href":"https:\/\/wordpress.nibis.de\/bgs\/wp-json\/wp\/v2\/comments?post=63"}],"version-history":[{"count":9,"href":"https:\/\/wordpress.nibis.de\/bgs\/wp-json\/wp\/v2\/pages\/63\/revisions"}],"predecessor-version":[{"id":1940,"href":"https:\/\/wordpress.nibis.de\/bgs\/wp-json\/wp\/v2\/pages\/63\/revisions\/1940"}],"up":[{"embeddable":true,"href":"https:\/\/wordpress.nibis.de\/bgs\/wp-json\/wp\/v2\/pages\/31"}],"wp:attachment":[{"href":"https:\/\/wordpress.nibis.de\/bgs\/wp-json\/wp\/v2\/media?parent=63"}],"curies":[{"name":"wp","href":"https:\/\/api.w.org\/{rel}","templated":true}]}}